{"id":13262,"date":"2011-10-25T15:53:25","date_gmt":"2011-10-25T13:53:25","guid":{"rendered":"http:\/\/www.denkfried.de\/wp\/?page_id=13262"},"modified":"2015-12-27T21:23:30","modified_gmt":"2015-12-27T20:23:30","slug":"steglitz-stadtischer-friedhof","status":"publish","type":"page","link":"http:\/\/www.denkfried.de\/wp\/?page_id=13262","title":{"rendered":"Steglitz &#8211; St\u00e4dtischer Friedhof"},"content":{"rendered":"<p>&nbsp;<\/p>\n<p><strong>Berlin-<\/strong><strong>Steglitz\u00a0<\/strong>St\u00e4dtischer Friedhof in der Bergstra\u00dfe<\/p>\n<p>Bericht und Bilder von Thomas\u00a0<a href=\"http:\/\/g-bb.jimdo.com\/\">Gefallenendenkm\u00e4ler Berlin\/Brandenburg<\/a><\/p>\n<div id='gallery-1' class='gallery galleryid-13262 gallery-columns-3 gallery-size-thumbnail'><dl class='gallery-item'>\n\t\t\t<dt class='gallery-icon landscape'>\n\t\t\t\t<a href='http:\/\/www.denkfried.de\/wp\/?attachment_id=13270'><img loading=\"lazy\" decoding=\"async\" width=\"150\" height=\"150\" src=\"http:\/\/www.denkfried.de\/wp\/wp-content\/uploads\/2011\/10\/Flakartillerie-Bild-2-150x150.jpg\" class=\"attachment-thumbnail size-thumbnail\" alt=\"\" \/><\/a>\n\t\t\t<\/dt><\/dl><dl class='gallery-item'>\n\t\t\t<dt class='gallery-icon landscape'>\n\t\t\t\t<a href='http:\/\/www.denkfried.de\/wp\/?attachment_id=13271'><img loading=\"lazy\" decoding=\"async\" width=\"150\" height=\"150\" src=\"http:\/\/www.denkfried.de\/wp\/wp-content\/uploads\/2011\/10\/Gedenkstein-12-WK-Bild-2-150x150.jpg\" class=\"attachment-thumbnail size-thumbnail\" alt=\"\" \/><\/a>\n\t\t\t<\/dt><\/dl><dl class='gallery-item'>\n\t\t\t<dt class='gallery-icon landscape'>\n\t\t\t\t<a href='http:\/\/www.denkfried.de\/wp\/?attachment_id=13267'><img loading=\"lazy\" decoding=\"async\" width=\"150\" height=\"150\" src=\"http:\/\/www.denkfried.de\/wp\/wp-content\/uploads\/2011\/10\/Ehrenfeld-1-2-WK-Bild-21-150x150.jpg\" class=\"attachment-thumbnail size-thumbnail\" alt=\"\" \/><\/a>\n\t\t\t<\/dt><\/dl><br style=\"clear: both\" \/><dl class='gallery-item'>\n\t\t\t<dt class='gallery-icon landscape'>\n\t\t\t\t<a href='http:\/\/www.denkfried.de\/wp\/?attachment_id=36326'><img loading=\"lazy\" decoding=\"async\" width=\"150\" height=\"150\" src=\"http:\/\/www.denkfried.de\/wp\/wp-content\/uploads\/2011\/10\/Berlin-Steglitz-Ehrenmal-Wasserturm-150x150.jpg\" class=\"attachment-thumbnail size-thumbnail\" alt=\"\" \/><\/a>\n\t\t\t<\/dt><\/dl><dl class='gallery-item'>\n\t\t\t<dt class='gallery-icon portrait'>\n\t\t\t\t<a href='http:\/\/www.denkfried.de\/wp\/?attachment_id=36179'><img loading=\"lazy\" decoding=\"async\" width=\"150\" height=\"150\" src=\"http:\/\/www.denkfried.de\/wp\/wp-content\/uploads\/2011\/10\/Berlin-Steglitz-Wasserturm-Denkmal-150x150.jpg\" class=\"attachment-thumbnail size-thumbnail\" alt=\"\" \/><\/a>\n\t\t\t<\/dt><\/dl><dl class='gallery-item'>\n\t\t\t<dt class='gallery-icon landscape'>\n\t\t\t\t<a href='http:\/\/www.denkfried.de\/wp\/?attachment_id=36178'><img loading=\"lazy\" decoding=\"async\" width=\"150\" height=\"150\" src=\"http:\/\/www.denkfried.de\/wp\/wp-content\/uploads\/2011\/10\/Berlin-Steglitz-Kriegsopfer-Sammelgrab-150x150.jpg\" class=\"attachment-thumbnail size-thumbnail\" alt=\"\" \/><\/a>\n\t\t\t<\/dt><\/dl><br style=\"clear: both\" \/><dl class='gallery-item'>\n\t\t\t<dt class='gallery-icon landscape'>\n\t\t\t\t<a href='http:\/\/www.denkfried.de\/wp\/?attachment_id=13266'><img loading=\"lazy\" decoding=\"async\" width=\"150\" height=\"150\" src=\"http:\/\/www.denkfried.de\/wp\/wp-content\/uploads\/2011\/10\/Ehrenfeld-1-u-2-WK-Bild-1-150x150.jpg\" class=\"attachment-thumbnail size-thumbnail\" alt=\"\" \/><\/a>\n\t\t\t<\/dt><\/dl><dl class='gallery-item'>\n\t\t\t<dt class='gallery-icon portrait'>\n\t\t\t\t<a href='http:\/\/www.denkfried.de\/wp\/?attachment_id=13269'><img loading=\"lazy\" decoding=\"async\" width=\"150\" height=\"150\" src=\"http:\/\/www.denkfried.de\/wp\/wp-content\/uploads\/2011\/10\/Ehrenmal-12-WK-Bild-3-150x150.jpg\" class=\"attachment-thumbnail size-thumbnail\" alt=\"\" \/><\/a>\n\t\t\t<\/dt><\/dl><dl class='gallery-item'>\n\t\t\t<dt class='gallery-icon landscape'>\n\t\t\t\t<a href='http:\/\/www.denkfried.de\/wp\/?attachment_id=13268'><img loading=\"lazy\" decoding=\"async\" width=\"150\" height=\"150\" src=\"http:\/\/www.denkfried.de\/wp\/wp-content\/uploads\/2011\/10\/Ehrenfeld-2-2-WK-Bild-21-150x150.jpg\" class=\"attachment-thumbnail size-thumbnail\" alt=\"\" \/><\/a>\n\t\t\t<\/dt><\/dl><br style=\"clear: both\" \/>\n\t\t<\/div>\n\n<p><span style=\"text-decoration: underline;\"><strong>Denkm\u00e4ler<\/strong><\/span><\/p>\n<p>Auf dem Friedhof gibt es eine Gedenkanlage, vor einer Rasenfl\u00e4che steht ein Felsstein\u00a0mit folgender\u00a0Aufschrift:<\/p>\n<address style=\"text-align: center;\"><em><strong>Dem Andenken unserer Steglitzer Mitb\u00fcrger <\/strong><\/em><\/address>\n<address style=\"text-align: center;\"><em><strong>1914-1918 \u00a0 \u00a0 1939-1945<\/strong><\/em><\/address>\n<address style=\"text-align: center;\">\u00a0<\/address>\n<p>Dem gegen\u00fcber steht ein Ehrenmal f\u00fcr die Gefallenen der Flakartillerie. Auf eine Betonstele ist ein bronzener Bogensch\u00fctze. Es wurde am 29. September 1957 von \u00fcberlebenden Kameraden\u00a0Errichtet. Am Denkmal ist folgende Inschrift:<\/p>\n<address style=\"text-align: center;\"><em><strong>Den Gefallenen der Flakartillerie<\/strong><\/em><\/address>\n<address style=\"text-align: center;\"><em><strong>1914 &#8211; 1918<\/strong><\/em><\/address>\n<address style=\"text-align: center;\"><em><strong>1939 &#8211; 1945<\/strong><\/em><\/address>\n<address style=\"text-align: center;\">\u00a0<\/address>\n<p><strong>Wasserturm<\/strong>, der 42 Meter hohe Turm wurde von Hans Heinrich M\u00fcller von\u00a01915-1919 errichtet. Die &#8222;Rauhen Berge&#8220; einst genannt wurden sp\u00e4ter erst in den Friedhof erschlossen. Ab 1935 begann der Umbau zu einem\u00a0<span style=\"color: #252525;\">\u201eEhrenmal f\u00fcr die Gefallenen des 1. Weltkriegs und der Bewegung\u201c. Schon 1936 konnte es als Denkmal Eingeweiht werden. 1941 gab es durch ein Luftangriff einen Brand in der Ehrenhalle, 1943 wurde bei einem weiteren Luftangriff der Wasserbeh\u00e4lter zerst\u00f6rt. 1945 war der Abbruch der zerst\u00f6rten Ehrenhalle. A<\/span>b 2000: Nutzung des Wasserturms als Verlagsgeb\u00e4ude des medizinischen Verlags A.T.I. GmbH (Herausgeber des\u00a0<i>Arznei-Telegramms<\/i>)<\/p>\n<p>Quelle: Wikipedia.de<\/p>\n<p><span style=\"text-decoration: underline;\"><strong>Kriegsgr\u00e4ber<\/strong><\/span><\/p>\n<p>Auf dem Friedhof gibt es zwei gro\u00dfe Anlagen mit Kriegsopfern aus beiden Weltkriegen. Bei meinem Besuch 2010 gab es noch eine kleine Anlage, am Treppenaufgang zum Wasserturm. Diese Gr\u00e4ber sind\u00a0wahrscheinlich zu den gr\u00f6\u00dferen Anlagen umgebettet worden. Am Rand der Abteilung 41 gibt es noch eine Reihe mit Kriegsgr\u00e4bern.<\/p>\n<p>In der Abteilung 42 befindet sich ein Denkmal am Fu\u00df der Anlage. Zu Sehen ist hier ein Pferd am Grab, darunter sind die Kriegsjahre der beiden Weltkriege eingraviert. Vor diesem Denkmal wurde nun noch ein Sammelgrab erg\u00e4nzt, bei meinem Besuch 2010 waren nur die Einzelgr\u00e4ber hinter dem Denkmal vorhanden. Am Sammelgrab ist folgende Inschrift zu lesen:<\/p>\n<address style=\"text-align: center;\"><em><strong>Hier ruhen Opfer<\/strong><\/em><\/address>\n<address style=\"text-align: center;\"><em><strong>von Krieg und Gewaltherrschaft<\/strong><\/em><\/address>\n<address style=\"text-align: center;\">\u00a0<\/address>\n<p>Im Sammelgrab ruhen noch 3 Unbekannte Frauen und 23 Unbekannte M\u00e4nner.<\/p>\n<p>Es konnten noch einige private Gr\u00e4ber und Gedenken Dokumentiert werden. Die Namen werden in die Datenbanken eingepflegt.<\/p>\n","protected":false},"excerpt":{"rendered":"<p>&nbsp; Berlin-Steglitz\u00a0St\u00e4dtischer Friedhof in der Bergstra\u00dfe Bericht und Bilder von Thomas\u00a0Gefallenendenkm\u00e4ler Berlin\/Brandenburg Denkm\u00e4ler Auf dem Friedhof gibt es eine Gedenkanlage, vor einer Rasenfl\u00e4che steht ein Felsstein\u00a0mit folgender\u00a0Aufschrift: Dem Andenken unserer Steglitzer Mitb\u00fcrger 1914-1918 \u00a0 \u00a0 1939-1945 \u00a0 Dem gegen\u00fcber steht &hellip; <a href=\"http:\/\/www.denkfried.de\/wp\/?page_id=13262\">Weiterlesen <span class=\"meta-nav\">&rarr;<\/span><\/a><\/p>\n","protected":false},"author":9,"featured_media":0,"parent":15594,"menu_order":0,"comment_status":"closed","ping_status":"open","template":"","meta":{"footnotes":""},"class_list":["post-13262","page","type-page","status-publish","hentry"],"_links":{"self":[{"href":"http:\/\/www.denkfried.de\/wp\/index.php?rest_route=\/wp\/v2\/pages\/13262","targetHints":{"allow":["GET"]}}],"collection":[{"href":"http:\/\/www.denkfried.de\/wp\/index.php?rest_route=\/wp\/v2\/pages"}],"about":[{"href":"http:\/\/www.denkfried.de\/wp\/index.php?rest_route=\/wp\/v2\/types\/page"}],"author":[{"embeddable":true,"href":"http:\/\/www.denkfried.de\/wp\/index.php?rest_route=\/wp\/v2\/users\/9"}],"replies":[{"embeddable":true,"href":"http:\/\/www.denkfried.de\/wp\/index.php?rest_route=%2Fwp%2Fv2%2Fcomments&post=13262"}],"version-history":[{"count":38,"href":"http:\/\/www.denkfried.de\/wp\/index.php?rest_route=\/wp\/v2\/pages\/13262\/revisions"}],"predecessor-version":[{"id":39989,"href":"http:\/\/www.denkfried.de\/wp\/index.php?rest_route=\/wp\/v2\/pages\/13262\/revisions\/39989"}],"up":[{"embeddable":true,"href":"http:\/\/www.denkfried.de\/wp\/index.php?rest_route=\/wp\/v2\/pages\/15594"}],"wp:attachment":[{"href":"http:\/\/www.denkfried.de\/wp\/index.php?rest_route=%2Fwp%2Fv2%2Fmedia&parent=13262"}],"curies":[{"name":"wp","href":"https:\/\/api.w.org\/{rel}","templated":true}]}}