{"id":13253,"date":"2011-10-25T15:44:46","date_gmt":"2011-10-25T13:44:46","guid":{"rendered":"http:\/\/www.denkfried.de\/wp\/?page_id=13253"},"modified":"2015-12-27T21:34:56","modified_gmt":"2015-12-27T20:34:56","slug":"zehlendorf-gedenktafeln","status":"publish","type":"page","link":"http:\/\/www.denkfried.de\/wp\/?page_id=13253","title":{"rendered":"Zehlendorf &#8211; Gedenktafeln"},"content":{"rendered":"<p>&nbsp;<\/p>\n<p><strong>Berlin-Zehlendorf Gedenktafeln<\/strong><\/p>\n<p>Bericht und Bilder von Thomas\u00a0<a href=\"http:\/\/g-bb.jimdo.com\/\">Gefallenendenkm\u00e4ler Berlin\/Brandenburg<\/a><\/p>\n<div id='gallery-1' class='gallery galleryid-13253 gallery-columns-4 gallery-size-thumbnail'><dl class='gallery-item'>\n\t\t\t<dt class='gallery-icon landscape'>\n\t\t\t\t<a href='http:\/\/www.denkfried.de\/wp\/?attachment_id=34094'><img loading=\"lazy\" decoding=\"async\" width=\"150\" height=\"150\" src=\"http:\/\/www.denkfried.de\/wp\/wp-content\/uploads\/2011\/10\/Berlin-Zehlendorf-Gedenktafel-150x150.jpg\" class=\"attachment-thumbnail size-thumbnail\" alt=\"\" aria-describedby=\"gallery-1-34094\" \/><\/a>\n\t\t\t<\/dt>\n\t\t\t\t<dd class='wp-caption-text gallery-caption' id='gallery-1-34094'>\n\t\t\t\tHerz-Jesu Kirche\n\t\t\t\t<\/dd><\/dl><dl class='gallery-item'>\n\t\t\t<dt class='gallery-icon landscape'>\n\t\t\t\t<a href='http:\/\/www.denkfried.de\/wp\/?attachment_id=34095'><img loading=\"lazy\" decoding=\"async\" width=\"150\" height=\"150\" src=\"http:\/\/www.denkfried.de\/wp\/wp-content\/uploads\/2011\/10\/Gedenktafel-Berlin-Herz-Jesu-Kirche-150x150.jpg\" class=\"attachment-thumbnail size-thumbnail\" alt=\"\" aria-describedby=\"gallery-1-34095\" \/><\/a>\n\t\t\t<\/dt>\n\t\t\t\t<dd class='wp-caption-text gallery-caption' id='gallery-1-34095'>\n\t\t\t\tHerz-Jesu Kirche\n\t\t\t\t<\/dd><\/dl><dl class='gallery-item'>\n\t\t\t<dt class='gallery-icon landscape'>\n\t\t\t\t<a href='http:\/\/www.denkfried.de\/wp\/?attachment_id=34084'><img loading=\"lazy\" decoding=\"async\" width=\"150\" height=\"150\" src=\"http:\/\/www.denkfried.de\/wp\/wp-content\/uploads\/2011\/10\/Berlin-Zehlendorf-Sch\u00fctzengilde-Ehrentafel-Gedenktafel-Weltkrieg-2-150x150.jpg\" class=\"attachment-thumbnail size-thumbnail\" alt=\"\" aria-describedby=\"gallery-1-34084\" \/><\/a>\n\t\t\t<\/dt>\n\t\t\t\t<dd class='wp-caption-text gallery-caption' id='gallery-1-34084'>\n\t\t\t\tSch\u00fctzengilde\n\t\t\t\t<\/dd><\/dl><dl class='gallery-item'>\n\t\t\t<dt class='gallery-icon portrait'>\n\t\t\t\t<a href='http:\/\/www.denkfried.de\/wp\/?attachment_id=34083'><img loading=\"lazy\" decoding=\"async\" width=\"150\" height=\"150\" src=\"http:\/\/www.denkfried.de\/wp\/wp-content\/uploads\/2011\/10\/Berlin-Zehlendorf-Sch\u00fctzengilde-Ehrentafel-Gedenktafel-Weltkrieg-150x150.jpg\" class=\"attachment-thumbnail size-thumbnail\" alt=\"\" aria-describedby=\"gallery-1-34083\" \/><\/a>\n\t\t\t<\/dt>\n\t\t\t\t<dd class='wp-caption-text gallery-caption' id='gallery-1-34083'>\n\t\t\t\tSch\u00fctzengilde\n\t\t\t\t<\/dd><\/dl><br style=\"clear: both\" \/><dl class='gallery-item'>\n\t\t\t<dt class='gallery-icon portrait'>\n\t\t\t\t<a href='http:\/\/www.denkfried.de\/wp\/?attachment_id=13256'><img loading=\"lazy\" decoding=\"async\" width=\"150\" height=\"150\" src=\"http:\/\/www.denkfried.de\/wp\/wp-content\/uploads\/2011\/10\/DSCF12392-150x150.jpg\" class=\"attachment-thumbnail size-thumbnail\" alt=\"\" aria-describedby=\"gallery-1-13256\" \/><\/a>\n\t\t\t<\/dt>\n\t\t\t\t<dd class='wp-caption-text gallery-caption' id='gallery-1-13256'>\n\t\t\t\tBeucke-Gymnasium\n\t\t\t\t<\/dd><\/dl><dl class='gallery-item'>\n\t\t\t<dt class='gallery-icon landscape'>\n\t\t\t\t<a href='http:\/\/www.denkfried.de\/wp\/?attachment_id=13255'><img loading=\"lazy\" decoding=\"async\" width=\"150\" height=\"150\" src=\"http:\/\/www.denkfried.de\/wp\/wp-content\/uploads\/2011\/10\/DSCF1237-150x150.jpg\" class=\"attachment-thumbnail size-thumbnail\" alt=\"\" aria-describedby=\"gallery-1-13255\" \/><\/a>\n\t\t\t<\/dt>\n\t\t\t\t<dd class='wp-caption-text gallery-caption' id='gallery-1-13255'>\n\t\t\t\tSchadow-Gymnasium\n\t\t\t\t<\/dd><\/dl><dl class='gallery-item'>\n\t\t\t<dt class='gallery-icon landscape'>\n\t\t\t\t<a href='http:\/\/www.denkfried.de\/wp\/?attachment_id=13257'><img loading=\"lazy\" decoding=\"async\" width=\"150\" height=\"150\" src=\"http:\/\/www.denkfried.de\/wp\/wp-content\/uploads\/2011\/10\/Gedenktafel-Weltkriege-150x150.jpg\" class=\"attachment-thumbnail size-thumbnail\" alt=\"\" aria-describedby=\"gallery-1-13257\" \/><\/a>\n\t\t\t<\/dt>\n\t\t\t\t<dd class='wp-caption-text gallery-caption' id='gallery-1-13257'>\n\t\t\t\tBezirksamt Zehlendorf\n\t\t\t\t<\/dd><\/dl><dl class='gallery-item'>\n\t\t\t<dt class='gallery-icon landscape'>\n\t\t\t\t<a href='http:\/\/www.denkfried.de\/wp\/?attachment_id=38701'><img loading=\"lazy\" decoding=\"async\" width=\"150\" height=\"150\" src=\"http:\/\/www.denkfried.de\/wp\/wp-content\/uploads\/2011\/10\/EhrentafelHertha03Zehlendorf-150x150.jpg\" class=\"attachment-thumbnail size-thumbnail\" alt=\"\" aria-describedby=\"gallery-1-38701\" \/><\/a>\n\t\t\t<\/dt>\n\t\t\t\t<dd class='wp-caption-text gallery-caption' id='gallery-1-38701'>\n\t\t\t\tHertha 03 Zehlend.\n\t\t\t\t<\/dd><\/dl><br style=\"clear: both\" \/>\n\t\t<\/div>\n\n<p><span style=\"text-decoration: underline;\"><strong>Gedenktafel<\/strong>\u00a0in der Herz-Jesu Kirche<\/span><\/p>\n<address style=\"text-align: center;\"><em><strong>Zum Gedenken der Opfer des Krieges 1914-1918<\/strong><\/em><\/address>\n<address style=\"text-align: center;\"><em><strong>Der Opfer des Krieges 1939-1945<\/strong><\/em><\/address>\n<address style=\"text-align: center;\">\u00a0<\/address>\n<address style=\"text-align: center;\"><em><strong>Der Opfer ungerechter Gewalt . Unter Ihnen aus unserer Gemeinde<\/strong><\/em><\/address>\n<address style=\"text-align: center;\"><em><strong>Kaplan Herbert Simoleit, Hingerichtet am 13. Nov. 1944 in Halle<\/strong><\/em><\/address>\n<address style=\"text-align: center;\">\u00a0<\/address>\n<p><span style=\"text-decoration: underline;\"><strong>Gedenktafel<\/strong> Sch\u00fctzengilde, Onkel-Tom-Str. 42<\/span><\/p>\n<p>Im Sch\u00fctzenhaus an der Schie\u00dfanlage, gibt es eine Gedenktafel f\u00fcr drei im ersten Weltkrieg gefallenen der Gilde. Die Gedenktafel wurde am 18. November 1925 enth\u00fcllt, sie ist in einem Schaukasten. \u00dcber und unter den Namen, ist folgende Inschrift:<\/p>\n<address style=\"text-align: center;\"><em><strong>Ihren im Weltkriege<\/strong><\/em><\/address>\n<address style=\"text-align: center;\"><em><strong>gefallenen Kameraden<\/strong><\/em><\/address>\n<p style=\"text-align: center;\"><em><strong>Die Zehlendorfer Sch\u00fctzengilde<\/strong><\/em><\/p>\n<p><span style=\"text-decoration: underline;\"><strong>Gedenktafel<\/strong>\u00a0im Beucke-Gymnasium, Beuckestra\u00dfe<\/span><\/p>\n<address style=\"text-align: center;\"><em><strong>1914-1918<\/strong><\/em><\/address>\n<address style=\"text-align: center;\"><em><strong>Dulce et decorum est pro patria mori<\/strong><\/em><\/address>\n<address style=\"text-align: center;\"><em>(S\u00fc\u00df und ehrenvoll ist es, f\u00fcrs Vaterland zu sterben.)<\/em><\/address>\n<p style=\"text-align: center;\"><em><strong>Ihr Ged\u00e4chtnis bleibe in Ehren!<\/strong><\/em><strong><a href=\"http:\/\/www.denkfried.de\/wp\/wp-content\/uploads\/2012\/01\/Namensliste-Beuckegym.html\"><br \/>\n<\/a><\/strong><\/p>\n<p><span style=\"text-decoration: underline;\"><strong>Gedenktafel<\/strong>\u00a0im Schadow-Gymnasium, Beuckestra\u00dfe<\/span><\/p>\n<p>In der Aula befindet sich eine Gedenktafel f\u00fcr die in den beiden Weltkriegen gefallenen Lehrer und Sch\u00fcler.<\/p>\n<address style=\"text-align: center;\"><strong>Zum Gedenken an die Toten unsere Schulen<\/strong><\/address>\n<address style=\"text-align: center;\"><strong>1914-1918 \u00a0 \u00a0\u00a0 1939-1945<\/strong><\/address>\n<address style=\"text-align: center;\"><strong>Die Vereine Ehem. Zehlendorfer<\/strong><\/address>\n<address style=\"text-align: center;\"><strong>Gymnasiasten u. Oberrealsch\u00fcler<\/strong><\/address>\n<address style=\"text-align: center;\">\u00a0<\/address>\n<p style=\"text-align: left;\">\u00a0<span style=\"text-decoration: underline;\"><strong>Gedenktafel<\/strong>\u00a0im Bezirksamt, Kirchstra\u00dfe<\/span><\/p>\n<address style=\"text-align: center;\">\u00a0<\/address>\n<address style=\"text-align: center;\"><strong><em>Gedenket der Toten \u00a0aus unseren Kreise<\/em><\/strong><\/address>\n<address style=\"text-align: center;\"><strong><em>1914-1918 \u00a0 1939-1945<\/em><\/strong><\/address>\n<address style=\"text-align: center;\"><strong><em>Bezirksamt Zehlendorf von Berlin<\/em><\/strong><\/address>\n<address style=\"text-align: center;\">\u00a0<\/address>\n<p style=\"text-align: left;\"><span style=\"text-decoration: underline;\"><strong>Gedenktafel\u00a0<\/strong>vom F.C. Hertha 03 Zehlendorf, Onkel-Tom-Stra\u00dfe<\/span><\/p>\n<p style=\"text-align: left;\">Im Vereinsgeb\u00e4ude gab es einmal eine Gedenktafel f\u00fcr die Toten des Ersten Weltkrieges. Oben ist ein Helmrelief, darunter sind nach dem Todesjahr geordnet 25 Namen verzeichnet. Desweiteren gibt es folgende Inschrift:<\/p>\n<p style=\"text-align: center;\"><em><strong>Ihren im Weltkriege gefallenen Clubkameraden<\/strong><\/em><\/p>\n<p style=\"text-align: center;\"><em><strong>Fussballclub Hertha 03 E.V. Berlin-Zehlendorf<\/strong><\/em><\/p>\n<p style=\"text-align: left;\"><span style=\"text-decoration: underline;\"><strong>Gedenktafeln<\/strong> der Paulus-Kirchengemeinde.<\/span><\/p>\n<p style=\"text-align: left;\">Im Gemeindehaus befinden sich zwei Gedenktafeln, diese hingen einst in der Pauluskirche.<\/p>\n<p style=\"text-align: left;\">Die Namen werden in die Datenbank eingepflegt<\/p>\n","protected":false},"excerpt":{"rendered":"<p>&nbsp; Berlin-Zehlendorf Gedenktafeln Bericht und Bilder von Thomas\u00a0Gefallenendenkm\u00e4ler Berlin\/Brandenburg Gedenktafel\u00a0in der Herz-Jesu Kirche Zum Gedenken der Opfer des Krieges 1914-1918 Der Opfer des Krieges 1939-1945 \u00a0 Der Opfer ungerechter Gewalt . Unter Ihnen aus unserer Gemeinde Kaplan Herbert Simoleit, Hingerichtet &hellip; <a href=\"http:\/\/www.denkfried.de\/wp\/?page_id=13253\">Weiterlesen <span class=\"meta-nav\">&rarr;<\/span><\/a><\/p>\n","protected":false},"author":9,"featured_media":0,"parent":15547,"menu_order":0,"comment_status":"closed","ping_status":"open","template":"","meta":{"footnotes":""},"class_list":["post-13253","page","type-page","status-publish","hentry"],"_links":{"self":[{"href":"http:\/\/www.denkfried.de\/wp\/index.php?rest_route=\/wp\/v2\/pages\/13253","targetHints":{"allow":["GET"]}}],"collection":[{"href":"http:\/\/www.denkfried.de\/wp\/index.php?rest_route=\/wp\/v2\/pages"}],"about":[{"href":"http:\/\/www.denkfried.de\/wp\/index.php?rest_route=\/wp\/v2\/types\/page"}],"author":[{"embeddable":true,"href":"http:\/\/www.denkfried.de\/wp\/index.php?rest_route=\/wp\/v2\/users\/9"}],"replies":[{"embeddable":true,"href":"http:\/\/www.denkfried.de\/wp\/index.php?rest_route=%2Fwp%2Fv2%2Fcomments&post=13253"}],"version-history":[{"count":37,"href":"http:\/\/www.denkfried.de\/wp\/index.php?rest_route=\/wp\/v2\/pages\/13253\/revisions"}],"predecessor-version":[{"id":39999,"href":"http:\/\/www.denkfried.de\/wp\/index.php?rest_route=\/wp\/v2\/pages\/13253\/revisions\/39999"}],"up":[{"embeddable":true,"href":"http:\/\/www.denkfried.de\/wp\/index.php?rest_route=\/wp\/v2\/pages\/15547"}],"wp:attachment":[{"href":"http:\/\/www.denkfried.de\/wp\/index.php?rest_route=%2Fwp%2Fv2%2Fmedia&parent=13253"}],"curies":[{"name":"wp","href":"https:\/\/api.w.org\/{rel}","templated":true}]}}