{"id":13235,"date":"2011-10-25T15:10:48","date_gmt":"2011-10-25T13:10:48","guid":{"rendered":"http:\/\/www.denkfried.de\/wp\/?page_id=13235"},"modified":"2015-12-27T20:40:26","modified_gmt":"2015-12-27T19:40:26","slug":"dahlem-denkmaler","status":"publish","type":"page","link":"http:\/\/www.denkfried.de\/wp\/?page_id=13235","title":{"rendered":"Dahlem \/ Denkm\u00e4ler"},"content":{"rendered":"<p>&nbsp;<\/p>\n<p><strong>Berlin-Dahlem <\/strong>Denkm\u00e4ler<\/p>\n<p>Bericht und Bilder von Thomas\u00a0<a href=\"http:\/\/g-bb.jimdo.com\/\">Gefallenendenkm\u00e4ler Berlin\/Brandenburg<\/a><\/p>\n<div id='gallery-1' class='gallery galleryid-13235 gallery-columns-4 gallery-size-thumbnail'><dl class='gallery-item'>\n\t\t\t<dt class='gallery-icon portrait'>\n\t\t\t\t<a href='http:\/\/www.denkfried.de\/wp\/?attachment_id=26793'><img loading=\"lazy\" decoding=\"async\" width=\"150\" height=\"150\" src=\"http:\/\/www.denkfried.de\/wp\/wp-content\/uploads\/2011\/10\/Dahlem-berlin-kriegerdenkmal-150x150.jpg\" class=\"attachment-thumbnail size-thumbnail\" alt=\"\" \/><\/a>\n\t\t\t<\/dt><\/dl><dl class='gallery-item'>\n\t\t\t<dt class='gallery-icon landscape'>\n\t\t\t\t<a href='http:\/\/www.denkfried.de\/wp\/?attachment_id=13239'><img loading=\"lazy\" decoding=\"async\" width=\"150\" height=\"150\" src=\"http:\/\/www.denkfried.de\/wp\/wp-content\/uploads\/2011\/10\/DSCF0089-150x150.jpg\" class=\"attachment-thumbnail size-thumbnail\" alt=\"\" \/><\/a>\n\t\t\t<\/dt><\/dl><dl class='gallery-item'>\n\t\t\t<dt class='gallery-icon portrait'>\n\t\t\t\t<a href='http:\/\/www.denkfried.de\/wp\/?attachment_id=13241'><img loading=\"lazy\" decoding=\"async\" width=\"150\" height=\"150\" src=\"http:\/\/www.denkfried.de\/wp\/wp-content\/uploads\/2011\/10\/DSCF0091-150x150.jpg\" class=\"attachment-thumbnail size-thumbnail\" alt=\"\" \/><\/a>\n\t\t\t<\/dt><\/dl><dl class='gallery-item'>\n\t\t\t<dt class='gallery-icon portrait'>\n\t\t\t\t<a href='http:\/\/www.denkfried.de\/wp\/?attachment_id=13240'><img loading=\"lazy\" decoding=\"async\" width=\"150\" height=\"150\" src=\"http:\/\/www.denkfried.de\/wp\/wp-content\/uploads\/2011\/10\/DSCF0090-150x150.jpg\" class=\"attachment-thumbnail size-thumbnail\" alt=\"\" \/><\/a>\n\t\t\t<\/dt><\/dl><br style=\"clear: both\" \/><dl class='gallery-item'>\n\t\t\t<dt class='gallery-icon portrait'>\n\t\t\t\t<a href='http:\/\/www.denkfried.de\/wp\/?attachment_id=13246'><img loading=\"lazy\" decoding=\"async\" width=\"150\" height=\"150\" src=\"http:\/\/www.denkfried.de\/wp\/wp-content\/uploads\/2011\/10\/DSCF0096-150x150.jpg\" class=\"attachment-thumbnail size-thumbnail\" alt=\"\" \/><\/a>\n\t\t\t<\/dt><\/dl><dl class='gallery-item'>\n\t\t\t<dt class='gallery-icon landscape'>\n\t\t\t\t<a href='http:\/\/www.denkfried.de\/wp\/?attachment_id=13245'><img loading=\"lazy\" decoding=\"async\" width=\"150\" height=\"150\" src=\"http:\/\/www.denkfried.de\/wp\/wp-content\/uploads\/2011\/10\/DSCF0095-150x150.jpg\" class=\"attachment-thumbnail size-thumbnail\" alt=\"\" \/><\/a>\n\t\t\t<\/dt><\/dl><dl class='gallery-item'>\n\t\t\t<dt class='gallery-icon portrait'>\n\t\t\t\t<a href='http:\/\/www.denkfried.de\/wp\/?attachment_id=13244'><img loading=\"lazy\" decoding=\"async\" width=\"150\" height=\"150\" src=\"http:\/\/www.denkfried.de\/wp\/wp-content\/uploads\/2011\/10\/DSCF0094-150x150.jpg\" class=\"attachment-thumbnail size-thumbnail\" alt=\"\" \/><\/a>\n\t\t\t<\/dt><\/dl><dl class='gallery-item'>\n\t\t\t<dt class='gallery-icon portrait'>\n\t\t\t\t<a href='http:\/\/www.denkfried.de\/wp\/?attachment_id=13243'><img loading=\"lazy\" decoding=\"async\" width=\"150\" height=\"150\" src=\"http:\/\/www.denkfried.de\/wp\/wp-content\/uploads\/2011\/10\/DSCF0093-150x150.jpg\" class=\"attachment-thumbnail size-thumbnail\" alt=\"\" \/><\/a>\n\t\t\t<\/dt><\/dl><br style=\"clear: both\" \/>\n\t\t<\/div>\n\n<p><span style=\"text-decoration: underline;\"><strong>Denkmal 1914-1918<\/strong><\/span><\/p>\n<p>Ein Denkmal f\u00fcr die\u00a0131\u00a0Gefallenen des Ersten Weltkrieges steht auf dem Dorfanger.\u00a0Es steht Ecke Pacelliallee\/K\u00f6nigin Luise Stra\u00dfe. Es wurde\u00a0von Hermann Hosaeus im Jahr 1926 errichtet. Eingeweiht wurde es am 18. September 1927.<\/p>\n<p style=\"text-align: center;\"><span style=\"color: #000000;\"><strong>Deutschlands Freiheit soll beschworen werden als ein Bund den nur der Eidbruch st\u00f6rt seht wir Toten recken aus der Erden Gr\u00e4berkreuze-Opferkreuze da\u00df ihr darauf schw\u00f6rt<\/strong><\/span><\/p>\n<p style=\"text-align: center;\"><span style=\"color: #000000;\"><strong>Seinen gefallenen Kameraden schuf dieses Ehrenmal mit Hilfe von B\u00fcrgern\u00a0Dahlems\u00a0der Kriegerverein 1926<\/strong><\/span><\/p>\n<p><span style=\"text-decoration: underline;\"><strong>Denkmal Weltkriege<\/strong><\/span><\/p>\n<p>In der Clayallee \/ Im Jagen steht ein Denkmal f\u00fcr gefallener beider Weltkriege. Ein Stand ein Krieger aus Bronze auf den Felsen.<\/p>\n<p style=\"text-align: center;\"><strong>Den gefallenen Helden des Garde-Sch\u00fctzen Batallion<\/strong><br \/>\n<strong>1914-1918 \u00a0 \u00a0 \u00a01939-1945<\/strong><\/p>\n<p>Angaben gibt es von Gefallenen am Denkmal<\/p>\n<p>80 Offiziere<br \/>\n306 &#8230;.<br \/>\n2100&#8230;.<\/p>\n","protected":false},"excerpt":{"rendered":"<p>&nbsp; Berlin-Dahlem Denkm\u00e4ler Bericht und Bilder von Thomas\u00a0Gefallenendenkm\u00e4ler Berlin\/Brandenburg Denkmal 1914-1918 Ein Denkmal f\u00fcr die\u00a0131\u00a0Gefallenen des Ersten Weltkrieges steht auf dem Dorfanger.\u00a0Es steht Ecke Pacelliallee\/K\u00f6nigin Luise Stra\u00dfe. Es wurde\u00a0von Hermann Hosaeus im Jahr 1926 errichtet. Eingeweiht wurde es am 18. &hellip; <a href=\"http:\/\/www.denkfried.de\/wp\/?page_id=13235\">Weiterlesen <span class=\"meta-nav\">&rarr;<\/span><\/a><\/p>\n","protected":false},"author":9,"featured_media":0,"parent":15556,"menu_order":0,"comment_status":"closed","ping_status":"open","template":"","meta":{"footnotes":""},"class_list":["post-13235","page","type-page","status-publish","hentry"],"_links":{"self":[{"href":"http:\/\/www.denkfried.de\/wp\/index.php?rest_route=\/wp\/v2\/pages\/13235","targetHints":{"allow":["GET"]}}],"collection":[{"href":"http:\/\/www.denkfried.de\/wp\/index.php?rest_route=\/wp\/v2\/pages"}],"about":[{"href":"http:\/\/www.denkfried.de\/wp\/index.php?rest_route=\/wp\/v2\/types\/page"}],"author":[{"embeddable":true,"href":"http:\/\/www.denkfried.de\/wp\/index.php?rest_route=\/wp\/v2\/users\/9"}],"replies":[{"embeddable":true,"href":"http:\/\/www.denkfried.de\/wp\/index.php?rest_route=%2Fwp%2Fv2%2Fcomments&post=13235"}],"version-history":[{"count":15,"href":"http:\/\/www.denkfried.de\/wp\/index.php?rest_route=\/wp\/v2\/pages\/13235\/revisions"}],"predecessor-version":[{"id":39955,"href":"http:\/\/www.denkfried.de\/wp\/index.php?rest_route=\/wp\/v2\/pages\/13235\/revisions\/39955"}],"up":[{"embeddable":true,"href":"http:\/\/www.denkfried.de\/wp\/index.php?rest_route=\/wp\/v2\/pages\/15556"}],"wp:attachment":[{"href":"http:\/\/www.denkfried.de\/wp\/index.php?rest_route=%2Fwp%2Fv2%2Fmedia&parent=13235"}],"curies":[{"name":"wp","href":"https:\/\/api.w.org\/{rel}","templated":true}]}}