{"id":13036,"date":"2011-10-23T22:46:55","date_gmt":"2011-10-23T20:46:55","guid":{"rendered":"http:\/\/www.denkfried.de\/wp\/?page_id=13036"},"modified":"2015-12-27T21:28:31","modified_gmt":"2015-12-27T20:28:31","slug":"wannsee","status":"publish","type":"page","link":"http:\/\/www.denkfried.de\/wp\/?page_id=13036","title":{"rendered":"Wannsee &#8211; Denkm\u00e4ler"},"content":{"rendered":"<p>&nbsp;<\/p>\n<p><strong>14109 Wannsee<\/strong><\/p>\n<p>Bericht und Bilder von Thomas\u00a0<a href=\"http:\/\/g-bb.jimdo.com\/\">Gefallenendenkm\u00e4ler Berlin\/Brandenburg<\/a><\/p>\n<div id='gallery-1' class='gallery galleryid-13036 gallery-columns-3 gallery-size-thumbnail'><dl class='gallery-item'>\n\t\t\t<dt class='gallery-icon landscape'>\n\t\t\t\t<a href='http:\/\/www.denkfried.de\/wp\/?attachment_id=39775'><img loading=\"lazy\" decoding=\"async\" width=\"150\" height=\"150\" src=\"http:\/\/www.denkfried.de\/wp\/wp-content\/uploads\/2011\/10\/Wannsee_Berlin_Loewendenkmal-150x150.jpg\" class=\"attachment-thumbnail size-thumbnail\" alt=\"\" aria-describedby=\"gallery-1-39775\" \/><\/a>\n\t\t\t<\/dt>\n\t\t\t\t<dd class='wp-caption-text gallery-caption' id='gallery-1-39775'>\n\t\t\t\t1864\n\t\t\t\t<\/dd><\/dl><dl class='gallery-item'>\n\t\t\t<dt class='gallery-icon landscape'>\n\t\t\t\t<a href='http:\/\/www.denkfried.de\/wp\/?attachment_id=15849'><img loading=\"lazy\" decoding=\"async\" width=\"150\" height=\"150\" src=\"http:\/\/www.denkfried.de\/wp\/wp-content\/uploads\/2011\/10\/DSCF13381-150x150.jpg\" class=\"attachment-thumbnail size-thumbnail\" alt=\"\" aria-describedby=\"gallery-1-15849\" \/><\/a>\n\t\t\t<\/dt>\n\t\t\t\t<dd class='wp-caption-text gallery-caption' id='gallery-1-15849'>\n\t\t\t\t1864\n\t\t\t\t<\/dd><\/dl><dl class='gallery-item'>\n\t\t\t<dt class='gallery-icon landscape'>\n\t\t\t\t<a href='http:\/\/www.denkfried.de\/wp\/?attachment_id=15850'><img loading=\"lazy\" decoding=\"async\" width=\"150\" height=\"150\" src=\"http:\/\/www.denkfried.de\/wp\/wp-content\/uploads\/2011\/10\/DSCF1336-150x150.jpg\" class=\"attachment-thumbnail size-thumbnail\" alt=\"\" aria-describedby=\"gallery-1-15850\" \/><\/a>\n\t\t\t<\/dt>\n\t\t\t\t<dd class='wp-caption-text gallery-caption' id='gallery-1-15850'>\n\t\t\t\t1864\n\t\t\t\t<\/dd><\/dl><br style=\"clear: both\" \/><dl class='gallery-item'>\n\t\t\t<dt class='gallery-icon landscape'>\n\t\t\t\t<a href='http:\/\/www.denkfried.de\/wp\/?attachment_id=34687'><img loading=\"lazy\" decoding=\"async\" width=\"150\" height=\"150\" src=\"http:\/\/www.denkfried.de\/wp\/wp-content\/uploads\/2011\/10\/Berlin-Wannsee-Bismarckdenkmal-4-150x150.jpg\" class=\"attachment-thumbnail size-thumbnail\" alt=\"\" aria-describedby=\"gallery-1-34687\" \/><\/a>\n\t\t\t<\/dt>\n\t\t\t\t<dd class='wp-caption-text gallery-caption' id='gallery-1-34687'>\n\t\t\t\t1870-71\n\t\t\t\t<\/dd><\/dl><dl class='gallery-item'>\n\t\t\t<dt class='gallery-icon portrait'>\n\t\t\t\t<a href='http:\/\/www.denkfried.de\/wp\/?attachment_id=34686'><img loading=\"lazy\" decoding=\"async\" width=\"150\" height=\"150\" src=\"http:\/\/www.denkfried.de\/wp\/wp-content\/uploads\/2011\/10\/Berlin-Wannsee-Bismarckdenkmal-3-150x150.jpg\" class=\"attachment-thumbnail size-thumbnail\" alt=\"\" aria-describedby=\"gallery-1-34686\" \/><\/a>\n\t\t\t<\/dt>\n\t\t\t\t<dd class='wp-caption-text gallery-caption' id='gallery-1-34686'>\n\t\t\t\t1870-71\n\t\t\t\t<\/dd><\/dl><dl class='gallery-item'>\n\t\t\t<dt class='gallery-icon portrait'>\n\t\t\t\t<a href='http:\/\/www.denkfried.de\/wp\/?attachment_id=34817'><img loading=\"lazy\" decoding=\"async\" width=\"150\" height=\"150\" src=\"http:\/\/www.denkfried.de\/wp\/wp-content\/uploads\/2011\/10\/Berlin-Wannsee-Borussia-Denkmal-2-150x150.jpg\" class=\"attachment-thumbnail size-thumbnail\" alt=\"\" \/><\/a>\n\t\t\t<\/dt><\/dl><br style=\"clear: both\" \/><dl class='gallery-item'>\n\t\t\t<dt class='gallery-icon portrait'>\n\t\t\t\t<a href='http:\/\/www.denkfried.de\/wp\/?attachment_id=34816'><img loading=\"lazy\" decoding=\"async\" width=\"150\" height=\"150\" src=\"http:\/\/www.denkfried.de\/wp\/wp-content\/uploads\/2011\/10\/Berlin-Wannsee-Borussia-Denkmal-150x150.jpg\" class=\"attachment-thumbnail size-thumbnail\" alt=\"\" \/><\/a>\n\t\t\t<\/dt><\/dl><dl class='gallery-item'>\n\t\t\t<dt class='gallery-icon portrait'>\n\t\t\t\t<a href='http:\/\/www.denkfried.de\/wp\/?attachment_id=13051'><img loading=\"lazy\" decoding=\"async\" width=\"150\" height=\"150\" src=\"http:\/\/www.denkfried.de\/wp\/wp-content\/uploads\/2011\/10\/Ehrentafel-1914-1918-Bild-1-150x150.jpg\" class=\"attachment-thumbnail size-thumbnail\" alt=\"\" aria-describedby=\"gallery-1-13051\" \/><\/a>\n\t\t\t<\/dt>\n\t\t\t\t<dd class='wp-caption-text gallery-caption' id='gallery-1-13051'>\n\t\t\t\tWeltkriege\n\t\t\t\t<\/dd><\/dl><dl class='gallery-item'>\n\t\t\t<dt class='gallery-icon portrait'>\n\t\t\t\t<a href='http:\/\/www.denkfried.de\/wp\/?attachment_id=13052'><img loading=\"lazy\" decoding=\"async\" width=\"150\" height=\"150\" src=\"http:\/\/www.denkfried.de\/wp\/wp-content\/uploads\/2011\/10\/Ehrentafel-1914-1918-Bild-2-150x150.jpg\" class=\"attachment-thumbnail size-thumbnail\" alt=\"\" aria-describedby=\"gallery-1-13052\" \/><\/a>\n\t\t\t<\/dt>\n\t\t\t\t<dd class='wp-caption-text gallery-caption' id='gallery-1-13052'>\n\t\t\t\tWeltkriege\n\t\t\t\t<\/dd><\/dl><br style=\"clear: both\" \/>\n\t\t<\/div>\n\n<p><span style=\"text-decoration: underline;\"><strong>Denkmal 1864<\/strong><\/span> &#8211; Flensburger L\u00f6we<\/p>\n<h3>Der Flensburger L\u00f6we in der Berliner Villenkolonie Alsen<\/h3>\n<p>1863 gr\u00fcndete der Berliner Bankier Wilhelm Conrad am Westufer des Wannsees die Villenkolonie Alsen, die sich zu einer der ersten Adressen f\u00fcr verm\u00f6genden Berliner entwickelte. Im Jahr 1873 benannte Conrad die Kolonie nach der Insel Alsen. Er wollte so an die d\u00e4nische Kapitulation von 1864 erinnern. Dazu passte der im Berliner Zeughaus stehende Flensburger L\u00f6we als Wahrzeichen f\u00fcr die Kolonie. Conrad lie\u00df eine Kopie des riesigen Monuments anfertigen. Die wurde dann im Bergpark der Kolonie aufgestellt.<\/p>\n<p>Mit der Verdichtung der Bebauung in der Kolonie Alsen wurde es um den L\u00f6wen eng und das Gel\u00e4nde verwilderte. 1923 wurde die Stadt Berlin Eigent\u00fcmer des Flensburger L\u00f6wen. 1938 beschwerte sich der d\u00e4nische Botschafter \u00fcber die ungepflegte Umgebung des L\u00f6wen. Danach wurde die Plastik samt Sockel an ihren heutigen Standort Heckeshorn am Westufer des Gro\u00dfen Wannsees umgesetzt. Da war noch nicht absehbar, dass die benachbarte Villa Marlier Am 20. Januar 1942 zu dem Ort der\u00a0Wannseekonferenz\u00a0wurde, auf der die organisatorischen Probleme bei der von den nationalsozialistischen Machthabern l\u00e4ngst beschlossenen \u201eEndl\u00f6sung der Judenfrage\u201c ausger\u00e4umt wurden.<\/p>\n<p>2005 wurde die Berliner Kopie des Flensburger L\u00f6wen umfassend saniert. Dabei wurde auch ein neuer Schwanz nach dem Original hergestellt. Und neue Schinkel-Leuchten tauchen den Flensburger L\u00f6wen in der Dunkelheit ins rechte Licht.<\/p>\n<p><span style=\"text-decoration: underline;\"><strong>Denkmal 1870-71<\/strong><\/span><\/p>\n<p>&nbsp;<\/p>\n<p><span style=\"text-decoration: underline;\"><strong>Denkmal 1914-1918<\/strong><\/span>\u00a0am Ruderclub,\u00a0Scabellstra\u00dfe 8<\/p>\n<p><strong>1914-1918\u00a0<\/strong>Am Beginn des Ersten Weltkrieges meldete sich fast die H\u00e4lfte der Mitglieder freiwillig zum Kriegsdienst. Insgesamt fielen 33 Mitglieder w\u00e4hrend des Krieges.<\/p>\n<p><strong>1939-1945\u00a0<\/strong>W\u00e4hrend des Zweiten Weltkriegs sind ca. 90 Mitglieder gefallen oder verstorben.<\/p>\n<address style=\"text-align: center;\"><em><strong>Zum Ged\u00e4chtnis unsere gefallenen Helden<\/strong><\/em><\/address>\n<address style=\"text-align: center;\"><em><strong>1914-1918<\/strong><\/em><\/address>\n<address style=\"text-align: center;\">\u00a0<\/address>\n<address style=\"text-align: center;\"><em><strong>Unseren Opfern des 2. Weltkrieges<\/strong><\/em><\/address>\n<address style=\"text-align: center;\"><em><strong>zum Ehrenden Gedenken<\/strong><\/em><\/address>\n<address style=\"text-align: center;\">\u00a0<\/address>\n<ul>\n<li><strong><a href=\"http:\/\/www.denkfried.de\/wp\/wp-content\/uploads\/2011\/10\/Wannsee_Ruderclub.html\">Namensliste<\/a><\/strong><\/li>\n<\/ul>\n","protected":false},"excerpt":{"rendered":"<p>&nbsp; 14109 Wannsee Bericht und Bilder von Thomas\u00a0Gefallenendenkm\u00e4ler Berlin\/Brandenburg Denkmal 1864 &#8211; Flensburger L\u00f6we Der Flensburger L\u00f6we in der Berliner Villenkolonie Alsen 1863 gr\u00fcndete der Berliner Bankier Wilhelm Conrad am Westufer des Wannsees die Villenkolonie Alsen, die sich zu einer &hellip; <a href=\"http:\/\/www.denkfried.de\/wp\/?page_id=13036\">Weiterlesen <span class=\"meta-nav\">&rarr;<\/span><\/a><\/p>\n","protected":false},"author":9,"featured_media":0,"parent":15586,"menu_order":0,"comment_status":"closed","ping_status":"open","template":"","meta":{"footnotes":""},"class_list":["post-13036","page","type-page","status-publish","hentry"],"_links":{"self":[{"href":"http:\/\/www.denkfried.de\/wp\/index.php?rest_route=\/wp\/v2\/pages\/13036","targetHints":{"allow":["GET"]}}],"collection":[{"href":"http:\/\/www.denkfried.de\/wp\/index.php?rest_route=\/wp\/v2\/pages"}],"about":[{"href":"http:\/\/www.denkfried.de\/wp\/index.php?rest_route=\/wp\/v2\/types\/page"}],"author":[{"embeddable":true,"href":"http:\/\/www.denkfried.de\/wp\/index.php?rest_route=\/wp\/v2\/users\/9"}],"replies":[{"embeddable":true,"href":"http:\/\/www.denkfried.de\/wp\/index.php?rest_route=%2Fwp%2Fv2%2Fcomments&post=13036"}],"version-history":[{"count":27,"href":"http:\/\/www.denkfried.de\/wp\/index.php?rest_route=\/wp\/v2\/pages\/13036\/revisions"}],"predecessor-version":[{"id":39993,"href":"http:\/\/www.denkfried.de\/wp\/index.php?rest_route=\/wp\/v2\/pages\/13036\/revisions\/39993"}],"up":[{"embeddable":true,"href":"http:\/\/www.denkfried.de\/wp\/index.php?rest_route=\/wp\/v2\/pages\/15586"}],"wp:attachment":[{"href":"http:\/\/www.denkfried.de\/wp\/index.php?rest_route=%2Fwp%2Fv2%2Fmedia&parent=13036"}],"curies":[{"name":"wp","href":"https:\/\/api.w.org\/{rel}","templated":true}]}}