{"id":130,"date":"2011-03-30T18:11:24","date_gmt":"2011-03-30T18:11:24","guid":{"rendered":"http:\/\/www.bilderstapel.de\/test\/wp\/?page_id=130"},"modified":"2011-07-03T21:32:31","modified_gmt":"2011-07-03T19:32:31","slug":"afrika","status":"publish","type":"page","link":"http:\/\/www.denkfried.de\/wp\/?page_id=130","title":{"rendered":"AFRIKA"},"content":{"rendered":"<p>Afrika ist mit dem ihm zugerechneten Inseln und Inselgruppen der  zweitgr\u00f6\u00dfte Erdteil. Als Vergleich: fast 3-mal so gro\u00df wie Europa.  Afrika ist im Norden vom Mittelmeer, im Westen vom Atlantik, im Osten  vom Indischen Ozean und dem Roten Meer umgeben. Der afrikanische Erdteil  ist nur wenig gegliedert; er hat weniger Inseln und Halbinseln als alle  anderen Kontinente. Die weitgehend unbesiedelte Sahara trennt das zum  Mittelmeerraum geh\u00f6rende Nordafrika vom s\u00fcdlich gelegenen Schwarzafrika.<\/p>\n<p>Afrika war in beiden Weltkriegen Schauplatz heftiger K\u00e4mpfe zwischen deutschen und alliierten Streitkr\u00e4ften.<br \/>\nIm  ersten Weltkrieg fanden die K\u00e4mpfe haupts\u00e4chlich in West- und Ostafrika  statt.Da sich die K\u00e4mpfe teilweise auch auf belgischen und  portugiesischen Besitzungen abspielte sind auch dort die Grablagen zu  finden.<br \/>\nD.h., britische, italienische und Gemeindefriedh\u00f6fe die sich  in folgenden L\u00e4ndern befinden:  \u00c4thiopien,Angola,Benin,Burundi,Ghana,Kamerun,Kenia,  Kongo,Madagaskar,Malawi,Mosambik,Namibia,Nigeria,Ruanda,\u00a0  Sambia,Senegal,Sierra Leone,Simbabwe,S\u00fcdafrika,Tansania,Togo und Zaire.<\/p>\n<p>W\u00e4hrend  des Zweiten Weltkrieges greift Deutschland 1941 zur Unterst\u00fctzung  seines Verb\u00fcndeten Italien in die K\u00e4mpfe um Nordafrika ein.  (Afrikakorps) Ziel dieser K\u00e4mpfe sind, Gro\u00dfritannien den f\u00fcr sie so  wichtigen Seeweg nach dem Fernen Osten abzuschneiden. Das Zentrum der  K\u00e4mpfe ist zun\u00e4chst Tobruk in Lybien und der schnelle Vosto\u00df au El  Alamein geht in einen Stellungskrieg \u00fcber. Die viel zu weiten  Versorgungswege bereiten der Deutschen Wehrmacht erhebliche  Schwierigkeiten.<br \/>\nAm 13.05.1943 enden die Kampfhandlungen auf diesem  Kontinent. Von den fast 250.000 k\u00e4mpfenden deutschen Soldaten gehen ca.  130.000 Deutsche in Kriegsgefangenschaft. \u00dcber 20.000 Gefallene sind in 5  L\u00e4ndern Afrikas bestattet.<\/p>\n<p>Die Anzahl der Toten erheben nicht  den Anspruch auf Richtigkeit und Vollst\u00e4ndigkeit. Durch  zwischenzeitliche Bergungen k\u00f6nnen sich die Zahlen st\u00e4ndig \u00e4ndern.<\/p>\n<h2><span style=\"text-decoration: underline;\"><strong>Die L\u00e4nder:<\/strong><\/span><\/h2>\n<p><a title=\"\u00c4gypten\" href=\"http:\/\/www.denkfried.de\/wp\/?page_id=153\">\u00c4gypten<\/a><\/p>\n<p><a title=\"Algerien\" href=\"http:\/\/www.denkfried.de\/wp\/?page_id=212\">Algerien<\/a><\/p>\n<p><a title=\"Libyen\" href=\"http:\/\/www.denkfried.de\/wp\/?page_id=167\">Libyen<\/a><\/p>\n<p><a title=\"Marokko\" href=\"http:\/\/www.denkfried.de\/wp\/?page_id=215\">Marokko<\/a><\/p>\n<p><a title=\"Tunesien\" href=\"http:\/\/www.denkfried.de\/wp\/?page_id=203\">Tunesien<\/a><\/p>\n<p>&nbsp;<\/p>\n","protected":false},"excerpt":{"rendered":"<p>Afrika ist mit dem ihm zugerechneten Inseln und Inselgruppen der zweitgr\u00f6\u00dfte Erdteil. Als Vergleich: fast 3-mal so gro\u00df wie Europa. Afrika ist im Norden vom Mittelmeer, im Westen vom Atlantik, im Osten vom Indischen Ozean und dem Roten Meer umgeben. &hellip; <a href=\"http:\/\/www.denkfried.de\/wp\/?page_id=130\">Weiterlesen <span class=\"meta-nav\">&rarr;<\/span><\/a><\/p>\n","protected":false},"author":2,"featured_media":0,"parent":0,"menu_order":0,"comment_status":"open","ping_status":"closed","template":"","meta":{"footnotes":""},"class_list":["post-130","page","type-page","status-publish","hentry"],"_links":{"self":[{"href":"http:\/\/www.denkfried.de\/wp\/index.php?rest_route=\/wp\/v2\/pages\/130","targetHints":{"allow":["GET"]}}],"collection":[{"href":"http:\/\/www.denkfried.de\/wp\/index.php?rest_route=\/wp\/v2\/pages"}],"about":[{"href":"http:\/\/www.denkfried.de\/wp\/index.php?rest_route=\/wp\/v2\/types\/page"}],"author":[{"embeddable":true,"href":"http:\/\/www.denkfried.de\/wp\/index.php?rest_route=\/wp\/v2\/users\/2"}],"replies":[{"embeddable":true,"href":"http:\/\/www.denkfried.de\/wp\/index.php?rest_route=%2Fwp%2Fv2%2Fcomments&post=130"}],"version-history":[{"count":11,"href":"http:\/\/www.denkfried.de\/wp\/index.php?rest_route=\/wp\/v2\/pages\/130\/revisions"}],"predecessor-version":[{"id":9004,"href":"http:\/\/www.denkfried.de\/wp\/index.php?rest_route=\/wp\/v2\/pages\/130\/revisions\/9004"}],"wp:attachment":[{"href":"http:\/\/www.denkfried.de\/wp\/index.php?rest_route=%2Fwp%2Fv2%2Fmedia&parent=130"}],"curies":[{"name":"wp","href":"https:\/\/api.w.org\/{rel}","templated":true}]}}