{"id":12993,"date":"2011-10-23T22:04:29","date_gmt":"2011-10-23T20:04:29","guid":{"rendered":"http:\/\/www.denkfried.de\/wp\/?page_id=12993"},"modified":"2015-11-28T18:11:38","modified_gmt":"2015-11-28T17:11:38","slug":"bohmischer-gottesacker","status":"publish","type":"page","link":"http:\/\/www.denkfried.de\/wp\/?page_id=12993","title":{"rendered":"B\u00f6hmische Gottesacker"},"content":{"rendered":"<p>&nbsp;<\/p>\n<p><strong>Der B\u00f6hmische Gottesacker<\/strong> ist ein 1751 angelegter Friedhof im Ortsteil Neuk\u00f6lln (fr\u00fcher Rixdorf)<\/p>\n<p>Bericht und Bilder von Thomas\u00a0<a href=\"http:\/\/g-bb.jimdo.com\/\">Gefallenendenkm\u00e4ler Berlin\/Brandenburg<\/a><\/p>\n<div id='gallery-1' class='gallery galleryid-12993 gallery-columns-3 gallery-size-thumbnail'><dl class='gallery-item'>\n\t\t\t<dt class='gallery-icon landscape'>\n\t\t\t\t<a href='http:\/\/www.denkfried.de\/wp\/?attachment_id=13000'><img loading=\"lazy\" decoding=\"async\" width=\"150\" height=\"150\" src=\"http:\/\/www.denkfried.de\/wp\/wp-content\/uploads\/2011\/10\/Gottesacker2-150x150.jpg\" class=\"attachment-thumbnail size-thumbnail\" alt=\"\" \/><\/a>\n\t\t\t<\/dt><\/dl><dl class='gallery-item'>\n\t\t\t<dt class='gallery-icon portrait'>\n\t\t\t\t<a href='http:\/\/www.denkfried.de\/wp\/?attachment_id=13001'><img loading=\"lazy\" decoding=\"async\" width=\"150\" height=\"150\" src=\"http:\/\/www.denkfried.de\/wp\/wp-content\/uploads\/2011\/10\/Gottesacker3-150x150.jpg\" class=\"attachment-thumbnail size-thumbnail\" alt=\"\" \/><\/a>\n\t\t\t<\/dt><\/dl><dl class='gallery-item'>\n\t\t\t<dt class='gallery-icon landscape'>\n\t\t\t\t<a href='http:\/\/www.denkfried.de\/wp\/?attachment_id=13002'><img loading=\"lazy\" decoding=\"async\" width=\"150\" height=\"150\" src=\"http:\/\/www.denkfried.de\/wp\/wp-content\/uploads\/2011\/10\/Gottesacker4-150x150.jpg\" class=\"attachment-thumbnail size-thumbnail\" alt=\"\" \/><\/a>\n\t\t\t<\/dt><\/dl><br style=\"clear: both\" \/><dl class='gallery-item'>\n\t\t\t<dt class='gallery-icon landscape'>\n\t\t\t\t<a href='http:\/\/www.denkfried.de\/wp\/?attachment_id=13003'><img loading=\"lazy\" decoding=\"async\" width=\"150\" height=\"150\" src=\"http:\/\/www.denkfried.de\/wp\/wp-content\/uploads\/2011\/10\/Gottesacker5-150x150.jpg\" class=\"attachment-thumbnail size-thumbnail\" alt=\"\" \/><\/a>\n\t\t\t<\/dt><\/dl><dl class='gallery-item'>\n\t\t\t<dt class='gallery-icon portrait'>\n\t\t\t\t<a href='http:\/\/www.denkfried.de\/wp\/?attachment_id=13004'><img loading=\"lazy\" decoding=\"async\" width=\"150\" height=\"150\" src=\"http:\/\/www.denkfried.de\/wp\/wp-content\/uploads\/2011\/10\/Gottesacker6-150x150.jpg\" class=\"attachment-thumbnail size-thumbnail\" alt=\"\" \/><\/a>\n\t\t\t<\/dt><\/dl>\n\t\t\t<br style='clear: both' \/>\n\t\t<\/div>\n\n<p>Der Friedhof ist 5603 m\u00b2 gro\u00df und wurde urspr\u00fcnglich als<br \/>\nBegr\u00e4bnisplatz der evangelischen Exilanten aus B\u00f6hmen, die in ihrer Heimat aufgrund ihres Glaubens\u00a0vertrieben wurden und sich hier in B\u00f6hmisch-Rixdorf mit der Erlaubnis Friedrich Wilhelms I. niederlie\u00dfen, gegr\u00fcndet.\u00a0Noch heute stellt es den Friedhof der heute als Herrnhuter Br\u00fcdergemeinde Neuk\u00f6lln bezeichneten Gemeinde dar.\u00a0Links am Eingang steht ein Denkmal in Felsform, f\u00fcr die Toten der Weltkriege.<\/p>\n<address style=\"text-align: center;\"><em><strong>Zum Gedenken an unsere Toten<\/strong><\/em><\/address>\n<address style=\"text-align: center;\"><em><strong>1914-1918<\/strong><\/em><\/address>\n<address style=\"text-align: center;\"><em><strong>1939-1945<\/strong><\/em><\/address>\n<address style=\"text-align: center;\">\u00a0<\/address>\n<p>Auf den Friedhof sind verteilt angelegte Kriegsgr\u00e4ber,<br \/>\n60 Kriegstote konnten hier dokumentiert werden, 3 davon blieben Unbekannt.<\/p>\n<ul>\n<li><strong><a href=\"http:\/\/www.denkfried.de\/wp\/wp-content\/uploads\/2011\/10\/Neukoelln_Boehm_Gottesacker.html\">Namensliste<\/a><\/strong><\/li>\n<\/ul>\n<p>&nbsp;<\/p>\n","protected":false},"excerpt":{"rendered":"<p>&nbsp; Der B\u00f6hmische Gottesacker ist ein 1751 angelegter Friedhof im Ortsteil Neuk\u00f6lln (fr\u00fcher Rixdorf) Bericht und Bilder von Thomas\u00a0Gefallenendenkm\u00e4ler Berlin\/Brandenburg Der Friedhof ist 5603 m\u00b2 gro\u00df und wurde urspr\u00fcnglich als Begr\u00e4bnisplatz der evangelischen Exilanten aus B\u00f6hmen, die in ihrer Heimat &hellip; <a href=\"http:\/\/www.denkfried.de\/wp\/?page_id=12993\">Weiterlesen <span class=\"meta-nav\">&rarr;<\/span><\/a><\/p>\n","protected":false},"author":9,"featured_media":0,"parent":19078,"menu_order":0,"comment_status":"closed","ping_status":"open","template":"","meta":{"footnotes":""},"class_list":["post-12993","page","type-page","status-publish","hentry"],"_links":{"self":[{"href":"http:\/\/www.denkfried.de\/wp\/index.php?rest_route=\/wp\/v2\/pages\/12993","targetHints":{"allow":["GET"]}}],"collection":[{"href":"http:\/\/www.denkfried.de\/wp\/index.php?rest_route=\/wp\/v2\/pages"}],"about":[{"href":"http:\/\/www.denkfried.de\/wp\/index.php?rest_route=\/wp\/v2\/types\/page"}],"author":[{"embeddable":true,"href":"http:\/\/www.denkfried.de\/wp\/index.php?rest_route=\/wp\/v2\/users\/9"}],"replies":[{"embeddable":true,"href":"http:\/\/www.denkfried.de\/wp\/index.php?rest_route=%2Fwp%2Fv2%2Fcomments&post=12993"}],"version-history":[{"count":17,"href":"http:\/\/www.denkfried.de\/wp\/index.php?rest_route=\/wp\/v2\/pages\/12993\/revisions"}],"predecessor-version":[{"id":39606,"href":"http:\/\/www.denkfried.de\/wp\/index.php?rest_route=\/wp\/v2\/pages\/12993\/revisions\/39606"}],"up":[{"embeddable":true,"href":"http:\/\/www.denkfried.de\/wp\/index.php?rest_route=\/wp\/v2\/pages\/19078"}],"wp:attachment":[{"href":"http:\/\/www.denkfried.de\/wp\/index.php?rest_route=%2Fwp%2Fv2%2Fmedia&parent=12993"}],"curies":[{"name":"wp","href":"https:\/\/api.w.org\/{rel}","templated":true}]}}