{"id":12948,"date":"2011-10-23T19:02:39","date_gmt":"2011-10-23T17:02:39","guid":{"rendered":"http:\/\/www.denkfried.de\/wp\/?page_id=12948"},"modified":"2015-12-27T20:50:29","modified_gmt":"2015-12-27T19:50:29","slug":"lankwitz","status":"publish","type":"page","link":"http:\/\/www.denkfried.de\/wp\/?page_id=12948","title":{"rendered":"Lankwitz &#8211; Gemeindepark"},"content":{"rendered":"<p>&nbsp;<\/p>\n<p><strong>12247 Berlin-Lankwitz\u00a0<\/strong>Gemeindepark Lankwitz<\/p>\n<p>Bericht und Bilder von Thomas\u00a0<a href=\"http:\/\/g-bb.jimdo.com\/\">Gefallenendenkm\u00e4ler Berlin\/Brandenburg<\/a><\/p>\n<div id='gallery-1' class='gallery galleryid-12948 gallery-columns-3 gallery-size-thumbnail'><dl class='gallery-item'>\n\t\t\t<dt class='gallery-icon landscape'>\n\t\t\t\t<a href='http:\/\/www.denkfried.de\/wp\/?attachment_id=12953'><img loading=\"lazy\" decoding=\"async\" width=\"150\" height=\"150\" src=\"http:\/\/www.denkfried.de\/wp\/wp-content\/uploads\/2011\/10\/Weltkriege-150x150.jpg\" class=\"attachment-thumbnail size-thumbnail\" alt=\"\" \/><\/a>\n\t\t\t<\/dt><\/dl><dl class='gallery-item'>\n\t\t\t<dt class='gallery-icon landscape'>\n\t\t\t\t<a href='http:\/\/www.denkfried.de\/wp\/?attachment_id=12958'><img loading=\"lazy\" decoding=\"async\" width=\"150\" height=\"150\" src=\"http:\/\/www.denkfried.de\/wp\/wp-content\/uploads\/2011\/10\/Weltkriege-9-150x150.jpg\" class=\"attachment-thumbnail size-thumbnail\" alt=\"\" \/><\/a>\n\t\t\t<\/dt><\/dl><dl class='gallery-item'>\n\t\t\t<dt class='gallery-icon landscape'>\n\t\t\t\t<a href='http:\/\/www.denkfried.de\/wp\/?attachment_id=12954'><img loading=\"lazy\" decoding=\"async\" width=\"150\" height=\"150\" src=\"http:\/\/www.denkfried.de\/wp\/wp-content\/uploads\/2011\/10\/Weltkriege-2-150x150.jpg\" class=\"attachment-thumbnail size-thumbnail\" alt=\"\" \/><\/a>\n\t\t\t<\/dt><\/dl><br style=\"clear: both\" \/><dl class='gallery-item'>\n\t\t\t<dt class='gallery-icon landscape'>\n\t\t\t\t<a href='http:\/\/www.denkfried.de\/wp\/?attachment_id=12957'><img loading=\"lazy\" decoding=\"async\" width=\"150\" height=\"150\" src=\"http:\/\/www.denkfried.de\/wp\/wp-content\/uploads\/2011\/10\/Weltkriege-8-150x150.jpg\" class=\"attachment-thumbnail size-thumbnail\" alt=\"\" \/><\/a>\n\t\t\t<\/dt><\/dl><dl class='gallery-item'>\n\t\t\t<dt class='gallery-icon landscape'>\n\t\t\t\t<a href='http:\/\/www.denkfried.de\/wp\/?attachment_id=12956'><img loading=\"lazy\" decoding=\"async\" width=\"150\" height=\"150\" src=\"http:\/\/www.denkfried.de\/wp\/wp-content\/uploads\/2011\/10\/Weltkriege-5-150x150.jpg\" class=\"attachment-thumbnail size-thumbnail\" alt=\"\" \/><\/a>\n\t\t\t<\/dt><\/dl><dl class='gallery-item'>\n\t\t\t<dt class='gallery-icon portrait'>\n\t\t\t\t<a href='http:\/\/www.denkfried.de\/wp\/?attachment_id=12955'><img loading=\"lazy\" decoding=\"async\" width=\"150\" height=\"150\" src=\"http:\/\/www.denkfried.de\/wp\/wp-content\/uploads\/2011\/10\/Weltkriege-4-150x150.jpg\" class=\"attachment-thumbnail size-thumbnail\" alt=\"\" \/><\/a>\n\t\t\t<\/dt><\/dl><br style=\"clear: both\" \/>\n\t\t<\/div>\n\n<p>Im Gemeindepark befindet sich auf einem H\u00fcgel ein Denkmal, im form eines Rundbaus. Es ist f\u00fcr die Gefallenen des Ersten Weltkrieges 1926 von Fritz Freym\u00fcller errichtet. Nach dem\u00a0Zweiten Weltkrieg, wurde es umgewidmet. Das Denkmal ist auch f\u00fcr die Frauen die im Krieg, f\u00fcr die M\u00e4nner die Arbeitsstellen einnahmen. Daran erinnert die wei\u00dfe Stelle in der Mitte, eine Frau mit einem Pflug.<\/p>\n<p>Das Denkmal ist in einen sehr schlechten zustand! Innen und au\u00dfen sind etliche Graffitis angebracht. Durch den Vandalismus ist der Zutritt zum inneren versperrt( leider zu sp\u00e4t). Im inneren gibt es mehrere Tafeln mit namen der Gefallen, die nach dem Todesjahr sortiert wurde. Alle <strong>285 Namen<\/strong> konnte ich gl\u00fccklicherweise noch \u00fcbernehmen.<em><br \/>\n<\/em><\/p>\n<ul>\n<li><strong><a href=\"http:\/\/www.denkfried.de\/wp\/wp-content\/uploads\/2011\/10\/LankwitzVolkspark.html\">Namensliste<\/a><\/strong><\/li>\n<\/ul>\n","protected":false},"excerpt":{"rendered":"<p>&nbsp; 12247 Berlin-Lankwitz\u00a0Gemeindepark Lankwitz Bericht und Bilder von Thomas\u00a0Gefallenendenkm\u00e4ler Berlin\/Brandenburg Im Gemeindepark befindet sich auf einem H\u00fcgel ein Denkmal, im form eines Rundbaus. Es ist f\u00fcr die Gefallenen des Ersten Weltkrieges 1926 von Fritz Freym\u00fcller errichtet. Nach dem\u00a0Zweiten Weltkrieg, wurde &hellip; <a href=\"http:\/\/www.denkfried.de\/wp\/?page_id=12948\">Weiterlesen <span class=\"meta-nav\">&rarr;<\/span><\/a><\/p>\n","protected":false},"author":9,"featured_media":0,"parent":15578,"menu_order":0,"comment_status":"closed","ping_status":"open","template":"","meta":{"footnotes":""},"class_list":["post-12948","page","type-page","status-publish","hentry"],"_links":{"self":[{"href":"http:\/\/www.denkfried.de\/wp\/index.php?rest_route=\/wp\/v2\/pages\/12948","targetHints":{"allow":["GET"]}}],"collection":[{"href":"http:\/\/www.denkfried.de\/wp\/index.php?rest_route=\/wp\/v2\/pages"}],"about":[{"href":"http:\/\/www.denkfried.de\/wp\/index.php?rest_route=\/wp\/v2\/types\/page"}],"author":[{"embeddable":true,"href":"http:\/\/www.denkfried.de\/wp\/index.php?rest_route=\/wp\/v2\/users\/9"}],"replies":[{"embeddable":true,"href":"http:\/\/www.denkfried.de\/wp\/index.php?rest_route=%2Fwp%2Fv2%2Fcomments&post=12948"}],"version-history":[{"count":20,"href":"http:\/\/www.denkfried.de\/wp\/index.php?rest_route=\/wp\/v2\/pages\/12948\/revisions"}],"predecessor-version":[{"id":39960,"href":"http:\/\/www.denkfried.de\/wp\/index.php?rest_route=\/wp\/v2\/pages\/12948\/revisions\/39960"}],"up":[{"embeddable":true,"href":"http:\/\/www.denkfried.de\/wp\/index.php?rest_route=\/wp\/v2\/pages\/15578"}],"wp:attachment":[{"href":"http:\/\/www.denkfried.de\/wp\/index.php?rest_route=%2Fwp%2Fv2%2Fmedia&parent=12948"}],"curies":[{"name":"wp","href":"https:\/\/api.w.org\/{rel}","templated":true}]}}