{"id":12811,"date":"2011-10-22T21:50:59","date_gmt":"2011-10-22T19:50:59","guid":{"rendered":"http:\/\/www.denkfried.de\/wp\/?page_id=12811"},"modified":"2015-12-28T19:48:56","modified_gmt":"2015-12-28T18:48:56","slug":"marienfelde-ev-kirchhof","status":"publish","type":"page","link":"http:\/\/www.denkfried.de\/wp\/?page_id=12811","title":{"rendered":"Ev. Kirchhof"},"content":{"rendered":"<p>&nbsp;<\/p>\n<p><strong>Ev. Kirchhof Marienfelde<\/strong>\u00a0Marienfelder Allee 127.<\/p>\n<p>Bericht und Bilder von Thomas\u00a0<a href=\"http:\/\/g-bb.jimdo.com\/\">Gefallenendenkm\u00e4ler Berlin\/Brandenburg<\/a><\/p>\n<div id='gallery-1' class='gallery galleryid-12811 gallery-columns-3 gallery-size-thumbnail'><dl class='gallery-item'>\n\t\t\t<dt class='gallery-icon landscape'>\n\t\t\t\t<a href='http:\/\/www.denkfried.de\/wp\/?attachment_id=34166'><img loading=\"lazy\" decoding=\"async\" width=\"150\" height=\"150\" src=\"http:\/\/www.denkfried.de\/wp\/wp-content\/uploads\/2011\/10\/Berlin-Marienfelde-Kriegsgr\u00e4berfeld-3-150x150.jpg\" class=\"attachment-thumbnail size-thumbnail\" alt=\"\" \/><\/a>\n\t\t\t<\/dt><\/dl><dl class='gallery-item'>\n\t\t\t<dt class='gallery-icon portrait'>\n\t\t\t\t<a href='http:\/\/www.denkfried.de\/wp\/?attachment_id=34165'><img loading=\"lazy\" decoding=\"async\" width=\"150\" height=\"150\" src=\"http:\/\/www.denkfried.de\/wp\/wp-content\/uploads\/2011\/10\/Berlin-Marienfelde-Gedenkstein-Kriegsgr\u00e4ber-3-150x150.jpg\" class=\"attachment-thumbnail size-thumbnail\" alt=\"\" \/><\/a>\n\t\t\t<\/dt><\/dl><dl class='gallery-item'>\n\t\t\t<dt class='gallery-icon landscape'>\n\t\t\t\t<a href='http:\/\/www.denkfried.de\/wp\/?attachment_id=34164'><img loading=\"lazy\" decoding=\"async\" width=\"150\" height=\"150\" src=\"http:\/\/www.denkfried.de\/wp\/wp-content\/uploads\/2011\/10\/Berlin-Marienfelde-Gedenkstein-Kriegsgr\u00e4ber-2-150x150.jpg\" class=\"attachment-thumbnail size-thumbnail\" alt=\"\" \/><\/a>\n\t\t\t<\/dt><\/dl><br style=\"clear: both\" \/><dl class='gallery-item'>\n\t\t\t<dt class='gallery-icon landscape'>\n\t\t\t\t<a href='http:\/\/www.denkfried.de\/wp\/?attachment_id=34162'><img loading=\"lazy\" decoding=\"async\" width=\"150\" height=\"150\" src=\"http:\/\/www.denkfried.de\/wp\/wp-content\/uploads\/2011\/10\/Berlin-Marienfelde-Bombenopfer-150x150.jpg\" class=\"attachment-thumbnail size-thumbnail\" alt=\"\" \/><\/a>\n\t\t\t<\/dt><\/dl><dl class='gallery-item'>\n\t\t\t<dt class='gallery-icon portrait'>\n\t\t\t\t<a href='http:\/\/www.denkfried.de\/wp\/?attachment_id=34163'><img loading=\"lazy\" decoding=\"async\" width=\"150\" height=\"150\" src=\"http:\/\/www.denkfried.de\/wp\/wp-content\/uploads\/2011\/10\/Berlin-Marienfelde-Bombenopfer-2-150x150.jpg\" class=\"attachment-thumbnail size-thumbnail\" alt=\"\" \/><\/a>\n\t\t\t<\/dt><\/dl><dl class='gallery-item'>\n\t\t\t<dt class='gallery-icon landscape'>\n\t\t\t\t<a href='http:\/\/www.denkfried.de\/wp\/?attachment_id=34167'><img loading=\"lazy\" decoding=\"async\" width=\"150\" height=\"150\" src=\"http:\/\/www.denkfried.de\/wp\/wp-content\/uploads\/2011\/10\/Meyer_Karl-150x150.jpg\" class=\"attachment-thumbnail size-thumbnail\" alt=\"\" \/><\/a>\n\t\t\t<\/dt><\/dl><br style=\"clear: both\" \/>\n\t\t<\/div>\n\n<div>\n<div>Auf dem Friedhof ruhen <strong>334 Kriegstote<\/strong>, darunter 8 vom Ersten Weltkrieg und 26 blieben Unbekannte. Es konnten noch 8 private Gedenken dokumentiert werden. Die Toten ruhen in zwei aneinanderliegenden Grabfeldern (Block A und E) sowie in einem Sammelgrab.<\/div>\n<div><\/div>\n<\/div>\n<p>Im Ersten wie im Zweiten Weltkrieg war das\u00a0Kloster zum Guten Hirten, als Feldlazarett genutz worden. Die dort Verstorbenen Soldaten wurden teilweise auf diesem Kirchhof bestattet.<\/p>\n<p>Die gr\u00f6\u00dfte Gruppe der Kriegstoten stammt aus den letzten K\u00e4mpfen, im April 1945. Unter ihnen Zivilisten und Soldaten.<\/p>\n<p><strong>Sammelgrab<\/strong>, f\u00fcr 33 \u00fcberwiegend\u00a0niederl\u00e4ndische\u00a0und\u00a0tschechische\u00a0Zwangsarbeiter 1941 angelegt worden. Diese starben bei einem n\u00e4chtlichen Luftangriff am 14.\/15. November 1940, als ein von der deutschen\u00a0Flak\u00a0abgeschossenener britischer Bomber in einem Barackenlager auf dem Gel\u00e4nde des\u00a0Daimler-Benz-Motorenwerkes einschlug und dort explodierte.<\/p>\n<p>In der Gedenkschrift der Kirche sind weitere ausl\u00e4ndische Kriegsopfer verzeichnet. Darunter 4 Kinder von Ostarbeiterinnen die im Lager zur Welt kamen und nach kurzer Zeit starben. Sie wurden still auf dem Kirchhof Bestattet.<\/p>\n<p><strong>Die Namen wurden in die Datenbanken eingepflegt.<\/strong><\/p>\n<p>&nbsp;<\/p>\n","protected":false},"excerpt":{"rendered":"<p>&nbsp; Ev. Kirchhof Marienfelde\u00a0Marienfelder Allee 127. Bericht und Bilder von Thomas\u00a0Gefallenendenkm\u00e4ler Berlin\/Brandenburg Auf dem Friedhof ruhen 334 Kriegstote, darunter 8 vom Ersten Weltkrieg und 26 blieben Unbekannte. Es konnten noch 8 private Gedenken dokumentiert werden. Die Toten ruhen in zwei &hellip; <a href=\"http:\/\/www.denkfried.de\/wp\/?page_id=12811\">Weiterlesen <span class=\"meta-nav\">&rarr;<\/span><\/a><\/p>\n","protected":false},"author":9,"featured_media":0,"parent":16811,"menu_order":0,"comment_status":"closed","ping_status":"open","template":"","meta":{"footnotes":""},"class_list":["post-12811","page","type-page","status-publish","hentry"],"_links":{"self":[{"href":"http:\/\/www.denkfried.de\/wp\/index.php?rest_route=\/wp\/v2\/pages\/12811","targetHints":{"allow":["GET"]}}],"collection":[{"href":"http:\/\/www.denkfried.de\/wp\/index.php?rest_route=\/wp\/v2\/pages"}],"about":[{"href":"http:\/\/www.denkfried.de\/wp\/index.php?rest_route=\/wp\/v2\/types\/page"}],"author":[{"embeddable":true,"href":"http:\/\/www.denkfried.de\/wp\/index.php?rest_route=\/wp\/v2\/users\/9"}],"replies":[{"embeddable":true,"href":"http:\/\/www.denkfried.de\/wp\/index.php?rest_route=%2Fwp%2Fv2%2Fcomments&post=12811"}],"version-history":[{"count":19,"href":"http:\/\/www.denkfried.de\/wp\/index.php?rest_route=\/wp\/v2\/pages\/12811\/revisions"}],"predecessor-version":[{"id":40025,"href":"http:\/\/www.denkfried.de\/wp\/index.php?rest_route=\/wp\/v2\/pages\/12811\/revisions\/40025"}],"up":[{"embeddable":true,"href":"http:\/\/www.denkfried.de\/wp\/index.php?rest_route=\/wp\/v2\/pages\/16811"}],"wp:attachment":[{"href":"http:\/\/www.denkfried.de\/wp\/index.php?rest_route=%2Fwp%2Fv2%2Fmedia&parent=12811"}],"curies":[{"name":"wp","href":"https:\/\/api.w.org\/{rel}","templated":true}]}}