{"id":12798,"date":"2011-10-22T21:19:57","date_gmt":"2011-10-22T19:19:57","guid":{"rendered":"http:\/\/www.denkfried.de\/wp\/?page_id=12798"},"modified":"2015-12-27T21:43:14","modified_gmt":"2015-12-27T20:43:14","slug":"mariendorf-ev-christus-friedhof","status":"publish","type":"page","link":"http:\/\/www.denkfried.de\/wp\/?page_id=12798","title":{"rendered":"Ev. Christus Friedhof"},"content":{"rendered":"<p>&nbsp;<\/p>\n<p><strong>Berlin-Mariendorf <\/strong>Ev. Christus Friedhof,\u00a0 Mariendorfer Damm 225-227<\/p>\n<p>Bericht und Bilder von Thomas\u00a0<a href=\"http:\/\/g-bb.jimdo.com\/\">Gefallenendenkm\u00e4ler Berlin\/Brandenburg<\/a><\/p>\n<div id='gallery-1' class='gallery galleryid-12798 gallery-columns-3 gallery-size-thumbnail'><dl class='gallery-item'>\n\t\t\t<dt class='gallery-icon landscape'>\n\t\t\t\t<a href='http:\/\/www.denkfried.de\/wp\/?attachment_id=31546'><img loading=\"lazy\" decoding=\"async\" width=\"150\" height=\"150\" src=\"http:\/\/www.denkfried.de\/wp\/wp-content\/uploads\/2011\/10\/Mariendorf-Christus-Friedhof-Denkmal-150x150.jpg\" class=\"attachment-thumbnail size-thumbnail\" alt=\"\" \/><\/a>\n\t\t\t<\/dt><\/dl><dl class='gallery-item'>\n\t\t\t<dt class='gallery-icon portrait'>\n\t\t\t\t<a href='http:\/\/www.denkfried.de\/wp\/?attachment_id=31548'><img loading=\"lazy\" decoding=\"async\" width=\"150\" height=\"150\" src=\"http:\/\/www.denkfried.de\/wp\/wp-content\/uploads\/2011\/10\/Mariendorf-Christus-Friedhof-Denkmal-2-150x150.jpg\" class=\"attachment-thumbnail size-thumbnail\" alt=\"\" \/><\/a>\n\t\t\t<\/dt><\/dl><dl class='gallery-item'>\n\t\t\t<dt class='gallery-icon landscape'>\n\t\t\t\t<a href='http:\/\/www.denkfried.de\/wp\/?attachment_id=31550'><img loading=\"lazy\" decoding=\"async\" width=\"150\" height=\"150\" src=\"http:\/\/www.denkfried.de\/wp\/wp-content\/uploads\/2011\/10\/Christus-Friedhof-Figur-150x150.jpg\" class=\"attachment-thumbnail size-thumbnail\" alt=\"\" \/><\/a>\n\t\t\t<\/dt><\/dl><br style=\"clear: both\" \/><dl class='gallery-item'>\n\t\t\t<dt class='gallery-icon landscape'>\n\t\t\t\t<a href='http:\/\/www.denkfried.de\/wp\/?attachment_id=31545'><img loading=\"lazy\" decoding=\"async\" width=\"150\" height=\"150\" src=\"http:\/\/www.denkfried.de\/wp\/wp-content\/uploads\/2011\/10\/Christus-Friedhof-Kriegsgr\u00e4ber-150x150.jpg\" class=\"attachment-thumbnail size-thumbnail\" alt=\"\" \/><\/a>\n\t\t\t<\/dt><\/dl><dl class='gallery-item'>\n\t\t\t<dt class='gallery-icon landscape'>\n\t\t\t\t<a href='http:\/\/www.denkfried.de\/wp\/?attachment_id=31549'><img loading=\"lazy\" decoding=\"async\" width=\"150\" height=\"150\" src=\"http:\/\/www.denkfried.de\/wp\/wp-content\/uploads\/2011\/10\/Mariendorf-gedenken-erster-Weltkrieg-150x150.jpg\" class=\"attachment-thumbnail size-thumbnail\" alt=\"\" \/><\/a>\n\t\t\t<\/dt><\/dl><dl class='gallery-item'>\n\t\t\t<dt class='gallery-icon landscape'>\n\t\t\t\t<a href='http:\/\/www.denkfried.de\/wp\/?attachment_id=31547'><img loading=\"lazy\" decoding=\"async\" width=\"150\" height=\"150\" src=\"http:\/\/www.denkfried.de\/wp\/wp-content\/uploads\/2011\/10\/Mariendorf-Christus-Friedhof-Privates-Grab-150x150.jpg\" class=\"attachment-thumbnail size-thumbnail\" alt=\"\" \/><\/a>\n\t\t\t<\/dt><\/dl><br style=\"clear: both\" \/>\n\t\t<\/div>\n\n<p><span style=\"text-decoration: underline;\"><strong>Denkmal<\/strong><\/span> f\u00fcr die Kriegsopfer beider Weltkriege<\/p>\n<address style=\"text-align: center;\"><em><strong>Ihren 1914-1918 und 1939-1945 gefallenen tapferen Br\u00fcdern<\/strong><\/em><\/address>\n<address style=\"text-align: center;\"><em><strong>in Dankbarkeit die Christus-Kirchengemeinde<\/strong><\/em><\/address>\n<address style=\"text-align: center;\">\u00a0<\/address>\n<address style=\"text-align: center;\"><em><strong>Sei getreu bis an den Tod, so will ich dir<\/strong><\/em><\/address>\n<address style=\"text-align: center;\"><em><strong>die Krone des Lebens geben. Off. Joh. 2.10<\/strong><\/em><\/address>\n<address style=\"text-align: center;\">\u00a0<\/address>\n<address style=\"text-align: center;\"><em><strong>Niemand hat gr\u00f6\u00dfere Liebe denn die,<\/strong><\/em><\/address>\n<address style=\"text-align: center;\"><em><strong> da\u00df er sein Leben l\u00e4\u00dft f\u00fcr seine Freunde<\/strong><\/em><\/address>\n<address style=\"text-align: center;\">\u00a0<\/address>\n<p><strong>Kriegsgr\u00e4ber<\/strong>, neben der Kapelle auf einer kleinen Anlage. Mittig der Anlage ist die Figur einer trauernden Frau, seitlich sind einige Kriegsgr\u00e4ber.Am Denkmal war einst folgende Inschrift angebracht:<\/p>\n<p dir=\"ltr\" style=\"text-align: center;\" data-angle=\"0\" data-font-name=\"Times\" data-canvas-width=\"15.21344888648987\"><em><strong>Wie einen seine Mutter tr\u00f6stet<\/strong><\/em><\/p>\n<div dir=\"ltr\" style=\"text-align: center;\" data-angle=\"0\" data-font-name=\"Times\" data-canvas-width=\"15.21344888648987\"><\/div>\n<p>Auf den gesamten Friedhof sind einzelne Kriegsgr\u00e4ber zu finden. Es konnten hier <strong>56 Kriegstote<\/strong> dokumentiert werden, davon blieb einer Unbekannt. Es konnten noch 6 private gedenken Dokumentiert werden.<\/p>\n<p>Die Namen wurden in die Datenbank eingepflegt.<\/p>\n<p>&nbsp;<\/p>\n","protected":false},"excerpt":{"rendered":"<p>&nbsp; Berlin-Mariendorf Ev. Christus Friedhof,\u00a0 Mariendorfer Damm 225-227 Bericht und Bilder von Thomas\u00a0Gefallenendenkm\u00e4ler Berlin\/Brandenburg Denkmal f\u00fcr die Kriegsopfer beider Weltkriege Ihren 1914-1918 und 1939-1945 gefallenen tapferen Br\u00fcdern in Dankbarkeit die Christus-Kirchengemeinde \u00a0 Sei getreu bis an den Tod, so will &hellip; <a href=\"http:\/\/www.denkfried.de\/wp\/?page_id=12798\">Weiterlesen <span class=\"meta-nav\">&rarr;<\/span><\/a><\/p>\n","protected":false},"author":9,"featured_media":0,"parent":16804,"menu_order":0,"comment_status":"closed","ping_status":"open","template":"","meta":{"footnotes":""},"class_list":["post-12798","page","type-page","status-publish","hentry"],"_links":{"self":[{"href":"http:\/\/www.denkfried.de\/wp\/index.php?rest_route=\/wp\/v2\/pages\/12798","targetHints":{"allow":["GET"]}}],"collection":[{"href":"http:\/\/www.denkfried.de\/wp\/index.php?rest_route=\/wp\/v2\/pages"}],"about":[{"href":"http:\/\/www.denkfried.de\/wp\/index.php?rest_route=\/wp\/v2\/types\/page"}],"author":[{"embeddable":true,"href":"http:\/\/www.denkfried.de\/wp\/index.php?rest_route=\/wp\/v2\/users\/9"}],"replies":[{"embeddable":true,"href":"http:\/\/www.denkfried.de\/wp\/index.php?rest_route=%2Fwp%2Fv2%2Fcomments&post=12798"}],"version-history":[{"count":17,"href":"http:\/\/www.denkfried.de\/wp\/index.php?rest_route=\/wp\/v2\/pages\/12798\/revisions"}],"predecessor-version":[{"id":40004,"href":"http:\/\/www.denkfried.de\/wp\/index.php?rest_route=\/wp\/v2\/pages\/12798\/revisions\/40004"}],"up":[{"embeddable":true,"href":"http:\/\/www.denkfried.de\/wp\/index.php?rest_route=\/wp\/v2\/pages\/16804"}],"wp:attachment":[{"href":"http:\/\/www.denkfried.de\/wp\/index.php?rest_route=%2Fwp%2Fv2%2Fmedia&parent=12798"}],"curies":[{"name":"wp","href":"https:\/\/api.w.org\/{rel}","templated":true}]}}