{"id":12781,"date":"2011-10-22T20:56:17","date_gmt":"2011-10-22T18:56:17","guid":{"rendered":"http:\/\/www.denkfried.de\/wp\/?page_id=12781"},"modified":"2015-12-28T19:37:29","modified_gmt":"2015-12-28T18:37:29","slug":"mariendorf-friedhof-alt-mariendorf-2","status":"publish","type":"page","link":"http:\/\/www.denkfried.de\/wp\/?page_id=12781","title":{"rendered":"Friedhof Alt Mariendorf 2"},"content":{"rendered":"<p>&nbsp;<\/p>\n<p><strong>Berlin-Mariendorf<\/strong>\u00a0Friedhof Alt-Mariendorf 2, Friedenstra\u00dfe<\/p>\n<p>Bericht und Bilder von Thomas\u00a0<a href=\"http:\/\/g-bb.jimdo.com\/\">Gefallenendenkm\u00e4ler Berlin\/Brandenburg<\/a><\/p>\n<div id='gallery-1' class='gallery galleryid-12781 gallery-columns-3 gallery-size-thumbnail'><dl class='gallery-item'>\n\t\t\t<dt class='gallery-icon landscape'>\n\t\t\t\t<a href='http:\/\/www.denkfried.de\/wp\/?attachment_id=21303'><img loading=\"lazy\" decoding=\"async\" width=\"150\" height=\"150\" src=\"http:\/\/www.denkfried.de\/wp\/wp-content\/uploads\/2011\/10\/DSCF2027-150x150.jpg\" class=\"attachment-thumbnail size-thumbnail\" alt=\"\" \/><\/a>\n\t\t\t<\/dt><\/dl><dl class='gallery-item'>\n\t\t\t<dt class='gallery-icon portrait'>\n\t\t\t\t<a href='http:\/\/www.denkfried.de\/wp\/?attachment_id=21305'><img loading=\"lazy\" decoding=\"async\" width=\"150\" height=\"150\" src=\"http:\/\/www.denkfried.de\/wp\/wp-content\/uploads\/2011\/10\/DSCF2030-150x150.jpg\" class=\"attachment-thumbnail size-thumbnail\" alt=\"\" \/><\/a>\n\t\t\t<\/dt><\/dl><dl class='gallery-item'>\n\t\t\t<dt class='gallery-icon landscape'>\n\t\t\t\t<a href='http:\/\/www.denkfried.de\/wp\/?attachment_id=21304'><img loading=\"lazy\" decoding=\"async\" width=\"150\" height=\"150\" src=\"http:\/\/www.denkfried.de\/wp\/wp-content\/uploads\/2011\/10\/DSCF2028-150x150.jpg\" class=\"attachment-thumbnail size-thumbnail\" alt=\"\" \/><\/a>\n\t\t\t<\/dt><\/dl><br style=\"clear: both\" \/><dl class='gallery-item'>\n\t\t\t<dt class='gallery-icon landscape'>\n\t\t\t\t<a href='http:\/\/www.denkfried.de\/wp\/?attachment_id=21302'><img loading=\"lazy\" decoding=\"async\" width=\"150\" height=\"150\" src=\"http:\/\/www.denkfried.de\/wp\/wp-content\/uploads\/2011\/10\/DSCF2025-150x150.jpg\" class=\"attachment-thumbnail size-thumbnail\" alt=\"\" \/><\/a>\n\t\t\t<\/dt><\/dl><dl class='gallery-item'>\n\t\t\t<dt class='gallery-icon portrait'>\n\t\t\t\t<a href='http:\/\/www.denkfried.de\/wp\/?attachment_id=21301'><img loading=\"lazy\" decoding=\"async\" width=\"150\" height=\"150\" src=\"http:\/\/www.denkfried.de\/wp\/wp-content\/uploads\/2011\/10\/DSCF2015-150x150.jpg\" class=\"attachment-thumbnail size-thumbnail\" alt=\"\" \/><\/a>\n\t\t\t<\/dt><\/dl><dl class='gallery-item'>\n\t\t\t<dt class='gallery-icon portrait'>\n\t\t\t\t<a href='http:\/\/www.denkfried.de\/wp\/?attachment_id=21306'><img loading=\"lazy\" decoding=\"async\" width=\"150\" height=\"150\" src=\"http:\/\/www.denkfried.de\/wp\/wp-content\/uploads\/2011\/10\/DSCF2035-150x150.jpg\" class=\"attachment-thumbnail size-thumbnail\" alt=\"\" \/><\/a>\n\t\t\t<\/dt><\/dl><br style=\"clear: both\" \/><dl class='gallery-item'>\n\t\t\t<dt class='gallery-icon landscape'>\n\t\t\t\t<a href='http:\/\/www.denkfried.de\/wp\/?attachment_id=21308'><img loading=\"lazy\" decoding=\"async\" width=\"150\" height=\"150\" src=\"http:\/\/www.denkfried.de\/wp\/wp-content\/uploads\/2011\/10\/DSCF2188-150x150.jpg\" class=\"attachment-thumbnail size-thumbnail\" alt=\"\" \/><\/a>\n\t\t\t<\/dt><\/dl><dl class='gallery-item'>\n\t\t\t<dt class='gallery-icon landscape'>\n\t\t\t\t<a href='http:\/\/www.denkfried.de\/wp\/?attachment_id=21307'><img loading=\"lazy\" decoding=\"async\" width=\"150\" height=\"150\" src=\"http:\/\/www.denkfried.de\/wp\/wp-content\/uploads\/2011\/10\/DSCF2079-150x150.jpg\" class=\"attachment-thumbnail size-thumbnail\" alt=\"\" \/><\/a>\n\t\t\t<\/dt><\/dl><dl class='gallery-item'>\n\t\t\t<dt class='gallery-icon portrait'>\n\t\t\t\t<a href='http:\/\/www.denkfried.de\/wp\/?attachment_id=21309'><img loading=\"lazy\" decoding=\"async\" width=\"150\" height=\"150\" src=\"http:\/\/www.denkfried.de\/wp\/wp-content\/uploads\/2011\/10\/DSCF2206-150x150.jpg\" class=\"attachment-thumbnail size-thumbnail\" alt=\"\" \/><\/a>\n\t\t\t<\/dt><\/dl><br style=\"clear: both\" \/>\n\t\t<\/div>\n\n<p style=\"text-align: left;\"><span style=\"text-decoration: underline;\"><strong>Denkmal und Ehrenfeld<br \/>\n<\/strong><\/span><\/p>\n<p style=\"text-align: left;\">Das Denkmal steht auf eine Gedenk- und Grabanlage, \u00fcberall\u00a0verteilt\u00a0sind Kriegsgr\u00e4ber und Gedenkplatten. Am Denkmal sind seitlich und hinten auf Bronzetafeln, die Namen vom 512 Gefallene angebracht. Sie sind nach dem Todesdatum, dann\u00a0alphabetisch sortiert. Im Ehrenfeld befindet sich noch ein weiteres Denkmal.<\/p>\n<address style=\"text-align: center;\"><em><strong>1914-1918 \u00a0 \u00a0 \u00a01939-1945<\/strong><\/em><\/address>\n<address style=\"text-align: center;\"><em><strong>Unterlegen &#8211; Nicht Besiegt<\/strong><\/em><\/address>\n<address style=\"text-align: center;\"><em><strong>Unseren im Weltkriege gefallenen Helden die dankbare Kirchengemeinde<\/strong><\/em><\/address>\n<address style=\"text-align: center;\"><em><strong>Sei getreu bis an den Tod, so will ich dir die Krone des Lebens geben.<\/strong><\/em><\/address>\n<address style=\"text-align: center;\">\u00a0<\/address>\n<p>Inschrift Denkmal vom Kyffh\u00e4userbund:<\/p>\n<p style=\"text-align: center;\"><em><strong>Unseren Gefallenen Kameraden 1914-1918 \u00a0 1939-1945 Kyffh\u00e4user Kameradschaft Mariendorf<\/strong><\/em><\/p>\n<p style=\"text-align: left;\">Einige Gedenk\/Grabplatten am Boden sind durch die Witterung nicht mehr lesbar. Im Ehrenfeld ruhen 27 Tote des ersten Weltkrieges, einge Namen sind auch am Denkmal verzeichnet. Auch Gedenken und Gr\u00e4ber von Toten des zweiten Weltkrieg gibt es hier, unter ihn ein Unbekannter.<\/p>\n<p style=\"text-align: left;\"><span style=\"text-decoration: underline;\"><strong>Kriegsgr\u00e4berfeld<br \/>\n<\/strong><\/span><\/p>\n<p style=\"text-align: left;\">Von der Friedenstra\u00dfe aus im hinteren Bereich des Friedhofes, befindet sich ein Kriegsgr\u00e4berfeld (Block 4). Hier haben Kriegstote des Zweiten Weltkrieges ihre Ruhe gefunden, ein Denkmal tr\u00e4gt folgende Inschrift:<\/p>\n<p style=\"text-align: center;\"><em><strong>1914-1918 \u00a0 \u00a0 \u00a0Den Kriegsopfern \u00a0 \u00a0 \u00a0 1939-1945<\/strong><\/em><\/p>\n<p>Es sind auch \u00fcber den Friedhof weiter vereinzelt noch Kriegsgr\u00e4ber zu finden. 8 Unbekannte, auch konnten private Gedenken dokumentiert werden. Erg\u00e4nzungen der Namen sind vom Volksbund \u00fcbernommen.<\/p>\n<p>Es konnten Insgesamt 197 Kriegsgr\u00e4ber und 10 private Gedenken von Tote des zweiten Weltkriges dokumentiert werden.<\/p>\n<p>Die Namen wurden in die Datenbanken eingepflegt.<\/p>\n<p>&nbsp;<\/p>\n","protected":false},"excerpt":{"rendered":"<p>&nbsp; Berlin-Mariendorf\u00a0Friedhof Alt-Mariendorf 2, Friedenstra\u00dfe Bericht und Bilder von Thomas\u00a0Gefallenendenkm\u00e4ler Berlin\/Brandenburg Denkmal und Ehrenfeld Das Denkmal steht auf eine Gedenk- und Grabanlage, \u00fcberall\u00a0verteilt\u00a0sind Kriegsgr\u00e4ber und Gedenkplatten. Am Denkmal sind seitlich und hinten auf Bronzetafeln, die Namen vom 512 Gefallene angebracht. &hellip; <a href=\"http:\/\/www.denkfried.de\/wp\/?page_id=12781\">Weiterlesen <span class=\"meta-nav\">&rarr;<\/span><\/a><\/p>\n","protected":false},"author":9,"featured_media":0,"parent":16804,"menu_order":0,"comment_status":"closed","ping_status":"open","template":"","meta":{"footnotes":""},"class_list":["post-12781","page","type-page","status-publish","hentry"],"_links":{"self":[{"href":"http:\/\/www.denkfried.de\/wp\/index.php?rest_route=\/wp\/v2\/pages\/12781","targetHints":{"allow":["GET"]}}],"collection":[{"href":"http:\/\/www.denkfried.de\/wp\/index.php?rest_route=\/wp\/v2\/pages"}],"about":[{"href":"http:\/\/www.denkfried.de\/wp\/index.php?rest_route=\/wp\/v2\/types\/page"}],"author":[{"embeddable":true,"href":"http:\/\/www.denkfried.de\/wp\/index.php?rest_route=\/wp\/v2\/users\/9"}],"replies":[{"embeddable":true,"href":"http:\/\/www.denkfried.de\/wp\/index.php?rest_route=%2Fwp%2Fv2%2Fcomments&post=12781"}],"version-history":[{"count":29,"href":"http:\/\/www.denkfried.de\/wp\/index.php?rest_route=\/wp\/v2\/pages\/12781\/revisions"}],"predecessor-version":[{"id":40019,"href":"http:\/\/www.denkfried.de\/wp\/index.php?rest_route=\/wp\/v2\/pages\/12781\/revisions\/40019"}],"up":[{"embeddable":true,"href":"http:\/\/www.denkfried.de\/wp\/index.php?rest_route=\/wp\/v2\/pages\/16804"}],"wp:attachment":[{"href":"http:\/\/www.denkfried.de\/wp\/index.php?rest_route=%2Fwp%2Fv2%2Fmedia&parent=12781"}],"curies":[{"name":"wp","href":"https:\/\/api.w.org\/{rel}","templated":true}]}}