{"id":12767,"date":"2011-10-22T20:38:12","date_gmt":"2011-10-22T18:38:12","guid":{"rendered":"http:\/\/www.denkfried.de\/wp\/?page_id=12767"},"modified":"2015-12-28T19:45:22","modified_gmt":"2015-12-28T18:45:22","slug":"heidefriedhof","status":"publish","type":"page","link":"http:\/\/www.denkfried.de\/wp\/?page_id=12767","title":{"rendered":"Heidefriedhof"},"content":{"rendered":"<p>&nbsp;<\/p>\n<p><strong>Berlin-Mariendorf <\/strong>Heidefriedhof\u00a0an der Rei\u00dfeckstra\u00dfe<\/p>\n<p>Bericht und Bilder von Thomas\u00a0<a href=\"http:\/\/g-bb.jimdo.com\/\">Gefallenendenkm\u00e4ler Berlin\/Brandenburg<\/a><\/p>\n<div id='gallery-1' class='gallery galleryid-12767 gallery-columns-4 gallery-size-thumbnail'><dl class='gallery-item'>\n\t\t\t<dt class='gallery-icon portrait'>\n\t\t\t\t<a href='http:\/\/www.denkfried.de\/wp\/?attachment_id=21794'><img loading=\"lazy\" decoding=\"async\" width=\"150\" height=\"150\" src=\"http:\/\/www.denkfried.de\/wp\/wp-content\/uploads\/2011\/10\/DSCF2360-150x150.jpg\" class=\"attachment-thumbnail size-thumbnail\" alt=\"\" \/><\/a>\n\t\t\t<\/dt><\/dl><dl class='gallery-item'>\n\t\t\t<dt class='gallery-icon landscape'>\n\t\t\t\t<a href='http:\/\/www.denkfried.de\/wp\/?attachment_id=31553'><img loading=\"lazy\" decoding=\"async\" width=\"150\" height=\"150\" src=\"http:\/\/www.denkfried.de\/wp\/wp-content\/uploads\/2011\/10\/Kriegsgr\u00e4berfeld-Heidefriedhof-Berlin-150x150.jpg\" class=\"attachment-thumbnail size-thumbnail\" alt=\"\" \/><\/a>\n\t\t\t<\/dt><\/dl><dl class='gallery-item'>\n\t\t\t<dt class='gallery-icon landscape'>\n\t\t\t\t<a href='http:\/\/www.denkfried.de\/wp\/?attachment_id=21798'><img loading=\"lazy\" decoding=\"async\" width=\"150\" height=\"150\" src=\"http:\/\/www.denkfried.de\/wp\/wp-content\/uploads\/2011\/10\/DSCF2367-150x150.jpg\" class=\"attachment-thumbnail size-thumbnail\" alt=\"\" \/><\/a>\n\t\t\t<\/dt><\/dl><dl class='gallery-item'>\n\t\t\t<dt class='gallery-icon landscape'>\n\t\t\t\t<a href='http:\/\/www.denkfried.de\/wp\/?attachment_id=21797'><img loading=\"lazy\" decoding=\"async\" width=\"150\" height=\"150\" src=\"http:\/\/www.denkfried.de\/wp\/wp-content\/uploads\/2011\/10\/DSCF2365-150x150.jpg\" class=\"attachment-thumbnail size-thumbnail\" alt=\"\" \/><\/a>\n\t\t\t<\/dt><\/dl><br style=\"clear: both\" \/><dl class='gallery-item'>\n\t\t\t<dt class='gallery-icon portrait'>\n\t\t\t\t<a href='http:\/\/www.denkfried.de\/wp\/?attachment_id=31552'><img loading=\"lazy\" decoding=\"async\" width=\"150\" height=\"150\" src=\"http:\/\/www.denkfried.de\/wp\/wp-content\/uploads\/2011\/10\/Heidefriedhof-Berlin-150x150.jpg\" class=\"attachment-thumbnail size-thumbnail\" alt=\"\" \/><\/a>\n\t\t\t<\/dt><\/dl><dl class='gallery-item'>\n\t\t\t<dt class='gallery-icon landscape'>\n\t\t\t\t<a href='http:\/\/www.denkfried.de\/wp\/?attachment_id=36987'><img loading=\"lazy\" decoding=\"async\" width=\"150\" height=\"150\" src=\"http:\/\/www.denkfried.de\/wp\/wp-content\/uploads\/2011\/10\/Volkstrauertag-2014-Berlin-Mariendorf-150x150.jpg\" class=\"attachment-thumbnail size-thumbnail\" alt=\"\" \/><\/a>\n\t\t\t<\/dt><\/dl><dl class='gallery-item'>\n\t\t\t<dt class='gallery-icon portrait'>\n\t\t\t\t<a href='http:\/\/www.denkfried.de\/wp\/?attachment_id=32841'><img loading=\"lazy\" decoding=\"async\" width=\"150\" height=\"150\" src=\"http:\/\/www.denkfried.de\/wp\/wp-content\/uploads\/2011\/10\/Unbekannte-150x150.jpg\" class=\"attachment-thumbnail size-thumbnail\" alt=\"\" \/><\/a>\n\t\t\t<\/dt><\/dl><dl class='gallery-item'>\n\t\t\t<dt class='gallery-icon landscape'>\n\t\t\t\t<a href='http:\/\/www.denkfried.de\/wp\/?attachment_id=36988'><img loading=\"lazy\" decoding=\"async\" width=\"150\" height=\"150\" src=\"http:\/\/www.denkfried.de\/wp\/wp-content\/uploads\/2011\/10\/Volkstrauertag-2014-Berlin-Mariendorf-6-150x150.jpg\" class=\"attachment-thumbnail size-thumbnail\" alt=\"\" \/><\/a>\n\t\t\t<\/dt><\/dl><br style=\"clear: both\" \/>\n\t\t<\/div>\n\n<p>Auf dem Friedhof ist ein Geschlossene Anlage mit Kriegstoten, jeder von Ihnen ist mit einem Holzkreuz bedacht. Ein Gro\u00dfes Holzkreuz und ein Gedenkstein befinden sich am Fu\u00df des Kriegsgr\u00e4berfeldes. Insgesamt ruhen hier 749 Kriegstote auf dem Friedhof, unter ihnen sind 234 Unbekannt geblieben. Die Namen wurden in die Datenbank eingepflegt. Inschrift am gro\u00dfen Holzkreuz:<\/p>\n<address style=\"text-align: center;\"><em><strong>Ruhet in Frieden ihr Opfer unseliger K\u00e4mpfe<\/strong><\/em><\/address>\n<address style=\"text-align: center;\"><em><strong>Saat die gesenkt in die Erde um Frieden zu sichern<\/strong><\/em><\/address>\n<address style=\"text-align: center;\"><em><strong>und aufbau der Heimat<\/strong><\/em><\/address>\n<address style=\"text-align: center;\"><em><strong>Den Toten der letzten Kriegstage 1945<\/strong><\/em><\/address>\n<address style=\"text-align: center;\">\u00a0<\/address>\n<p><span style=\"text-decoration: underline;\"><strong>Geschichte zur Kriegsgr\u00e4berst\u00e4tte<\/strong><\/span><\/p>\n<p>Die Ereignisse der letzten Kriegsmonate und die damit verbundenen hohen Sterbeziffern f\u00fchrten zu der Notwendigkeit,\u00a0neue Bestattungsfl\u00e4chen f\u00fcr die zahlreichen Toten zu finden (Eind\u00e4mmung der Seuchengefahr).\u00a0Da besonders im innerst\u00e4dtischen Bereich nicht ausreichend Friedhofsfl\u00e4chen zur Verf\u00fcgung standen, wurden vielerorts Notbegr\u00e4bnisst\u00e4tten eingerichtet, so auch auf dem \u00f6ffentlichen Gel\u00e4nde auf dem B\u00e4umerplan am St. Josef-Krankenhaus (ca. 250 Tote) und des Wenckebach-Krankenhauses (ca. 330 Tote).<\/p>\n<p>Die Umbettung der Notbestatteten zum neu eingerichteten Heidefriedhof Tempelhof war aus gesundheitlichen Gr\u00fcnden notwendig und erfolgte auf Veranlassung des Gartenbauamtes und mit Genehmigung des Polizeipr\u00e4sidenten von Berlin im M\u00e4rz 1952. Bei den Opfern handelte es sich zum gr\u00f6\u00dften Teil um ehemalige Angeh\u00f6rige der Wehrmacht, die in den oben genannten Krankeneinrichtungen (fr\u00fcher Reservelazarett Nr. 111 und Nr. 122) gestorben waren. Betr\u00e4chtlich war aber auch die Zahl der zivilen Opfer. Die Toten wurden in Einzelgr\u00e4bern (Unterabteilungen A bis D) w\u00fcrdevoll beigesetzt.<\/p>\n<p>Die Gestaltung der Gesamtanlage erfolgte nach den Pl\u00e4nen des Gartenbauamtes Tempelhof und wurde im &#8222;Telegraf&#8220; vom 09.02.1952 folgenderma\u00dfen beschrieben: &#8222;Das Modell l\u00e4sst ein gro\u00dfes Oval erkennen, dessen S\u00fcdspitze sich etwas verj\u00fcngt und den Blick auf ein h\u00f6her gelegenes Ehrenmal freigibt. Unter diesem Mal, einem 9\u00bd m hohem Holzkreuz, sollen jene Toten beigesetzt werden, deren Identifizierung nicht m\u00f6glich ist. Alle Gr\u00e4ber sollen nach den Pl\u00e4nen des Gartenbauamtes einheitlich bepflanzt werden. Au\u00dferdem erhalten sie ein kleines Ged\u00e4chtniskreuz aus Eichenholz, auf dem der Name des Toten angegeben ist. Eine Einfassung des Platzes mit immergr\u00fcnen Geh\u00f6lzen soll die Gemeinschaft der Kriegsopfer des Jahres 1945 besonders betonen.&#8220;<\/p>\n<p>Die Grabkreuze wurden erst 2002 erneuert und erstmalig mit den vollst\u00e4ndigen Daten der Verstorbenen versehen. Text von\u00a0<a href=\"http:\/\/www.stadtentwicklung.berlin.de\/\">http:\/\/www.stadtentwicklung.berlin.de<\/a><\/p>\n","protected":false},"excerpt":{"rendered":"<p>&nbsp; Berlin-Mariendorf Heidefriedhof\u00a0an der Rei\u00dfeckstra\u00dfe Bericht und Bilder von Thomas\u00a0Gefallenendenkm\u00e4ler Berlin\/Brandenburg Auf dem Friedhof ist ein Geschlossene Anlage mit Kriegstoten, jeder von Ihnen ist mit einem Holzkreuz bedacht. Ein Gro\u00dfes Holzkreuz und ein Gedenkstein befinden sich am Fu\u00df des Kriegsgr\u00e4berfeldes. &hellip; <a href=\"http:\/\/www.denkfried.de\/wp\/?page_id=12767\">Weiterlesen <span class=\"meta-nav\">&rarr;<\/span><\/a><\/p>\n","protected":false},"author":9,"featured_media":0,"parent":16804,"menu_order":0,"comment_status":"closed","ping_status":"open","template":"","meta":{"footnotes":""},"class_list":["post-12767","page","type-page","status-publish","hentry"],"_links":{"self":[{"href":"http:\/\/www.denkfried.de\/wp\/index.php?rest_route=\/wp\/v2\/pages\/12767","targetHints":{"allow":["GET"]}}],"collection":[{"href":"http:\/\/www.denkfried.de\/wp\/index.php?rest_route=\/wp\/v2\/pages"}],"about":[{"href":"http:\/\/www.denkfried.de\/wp\/index.php?rest_route=\/wp\/v2\/types\/page"}],"author":[{"embeddable":true,"href":"http:\/\/www.denkfried.de\/wp\/index.php?rest_route=\/wp\/v2\/users\/9"}],"replies":[{"embeddable":true,"href":"http:\/\/www.denkfried.de\/wp\/index.php?rest_route=%2Fwp%2Fv2%2Fcomments&post=12767"}],"version-history":[{"count":19,"href":"http:\/\/www.denkfried.de\/wp\/index.php?rest_route=\/wp\/v2\/pages\/12767\/revisions"}],"predecessor-version":[{"id":40023,"href":"http:\/\/www.denkfried.de\/wp\/index.php?rest_route=\/wp\/v2\/pages\/12767\/revisions\/40023"}],"up":[{"embeddable":true,"href":"http:\/\/www.denkfried.de\/wp\/index.php?rest_route=\/wp\/v2\/pages\/16804"}],"wp:attachment":[{"href":"http:\/\/www.denkfried.de\/wp\/index.php?rest_route=%2Fwp%2Fv2%2Fmedia&parent=12767"}],"curies":[{"name":"wp","href":"https:\/\/api.w.org\/{rel}","templated":true}]}}