{"id":12612,"date":"2011-10-22T15:59:50","date_gmt":"2011-10-22T13:59:50","guid":{"rendered":"http:\/\/www.denkfried.de\/wp\/?page_id=12612"},"modified":"2015-12-28T21:02:05","modified_gmt":"2015-12-28T20:02:05","slug":"friedrichshagen","status":"publish","type":"page","link":"http:\/\/www.denkfried.de\/wp\/?page_id=12612","title":{"rendered":"Friedrichshagen"},"content":{"rendered":"<p>&nbsp;<\/p>\n<p><strong>Berlin-Friedrichshagen <\/strong>Christopherus-Kirche in der B\u00f6lschestra\u00dfe<strong><br \/>\n<\/strong><\/p>\n<p>Bericht und Bilder von Thomas\u00a0<a href=\"http:\/\/g-bb.jimdo.com\/\">Gefallenendenkm\u00e4ler Berlin\/Brandenburg<\/a><\/p>\n<div id='gallery-1' class='gallery galleryid-12612 gallery-columns-4 gallery-size-thumbnail'><dl class='gallery-item'>\n\t\t\t<dt class='gallery-icon landscape'>\n\t\t\t\t<a href='http:\/\/www.denkfried.de\/wp\/?attachment_id=31527'><img loading=\"lazy\" decoding=\"async\" width=\"150\" height=\"150\" src=\"http:\/\/www.denkfried.de\/wp\/wp-content\/uploads\/2011\/10\/Kriegerdenkmal-Berlin-Friedrichshagen-3-150x150.jpg\" class=\"attachment-thumbnail size-thumbnail\" alt=\"\" \/><\/a>\n\t\t\t<\/dt><\/dl><dl class='gallery-item'>\n\t\t\t<dt class='gallery-icon portrait'>\n\t\t\t\t<a href='http:\/\/www.denkfried.de\/wp\/?attachment_id=31525'><img loading=\"lazy\" decoding=\"async\" width=\"150\" height=\"150\" src=\"http:\/\/www.denkfried.de\/wp\/wp-content\/uploads\/2011\/10\/Kriegerdenkmal-Berlin-Friedrichshagen-150x150.jpg\" class=\"attachment-thumbnail size-thumbnail\" alt=\"\" \/><\/a>\n\t\t\t<\/dt><\/dl><dl class='gallery-item'>\n\t\t\t<dt class='gallery-icon landscape'>\n\t\t\t\t<a href='http:\/\/www.denkfried.de\/wp\/?attachment_id=31526'><img loading=\"lazy\" decoding=\"async\" width=\"150\" height=\"150\" src=\"http:\/\/www.denkfried.de\/wp\/wp-content\/uploads\/2011\/10\/Kriegerdenkmal-Berlin-Friedrichshagen-2-150x150.jpg\" class=\"attachment-thumbnail size-thumbnail\" alt=\"\" \/><\/a>\n\t\t\t<\/dt><\/dl><dl class='gallery-item'>\n\t\t\t<dt class='gallery-icon landscape'>\n\t\t\t\t<a href='http:\/\/www.denkfried.de\/wp\/?attachment_id=31524'><img loading=\"lazy\" decoding=\"async\" width=\"150\" height=\"150\" src=\"http:\/\/www.denkfried.de\/wp\/wp-content\/uploads\/2011\/10\/Berlin-Friedrichshagen-Tafel-1813-15-1866-1870-71-150x150.jpg\" class=\"attachment-thumbnail size-thumbnail\" alt=\"\" \/><\/a>\n\t\t\t<\/dt><\/dl><br style=\"clear: both\" \/>\n\t\t<\/div>\n\n<p><span style=\"text-decoration: underline;\"><strong>Denkmal und Gedenktafel<\/strong><\/span> 1813-15, 1864, 1866, 1870-71<\/p>\n<p>&nbsp;<\/p>\n<p style=\"text-align: center;\"><em><strong>Zur Erinnerung an die f\u00fcr K\u00f6nig und Vaterland gefallenen S\u00f6hne aus Friedrichshagen<\/strong><\/em><br \/>\n<em><strong>Den Todten zur Ehre. Den Lebenden zum Vorbild Gewidmet vom Landwehrverein Friedrichshagen<\/strong><\/em><\/p>\n<p>In der Kirche h\u00e4ngt eine Tafel f\u00fcr Gefallene 1813-15, 1866, 1870-71<br \/>\nDie Namen decken sich mit denen am Denkmal vor der Kirche.<\/p>\n<p><span style=\"color: #000000; font-size: x-large;\"><span style=\"text-decoration: underline;\">1813-15<\/span><\/span><\/p>\n<p><span style=\"color: #000000; font-size: large;\">Bislig Johann-David als Garde J\u00e4ger u.des R.d.E.K.<\/span><\/p>\n<p><span style=\"color: #000000; font-size: large;\">Honow Carl als Grenadier<\/span><\/p>\n<p><span style=\"color: #000000; font-size: large;\">Klingert Joh.-Christ.-Andreas als Landwehrmann<\/span><\/p>\n<p><span style=\"color: #000000; font-size: large;\">Roloss Fr.-Wilh.-August als F\u00fcsilier<\/span><\/p>\n<p><span style=\"color: #000000; font-size: large;\">Walker Johann-Friedrich-Gottlieb als F\u00fcsilier u. des R.d.E.K.<\/span><\/p>\n<p>&nbsp;<\/p>\n<p><span style=\"color: #000000; font-size: x-large;\"><span style=\"text-decoration: underline;\">1864, 1866, 1870-71<\/span><\/span><\/p>\n<p><span style=\"color: #000000; font-size: large;\">H\u00e4nsch J.-H.-F. \u2020 18.08.1870 Gravelotte als Musketier<br \/>\n<span style=\"color: #000000; font-size: large;\">4. Comp. 7. Brand-Infanterie-Regiment Nr. 60<\/span><\/span><\/p>\n<p><span style=\"color: #000000; font-size: large;\">Hargesheimer J.-F.-C. \u2020 18.08.1870 Gravelotte als Musketier<br \/>\n<span style=\"color: #000000; font-size: large;\">4. Comp. 7. Brand-Infanterie-Regiment Nr. 60<\/span><\/span><\/p>\n<p><span style=\"color: #000000; font-size: large;\">Hargesheimer J.-L.-F. \u2020 16.08.1870 Thiouville als F\u00fcsilier<br \/>\n<span style=\"color: #000000; font-size: large;\">6. Comp. Brand-F\u00fcsilier-Regiment Nr. 35<\/span><\/span><\/p>\n<p><span style=\"color: #000000; font-size: large;\">Hoffmann L.-F. \u2020 06.02.1873 Berlin als F\u00fcsilier<br \/>\n<span style=\"color: #000000; font-size: large;\">durch Verwundung aus Gravelotte am 18.08.1870<br \/>\n<span style=\"color: #000000; font-size: large;\">9. Comp. 7. Brand-Infanterie-Regiment Nr. 60<\/span><\/span><\/span><\/p>\n<p><span style=\"color: #000000; font-size: large;\">M\u00fcller A.-Fr. \u2020 27.04.1864 Flensburg als Kanonier<br \/>\n<span style=\"color: #000000; font-size: large;\">2. Haub. Bataillon-Brand-Artillerie &#8211; Brigade Nr. 8<\/span><\/span><\/p>\n<p><span style=\"color: #000000; font-size: large;\">Sch\u00f6n A.-L. \u2020 28.11.1870 Courcelles als Musketier<br \/>\n<span style=\"color: #000000; font-size: large;\">4. Brand-Infanterie-Regiment Nr. 24<\/span><\/span><\/p>\n<p><span style=\"color: #000000; font-size: large;\">Musketier Sch\u00f6n J.-C.-H. \u2020 05.08.1866 Kloster Br\u00fcck b. Znaim<br \/>\n<span style=\"color: #000000; font-size: large;\">2. Comp. 7. Brand-Infanterie-Regiment Nr. 60<br \/>\n<\/span><\/span><\/p>\n","protected":false},"excerpt":{"rendered":"<p>&nbsp; Berlin-Friedrichshagen Christopherus-Kirche in der B\u00f6lschestra\u00dfe Bericht und Bilder von Thomas\u00a0Gefallenendenkm\u00e4ler Berlin\/Brandenburg Denkmal und Gedenktafel 1813-15, 1864, 1866, 1870-71 &nbsp; Zur Erinnerung an die f\u00fcr K\u00f6nig und Vaterland gefallenen S\u00f6hne aus Friedrichshagen Den Todten zur Ehre. Den Lebenden zum Vorbild &hellip; <a href=\"http:\/\/www.denkfried.de\/wp\/?page_id=12612\">Weiterlesen <span class=\"meta-nav\">&rarr;<\/span><\/a><\/p>\n","protected":false},"author":9,"featured_media":0,"parent":4574,"menu_order":0,"comment_status":"closed","ping_status":"open","template":"","meta":{"footnotes":""},"class_list":["post-12612","page","type-page","status-publish","hentry"],"_links":{"self":[{"href":"http:\/\/www.denkfried.de\/wp\/index.php?rest_route=\/wp\/v2\/pages\/12612","targetHints":{"allow":["GET"]}}],"collection":[{"href":"http:\/\/www.denkfried.de\/wp\/index.php?rest_route=\/wp\/v2\/pages"}],"about":[{"href":"http:\/\/www.denkfried.de\/wp\/index.php?rest_route=\/wp\/v2\/types\/page"}],"author":[{"embeddable":true,"href":"http:\/\/www.denkfried.de\/wp\/index.php?rest_route=\/wp\/v2\/users\/9"}],"replies":[{"embeddable":true,"href":"http:\/\/www.denkfried.de\/wp\/index.php?rest_route=%2Fwp%2Fv2%2Fcomments&post=12612"}],"version-history":[{"count":19,"href":"http:\/\/www.denkfried.de\/wp\/index.php?rest_route=\/wp\/v2\/pages\/12612\/revisions"}],"predecessor-version":[{"id":40060,"href":"http:\/\/www.denkfried.de\/wp\/index.php?rest_route=\/wp\/v2\/pages\/12612\/revisions\/40060"}],"up":[{"embeddable":true,"href":"http:\/\/www.denkfried.de\/wp\/index.php?rest_route=\/wp\/v2\/pages\/4574"}],"wp:attachment":[{"href":"http:\/\/www.denkfried.de\/wp\/index.php?rest_route=%2Fwp%2Fv2%2Fmedia&parent=12612"}],"curies":[{"name":"wp","href":"https:\/\/api.w.org\/{rel}","templated":true}]}}