{"id":12595,"date":"2011-10-22T15:05:51","date_gmt":"2011-10-22T13:05:51","guid":{"rendered":"http:\/\/www.denkfried.de\/wp\/?page_id=12595"},"modified":"2015-12-27T20:24:16","modified_gmt":"2015-12-27T19:24:16","slug":"spandau-siemensgefallene","status":"publish","type":"page","link":"http:\/\/www.denkfried.de\/wp\/?page_id=12595","title":{"rendered":"Spandau &#8211; Siemensstadt"},"content":{"rendered":"<p>&nbsp;<\/p>\n<p><strong>Berlin Spandau &#8211; Siemensstadt<\/strong><\/p>\n<p>Bericht und Bilder von Thomas\u00a0<a href=\"http:\/\/g-bb.jimdo.com\/\">Gefallenendenkm\u00e4ler Berlin\/Brandenburg<\/a><\/p>\n<div id='gallery-1' class='gallery galleryid-12595 gallery-columns-3 gallery-size-thumbnail'><dl class='gallery-item'>\n\t\t\t<dt class='gallery-icon portrait'>\n\t\t\t\t<a href='http:\/\/www.denkfried.de\/wp\/?attachment_id=12604'><img loading=\"lazy\" decoding=\"async\" width=\"150\" height=\"150\" src=\"http:\/\/www.denkfried.de\/wp\/wp-content\/uploads\/2011\/10\/PICT0172-150x150.jpg\" class=\"attachment-thumbnail size-thumbnail\" alt=\"\" \/><\/a>\n\t\t\t<\/dt><\/dl><dl class='gallery-item'>\n\t\t\t<dt class='gallery-icon portrait'>\n\t\t\t\t<a href='http:\/\/www.denkfried.de\/wp\/?attachment_id=12603'><img loading=\"lazy\" decoding=\"async\" width=\"150\" height=\"150\" src=\"http:\/\/www.denkfried.de\/wp\/wp-content\/uploads\/2011\/10\/PICT0171-150x150.jpg\" class=\"attachment-thumbnail size-thumbnail\" alt=\"\" \/><\/a>\n\t\t\t<\/dt><\/dl><dl class='gallery-item'>\n\t\t\t<dt class='gallery-icon landscape'>\n\t\t\t\t<a href='http:\/\/www.denkfried.de\/wp\/?attachment_id=12601'><img loading=\"lazy\" decoding=\"async\" width=\"150\" height=\"150\" src=\"http:\/\/www.denkfried.de\/wp\/wp-content\/uploads\/2011\/10\/PICT0164-150x150.jpg\" class=\"attachment-thumbnail size-thumbnail\" alt=\"\" \/><\/a>\n\t\t\t<\/dt><\/dl><br style=\"clear: both\" \/><dl class='gallery-item'>\n\t\t\t<dt class='gallery-icon landscape'>\n\t\t\t\t<a href='http:\/\/www.denkfried.de\/wp\/?attachment_id=12602'><img loading=\"lazy\" decoding=\"async\" width=\"150\" height=\"150\" src=\"http:\/\/www.denkfried.de\/wp\/wp-content\/uploads\/2011\/10\/PICT0167-150x150.jpg\" class=\"attachment-thumbnail size-thumbnail\" alt=\"\" \/><\/a>\n\t\t\t<\/dt><\/dl><dl class='gallery-item'>\n\t\t\t<dt class='gallery-icon landscape'>\n\t\t\t\t<a href='http:\/\/www.denkfried.de\/wp\/?attachment_id=12600'><img loading=\"lazy\" decoding=\"async\" width=\"150\" height=\"150\" src=\"http:\/\/www.denkfried.de\/wp\/wp-content\/uploads\/2011\/10\/PICT00441-150x150.jpg\" class=\"attachment-thumbnail size-thumbnail\" alt=\"\" \/><\/a>\n\t\t\t<\/dt><\/dl><dl class='gallery-item'>\n\t\t\t<dt class='gallery-icon portrait'>\n\t\t\t\t<a href='http:\/\/www.denkfried.de\/wp\/?attachment_id=12607'><img loading=\"lazy\" decoding=\"async\" width=\"150\" height=\"150\" src=\"http:\/\/www.denkfried.de\/wp\/wp-content\/uploads\/2011\/10\/PICT0097-150x150.jpg\" class=\"attachment-thumbnail size-thumbnail\" alt=\"\" \/><\/a>\n\t\t\t<\/dt><\/dl><br style=\"clear: both\" \/>\n\t\t<\/div>\n\n<p>Das in Form eines abgesenkten Hofes errichtetet Denkmal zur Erinnerung an die in den beiden Weltkriegen gefallenen Siemens-Mitarbeiter (Siemens-Ehrenmal) befindet sich an der Kreuzung Rohrdamm\/Nonnendammallee. Eine 24 \u00d7 28 Meter gro\u00dfe Platzfl\u00e4che ist mit Granitplatten ausgelegt; begrenzt wir dies durch eine rund 1,80 Meter hohe Umfriedung aus Muschelkalkstein mit Hintermauerungssteinen. Der tiefer gelegene Gedenkplatz selbst ist \u00fcber sechs Stufen von der Nonnendammallee aus zug\u00e4nglich.<\/p>\n<p>Das Denkmal wurde von Hans C. Hertlein gestaltet, die Einweihung erfolgte am 5. August 1934 durch Carl Friedrich von Siemens (1872\u20131941). An drei der vier W\u00e4nden des Hofes sind auf 118 gusseisernen Platten die Namen aller 2989 Gefallenen nach Kriegsjahren geordnet aufgef\u00fchrt.<\/p>\n<p style=\"text-align: center;\"><em><strong>Im Weltkrieg 1914\u201318 liessen ihr Leben f\u00fcr das Vaterland\u00a0<\/strong><\/em><br \/>\n<em><strong>2989 Kameraden aus den Siemenswerken Ihre Namen sind hier verewigt.<\/strong><\/em><\/p>\n<p>In der Mitte des Hofes befindet sich auf einer niedrigen, 2,2 \u00d7 3,3 Meter gro\u00dfen sarkophag\u00e4hnlichen Platte aus Muschelkalkstein ein Bronzeschwert. Die Plattenw\u00e4nde tragen die Umschrift<\/p>\n<p style=\"text-align: center;\"><em><strong>Den Unvergessenen Kameraden die im Weltkrieg den Heldentod starben das Haus Siemens<\/strong><\/em><\/p>\n<p>Am s\u00fcdwestlichen Rand der Umfriedung erhebt sich eine rund 16 Meter hohe rechteckige Stele aus Muschelkalkstein. Auf der Vorderseite findet sich die Jahreszahl 1914, ein Eichenblatt, die Jahreszahl 1918 und darunter ein Eisernes Kreuz. Auf dem Pfeiler sitzt ein rd. 2,5 Meter hoher Adler (Bronze) mit einer Fl\u00fcgelspannweite von 3,30 Metern. Schwert und Adler des Ehrenmals sind Arbeiten von Joseph Wackerle (1880\u20131959).<br \/>\nIm Jahr 1970 wurde das Denkmal f\u00fcr die im Zweiten Weltkrieg gefallenden Siemens-Mitarbeiter nach Entw\u00fcrfen von Karl Heinrich Schwennike (1901\u20131985) erweitert. F\u00fcr jedes Kriegsjahr wurde seitlich angeordnet ein wei\u00dfer monolithischer Quader aus Kunststein aufgestellt, der jeweils eine Jahreszahl tr\u00e4gt.<br \/>\n1994 lie\u00df die Firma Siemens die gesamte Gedenkst\u00e4tte restaurieren.<\/p>\n<p>&nbsp;<\/p>\n<p><strong>Namenslisten:<\/strong><\/p>\n<p>Insgesamt wurden 3022 Namen \u00fcbernommen<\/p>\n<p><a href=\"http:\/\/www.deutsche-ehrenmale.de\/ehren\/brand\/Namenslisten\/D-B-Spandau-Listen.HTML\">Hier geht es zu den Namenslisten<\/a> Deutsche-Ehrenmale.de<\/p>\n","protected":false},"excerpt":{"rendered":"<p>&nbsp; Berlin Spandau &#8211; Siemensstadt Bericht und Bilder von Thomas\u00a0Gefallenendenkm\u00e4ler Berlin\/Brandenburg Das in Form eines abgesenkten Hofes errichtetet Denkmal zur Erinnerung an die in den beiden Weltkriegen gefallenen Siemens-Mitarbeiter (Siemens-Ehrenmal) befindet sich an der Kreuzung Rohrdamm\/Nonnendammallee. Eine 24 \u00d7 28 &hellip; <a href=\"http:\/\/www.denkfried.de\/wp\/?page_id=12595\">Weiterlesen <span class=\"meta-nav\">&rarr;<\/span><\/a><\/p>\n","protected":false},"author":9,"featured_media":0,"parent":4568,"menu_order":0,"comment_status":"closed","ping_status":"open","template":"","meta":{"footnotes":""},"class_list":["post-12595","page","type-page","status-publish","hentry"],"_links":{"self":[{"href":"http:\/\/www.denkfried.de\/wp\/index.php?rest_route=\/wp\/v2\/pages\/12595","targetHints":{"allow":["GET"]}}],"collection":[{"href":"http:\/\/www.denkfried.de\/wp\/index.php?rest_route=\/wp\/v2\/pages"}],"about":[{"href":"http:\/\/www.denkfried.de\/wp\/index.php?rest_route=\/wp\/v2\/types\/page"}],"author":[{"embeddable":true,"href":"http:\/\/www.denkfried.de\/wp\/index.php?rest_route=\/wp\/v2\/users\/9"}],"replies":[{"embeddable":true,"href":"http:\/\/www.denkfried.de\/wp\/index.php?rest_route=%2Fwp%2Fv2%2Fcomments&post=12595"}],"version-history":[{"count":18,"href":"http:\/\/www.denkfried.de\/wp\/index.php?rest_route=\/wp\/v2\/pages\/12595\/revisions"}],"predecessor-version":[{"id":39947,"href":"http:\/\/www.denkfried.de\/wp\/index.php?rest_route=\/wp\/v2\/pages\/12595\/revisions\/39947"}],"up":[{"embeddable":true,"href":"http:\/\/www.denkfried.de\/wp\/index.php?rest_route=\/wp\/v2\/pages\/4568"}],"wp:attachment":[{"href":"http:\/\/www.denkfried.de\/wp\/index.php?rest_route=%2Fwp%2Fv2%2Fmedia&parent=12595"}],"curies":[{"name":"wp","href":"https:\/\/api.w.org\/{rel}","templated":true}]}}