{"id":12537,"date":"2011-10-22T12:38:15","date_gmt":"2011-10-22T10:38:15","guid":{"rendered":"http:\/\/www.denkfried.de\/wp\/?page_id=12537"},"modified":"2015-12-30T21:23:29","modified_gmt":"2015-12-30T20:23:29","slug":"juterbog-sudfriedhof","status":"publish","type":"page","link":"http:\/\/www.denkfried.de\/wp\/?page_id=12537","title":{"rendered":"S\u00fcdfriedhof"},"content":{"rendered":"<p>&nbsp;<\/p>\n<p><strong><span style=\"text-decoration: underline;\">14913 J\u00fcterbog &#8211; S\u00fcdfriedhof<\/span>, Waldauer Weg<\/strong><\/p>\n<p>Bericht und Bilder von Thomas\u00a0 <a href=\"http:\/\/g-bb.jimdo.com\/\">Gefallenendenkm\u00e4ler Berlin\/Brandenburg<\/a><\/p>\n<div id='gallery-1' class='gallery galleryid-12537 gallery-columns-3 gallery-size-thumbnail'><dl class='gallery-item'>\n\t\t\t<dt class='gallery-icon landscape'>\n\t\t\t\t<a href='http:\/\/www.denkfried.de\/wp\/?attachment_id=12544'><img loading=\"lazy\" decoding=\"async\" width=\"150\" height=\"150\" src=\"http:\/\/www.denkfried.de\/wp\/wp-content\/uploads\/2011\/10\/DSCF1202-150x150.jpg\" class=\"attachment-thumbnail size-thumbnail\" alt=\"\" \/><\/a>\n\t\t\t<\/dt><\/dl><dl class='gallery-item'>\n\t\t\t<dt class='gallery-icon landscape'>\n\t\t\t\t<a href='http:\/\/www.denkfried.de\/wp\/?attachment_id=12545'><img loading=\"lazy\" decoding=\"async\" width=\"150\" height=\"150\" src=\"http:\/\/www.denkfried.de\/wp\/wp-content\/uploads\/2011\/10\/DSCF1203-150x150.jpg\" class=\"attachment-thumbnail size-thumbnail\" alt=\"\" \/><\/a>\n\t\t\t<\/dt><\/dl><dl class='gallery-item'>\n\t\t\t<dt class='gallery-icon landscape'>\n\t\t\t\t<a href='http:\/\/www.denkfried.de\/wp\/?attachment_id=12546'><img loading=\"lazy\" decoding=\"async\" width=\"150\" height=\"150\" src=\"http:\/\/www.denkfried.de\/wp\/wp-content\/uploads\/2011\/10\/DSCF1204-150x150.jpg\" class=\"attachment-thumbnail size-thumbnail\" alt=\"\" \/><\/a>\n\t\t\t<\/dt><\/dl><br style=\"clear: both\" \/>\n\t\t<\/div>\n\n<p><strong>Zum Gedenken an 20 Deutsche Soldaten, die noch in den letzten Tagen des\u00a0 2. Weltkrieges<\/strong>\u00a0<em><strong>Ende April \/ Anfang Mai 1945 Gefallenen sind und auf dem S\u00fcdfriedhof in zwei<\/strong><\/em><br \/>\n<em><strong>Kameradengr\u00e4bern Bestattet wurden. Ihre Gr\u00e4ber wurden nach 1970 \u00dcbergebettet.<\/strong><\/em><\/p>\n<p>Eichelbaum Eberhard * 14.03.1927 \u2020 21.04.1945<br \/>\nF\u00f6ttinger Albin * 14.02.1927 \u2020 18.04.1945<br \/>\nHofg\u00e4ss Alfred * 08.02.1927 \u2020 18.04.1945<br \/>\nLippert Adolf * 06.03.1914 \u2020 24.04.1945<br \/>\nMoser Hubert * 19.11.1927 \u2020 18.04.1945<br \/>\nPellnitz Klaus * 21.03.1928 \u2020 18.04.1945<br \/>\nRubner Karl * 09.05.1927 \u2020 18.04.1945<br \/>\nThielmann Richard * 17.09.1910 \u2020 03.05.1945<\/p>\n<p>Sowie 12 Unbekannte Soldaten<\/p>\n<p><em><strong>Sorgt ihr, die ihr noch im Leben steht, dass Frieden bleibe<\/strong><\/em><br \/>\n<em><strong>Frieden zwischen den Menschen, Friede zwischen den V\u00f6lkern.<\/strong><\/em><\/p>\n<p>An der Wand sind noch Einschussl\u00f6cher zu sehen,<br \/>\nhier wurden Deutsche Soldaten hingerichtet.<\/p>\n","protected":false},"excerpt":{"rendered":"<p>&nbsp; 14913 J\u00fcterbog &#8211; S\u00fcdfriedhof, Waldauer Weg Bericht und Bilder von Thomas\u00a0 Gefallenendenkm\u00e4ler Berlin\/Brandenburg Zum Gedenken an 20 Deutsche Soldaten, die noch in den letzten Tagen des\u00a0 2. Weltkrieges\u00a0Ende April \/ Anfang Mai 1945 Gefallenen sind und auf dem S\u00fcdfriedhof &hellip; <a href=\"http:\/\/www.denkfried.de\/wp\/?page_id=12537\">Weiterlesen <span class=\"meta-nav\">&rarr;<\/span><\/a><\/p>\n","protected":false},"author":9,"featured_media":0,"parent":15708,"menu_order":0,"comment_status":"closed","ping_status":"open","template":"","meta":{"footnotes":""},"class_list":["post-12537","page","type-page","status-publish","hentry"],"_links":{"self":[{"href":"http:\/\/www.denkfried.de\/wp\/index.php?rest_route=\/wp\/v2\/pages\/12537","targetHints":{"allow":["GET"]}}],"collection":[{"href":"http:\/\/www.denkfried.de\/wp\/index.php?rest_route=\/wp\/v2\/pages"}],"about":[{"href":"http:\/\/www.denkfried.de\/wp\/index.php?rest_route=\/wp\/v2\/types\/page"}],"author":[{"embeddable":true,"href":"http:\/\/www.denkfried.de\/wp\/index.php?rest_route=\/wp\/v2\/users\/9"}],"replies":[{"embeddable":true,"href":"http:\/\/www.denkfried.de\/wp\/index.php?rest_route=%2Fwp%2Fv2%2Fcomments&post=12537"}],"version-history":[{"count":11,"href":"http:\/\/www.denkfried.de\/wp\/index.php?rest_route=\/wp\/v2\/pages\/12537\/revisions"}],"predecessor-version":[{"id":40301,"href":"http:\/\/www.denkfried.de\/wp\/index.php?rest_route=\/wp\/v2\/pages\/12537\/revisions\/40301"}],"up":[{"embeddable":true,"href":"http:\/\/www.denkfried.de\/wp\/index.php?rest_route=\/wp\/v2\/pages\/15708"}],"wp:attachment":[{"href":"http:\/\/www.denkfried.de\/wp\/index.php?rest_route=%2Fwp%2Fv2%2Fmedia&parent=12537"}],"curies":[{"name":"wp","href":"https:\/\/api.w.org\/{rel}","templated":true}]}}