{"id":1238,"date":"2011-04-08T00:05:25","date_gmt":"2011-04-07T22:05:25","guid":{"rendered":"http:\/\/www.denkfried.de\/wp\/?page_id=1238"},"modified":"2011-04-08T19:13:24","modified_gmt":"2011-04-08T17:13:24","slug":"middelfart","status":"publish","type":"page","link":"http:\/\/www.denkfried.de\/wp\/?page_id=1238","title":{"rendered":"MIDDELFART"},"content":{"rendered":"<p style=\"text-align: justify;\"><span style=\"text-decoration: underline; color: #ff0000;\"><strong>5500 Middelfart<\/strong><\/span><\/p>\n<p>Middelfart liegt ca.11 km s\u00fcdlich von Fredericia.<\/p>\n<p>Kriegsgr\u00e4berst\u00e4tte<\/p>\n<p><em><span style=\"text-decoration: underline;\">Aus dem Reisebericht von Hubert M. :<\/span><\/em><br \/>\n<em>&#8222;Wir  sind jetzt auf dem deutschen Soldatenfriedhof Middlefart auf der Insel  F\u00fcnen eingetroffen. <\/em><\/p>\n<p style=\"text-align: justify;\"><em>In einer eigenen Abteilung am alten Ortsfriedhof  wurde das Gr\u00e4berfeld f\u00fcr die 43 deutschen Soldaten angelegt. Ihre Namen  und Daten sind auf der Vorderseite zu jeweils zwei Namen in die  Natursteinkreuze eingearbeitet. Die genauen Grablagen der 86 Fl\u00fcchtlinge  konnte aber nicht mehr ermittelt werden, ihre Namen und Daten sind in  gro\u00dfe Steintafeln am Rande des Gr\u00e4berfeldes in den Boden eingelassen.  Ein Gro\u00dfes Hochkreuz aus Bronze ist der Mittelpunkt der Anlage die einen  gepflegten Eindruck vermittelt.&#8220;<\/em><\/p>\n<div id='gallery-1' class='gallery galleryid-1238 gallery-columns-3 gallery-size-thumbnail'><dl class='gallery-item'>\n\t\t\t<dt class='gallery-icon landscape'>\n\t\t\t\t<a href='http:\/\/www.denkfried.de\/wp\/?attachment_id=1305'><img loading=\"lazy\" decoding=\"async\" width=\"150\" height=\"150\" src=\"http:\/\/www.denkfried.de\/wp\/wp-content\/uploads\/2011\/04\/Middelfahrt-Gr\u00e4berfeld-05-150x150.jpg\" class=\"attachment-thumbnail size-thumbnail\" alt=\"\" \/><\/a>\n\t\t\t<\/dt><\/dl><dl class='gallery-item'>\n\t\t\t<dt class='gallery-icon portrait'>\n\t\t\t\t<a href='http:\/\/www.denkfried.de\/wp\/?attachment_id=1306'><img loading=\"lazy\" decoding=\"async\" width=\"150\" height=\"150\" src=\"http:\/\/www.denkfried.de\/wp\/wp-content\/uploads\/2011\/04\/Middelfahrt-Hochkreuz-02-150x150.jpg\" class=\"attachment-thumbnail size-thumbnail\" alt=\"\" \/><\/a>\n\t\t\t<\/dt><\/dl><dl class='gallery-item'>\n\t\t\t<dt class='gallery-icon landscape'>\n\t\t\t\t<a href='http:\/\/www.denkfried.de\/wp\/?attachment_id=1303'><img loading=\"lazy\" decoding=\"async\" width=\"150\" height=\"150\" src=\"http:\/\/www.denkfried.de\/wp\/wp-content\/uploads\/2011\/04\/Middelfahrt-Ansicht-Namentafeln-03-150x150.jpg\" class=\"attachment-thumbnail size-thumbnail\" alt=\"\" \/><\/a>\n\t\t\t<\/dt><\/dl><br style=\"clear: both\" \/><dl class='gallery-item'>\n\t\t\t<dt class='gallery-icon landscape'>\n\t\t\t\t<a href='http:\/\/www.denkfried.de\/wp\/?attachment_id=1304'><img loading=\"lazy\" decoding=\"async\" width=\"150\" height=\"150\" src=\"http:\/\/www.denkfried.de\/wp\/wp-content\/uploads\/2011\/04\/Middelfahrt-Gr\u00e4berfeld-01-150x150.jpg\" class=\"attachment-thumbnail size-thumbnail\" alt=\"\" \/><\/a>\n\t\t\t<\/dt><\/dl><dl class='gallery-item'>\n\t\t\t<dt class='gallery-icon portrait'>\n\t\t\t\t<a href='http:\/\/www.denkfried.de\/wp\/?attachment_id=1302'><img loading=\"lazy\" decoding=\"async\" width=\"150\" height=\"150\" src=\"http:\/\/www.denkfried.de\/wp\/wp-content\/uploads\/2011\/04\/Middelfahrt-Oberjunker-06-150x150.jpg\" class=\"attachment-thumbnail size-thumbnail\" alt=\"\" \/><\/a>\n\t\t\t<\/dt><\/dl><dl class='gallery-item'>\n\t\t\t<dt class='gallery-icon portrait'>\n\t\t\t\t<a href='http:\/\/www.denkfried.de\/wp\/?attachment_id=1307'><img loading=\"lazy\" decoding=\"async\" width=\"150\" height=\"150\" src=\"http:\/\/www.denkfried.de\/wp\/wp-content\/uploads\/2011\/04\/Middelfahrt-Namensnennung-04-150x150.jpg\" class=\"attachment-thumbnail size-thumbnail\" alt=\"\" \/><\/a>\n\t\t\t<\/dt><\/dl><br style=\"clear: both\" \/>\n\t\t<\/div>\n\n","protected":false},"excerpt":{"rendered":"<p>5500 Middelfart Middelfart liegt ca.11 km s\u00fcdlich von Fredericia. Kriegsgr\u00e4berst\u00e4tte Aus dem Reisebericht von Hubert M. : &#8222;Wir sind jetzt auf dem deutschen Soldatenfriedhof Middlefart auf der Insel F\u00fcnen eingetroffen. In einer eigenen Abteilung am alten Ortsfriedhof wurde das Gr\u00e4berfeld &hellip; <a href=\"http:\/\/www.denkfried.de\/wp\/?page_id=1238\">Weiterlesen <span class=\"meta-nav\">&rarr;<\/span><\/a><\/p>\n","protected":false},"author":2,"featured_media":0,"parent":274,"menu_order":0,"comment_status":"closed","ping_status":"open","template":"","meta":{"footnotes":""},"class_list":["post-1238","page","type-page","status-publish","hentry"],"_links":{"self":[{"href":"http:\/\/www.denkfried.de\/wp\/index.php?rest_route=\/wp\/v2\/pages\/1238","targetHints":{"allow":["GET"]}}],"collection":[{"href":"http:\/\/www.denkfried.de\/wp\/index.php?rest_route=\/wp\/v2\/pages"}],"about":[{"href":"http:\/\/www.denkfried.de\/wp\/index.php?rest_route=\/wp\/v2\/types\/page"}],"author":[{"embeddable":true,"href":"http:\/\/www.denkfried.de\/wp\/index.php?rest_route=\/wp\/v2\/users\/2"}],"replies":[{"embeddable":true,"href":"http:\/\/www.denkfried.de\/wp\/index.php?rest_route=%2Fwp%2Fv2%2Fcomments&post=1238"}],"version-history":[{"count":4,"href":"http:\/\/www.denkfried.de\/wp\/index.php?rest_route=\/wp\/v2\/pages\/1238\/revisions"}],"predecessor-version":[{"id":1301,"href":"http:\/\/www.denkfried.de\/wp\/index.php?rest_route=\/wp\/v2\/pages\/1238\/revisions\/1301"}],"up":[{"embeddable":true,"href":"http:\/\/www.denkfried.de\/wp\/index.php?rest_route=\/wp\/v2\/pages\/274"}],"wp:attachment":[{"href":"http:\/\/www.denkfried.de\/wp\/index.php?rest_route=%2Fwp%2Fv2%2Fmedia&parent=1238"}],"curies":[{"name":"wp","href":"https:\/\/api.w.org\/{rel}","templated":true}]}}