{"id":122,"date":"2011-03-30T17:56:48","date_gmt":"2011-03-30T17:56:48","guid":{"rendered":"http:\/\/www.bilderstapel.de\/test\/wp\/?page_id=122"},"modified":"2011-07-03T22:15:26","modified_gmt":"2011-07-03T20:15:26","slug":"europa-2","status":"publish","type":"page","link":"http:\/\/www.denkfried.de\/wp\/?page_id=122","title":{"rendered":"EUROPA &#8211;"},"content":{"rendered":"<p>&nbsp;<\/p>\n<h2><span style=\"text-decoration: underline;\"><strong>Die L\u00e4nder:<\/strong><\/span><\/h2>\n<p><a title=\"Albanien + Malta + T\u00fcrkei\" href=\"http:\/\/www.denkfried.de\/wp\/?page_id=261\">Albanien+Malta+T\u00fcrkei<\/a><\/p>\n<p><a title=\"Belgien\" href=\"http:\/\/www.denkfried.de\/wp\/?page_id=264\">Belgien<\/a><\/p>\n<p><a title=\"Bosnien-Herzegowina\" href=\"http:\/\/www.denkfried.de\/wp\/?page_id=267\">Bosnien-Herzegowina<\/a><\/p>\n<p><a title=\"Bulgarien\" href=\"http:\/\/www.denkfried.de\/wp\/?page_id=271\">Bulgarien<\/a><\/p>\n<p><a title=\"D\u00e4nemark\" href=\"http:\/\/www.denkfried.de\/wp\/?page_id=274\">D\u00e4nemark<\/a><\/p>\n<p><a title=\"England\/Gro\u00dfbritannien\" href=\"http:\/\/www.denkfried.de\/wp\/?page_id=278\">England\/Gro\u00dfbritannien<\/a><\/p>\n<p><a title=\"Estland\" href=\"http:\/\/www.denkfried.de\/wp\/?page_id=281\">Estland<\/a><\/p>\n<p><a title=\"Finnland\" href=\"http:\/\/www.denkfried.de\/wp\/?page_id=289\">Finnland<\/a><\/p>\n<p><a title=\"Frankreich\" href=\"http:\/\/www.denkfried.de\/wp\/?page_id=191\">Frankreich<\/a><\/p>\n<p><a title=\"Griechenland\" href=\"http:\/\/www.denkfried.de\/wp\/?page_id=294\">Griechenland<\/a><\/p>\n<p><a title=\"Irland + Island\" href=\"http:\/\/www.denkfried.de\/wp\/?page_id=296\">Irland+Island<\/a><\/p>\n<p><a title=\"Italien\" href=\"http:\/\/www.denkfried.de\/wp\/?page_id=299\">Italien<\/a><\/p>\n<p><a title=\"Kroatien\" href=\"http:\/\/www.denkfried.de\/wp\/?page_id=302\">Kroatien<\/a><\/p>\n<p><a title=\"Lettland\" href=\"http:\/\/www.denkfried.de\/wp\/?page_id=304\">Lettland<\/a><\/p>\n<p><a title=\"Litauen\" href=\"http:\/\/www.denkfried.de\/wp\/?page_id=311\">Litauen<\/a><\/p>\n<p><a title=\"Luxemburg\" href=\"http:\/\/www.denkfried.de\/wp\/?page_id=313\">Luxemburg<\/a><\/p>\n<p><a title=\"Mazedonien + Montenegro\" href=\"http:\/\/www.denkfried.de\/wp\/?page_id=316\">Mazedonien+Montenegro<\/a><\/p>\n<p><a title=\"Moldawien\" href=\"http:\/\/www.denkfried.de\/wp\/?page_id=319\">Moldawien<\/a><\/p>\n<p><a title=\"Niederlande\" href=\"http:\/\/www.denkfried.de\/wp\/?page_id=322\">Niederlande<\/a><\/p>\n<p><a title=\"Norwegen\" href=\"http:\/\/www.denkfried.de\/wp\/?page_id=325\">Norwegen<\/a><\/p>\n<p><a title=\"\u00d6sterreich\" href=\"http:\/\/www.denkfried.de\/wp\/?page_id=328\">\u00d6sterreich<\/a><\/p>\n<p><a title=\"Polen\" href=\"http:\/\/www.denkfried.de\/wp\/?page_id=331\">Polen<\/a><\/p>\n<p><a title=\"Portugal + Spanien\" href=\"http:\/\/www.denkfried.de\/wp\/?page_id=334\">Portugal+Spanien<\/a><\/p>\n<p><a title=\"Rum\u00e4nien\" href=\"http:\/\/www.denkfried.de\/wp\/?page_id=337\">Rum\u00e4nien<\/a><\/p>\n<p><a title=\"Russland\" href=\"http:\/\/www.denkfried.de\/wp\/?page_id=340\">Russland<\/a><\/p>\n<p><a title=\"Schweden\" href=\"http:\/\/www.denkfried.de\/wp\/?page_id=343\">Schweden<\/a><\/p>\n<p><a title=\"Schweiz\" href=\"http:\/\/www.denkfried.de\/wp\/?page_id=346\">Schweiz<\/a><\/p>\n<p><a title=\"Slowakei\" href=\"http:\/\/www.denkfried.de\/wp\/?page_id=349\">Slowakei<\/a><\/p>\n<p><a title=\"Serbien + Slowenien\" href=\"http:\/\/www.denkfried.de\/wp\/?page_id=352\">Serbien+Slowenien<\/a><\/p>\n<p><a title=\"Tschechien\" href=\"http:\/\/www.denkfried.de\/wp\/?page_id=355\">Tschechien<\/a><\/p>\n<p><a title=\"Ukraine\" href=\"http:\/\/www.denkfried.de\/wp\/?page_id=358\">Ukraine<\/a><\/p>\n<p><a title=\"Ungarn\" href=\"http:\/\/www.denkfried.de\/wp\/?page_id=361\">Ungarn<\/a><\/p>\n<p><a title=\"Wei\u00dfrussland\" href=\"http:\/\/www.denkfried.de\/wp\/?page_id=364\">Wei\u00dfrussland<\/a><\/p>\n<p>&nbsp;<\/p>\n","protected":false},"excerpt":{"rendered":"<p>&nbsp; Die L\u00e4nder: Albanien+Malta+T\u00fcrkei Belgien Bosnien-Herzegowina Bulgarien D\u00e4nemark England\/Gro\u00dfbritannien Estland Finnland Frankreich Griechenland Irland+Island Italien Kroatien Lettland Litauen Luxemburg Mazedonien+Montenegro Moldawien Niederlande Norwegen \u00d6sterreich Polen Portugal+Spanien Rum\u00e4nien Russland Schweden Schweiz Slowakei Serbien+Slowenien Tschechien Ukraine Ungarn Wei\u00dfrussland &nbsp;<\/p>\n","protected":false},"author":2,"featured_media":0,"parent":0,"menu_order":4,"comment_status":"open","ping_status":"closed","template":"","meta":{"footnotes":""},"class_list":["post-122","page","type-page","status-publish","hentry"],"_links":{"self":[{"href":"http:\/\/www.denkfried.de\/wp\/index.php?rest_route=\/wp\/v2\/pages\/122","targetHints":{"allow":["GET"]}}],"collection":[{"href":"http:\/\/www.denkfried.de\/wp\/index.php?rest_route=\/wp\/v2\/pages"}],"about":[{"href":"http:\/\/www.denkfried.de\/wp\/index.php?rest_route=\/wp\/v2\/types\/page"}],"author":[{"embeddable":true,"href":"http:\/\/www.denkfried.de\/wp\/index.php?rest_route=\/wp\/v2\/users\/2"}],"replies":[{"embeddable":true,"href":"http:\/\/www.denkfried.de\/wp\/index.php?rest_route=%2Fwp%2Fv2%2Fcomments&post=122"}],"version-history":[{"count":12,"href":"http:\/\/www.denkfried.de\/wp\/index.php?rest_route=\/wp\/v2\/pages\/122\/revisions"}],"predecessor-version":[{"id":138,"href":"http:\/\/www.denkfried.de\/wp\/index.php?rest_route=\/wp\/v2\/pages\/122\/revisions\/138"}],"wp:attachment":[{"href":"http:\/\/www.denkfried.de\/wp\/index.php?rest_route=%2Fwp%2Fv2%2Fmedia&parent=122"}],"curies":[{"name":"wp","href":"https:\/\/api.w.org\/{rel}","templated":true}]}}