{"id":12010,"date":"2011-10-19T18:14:24","date_gmt":"2011-10-19T16:14:24","guid":{"rendered":"http:\/\/www.denkfried.de\/wp\/?page_id=12010"},"modified":"2015-12-27T16:43:29","modified_gmt":"2015-12-27T15:43:29","slug":"beelitz-ot-elsholz","status":"publish","type":"page","link":"http:\/\/www.denkfried.de\/wp\/?page_id=12010","title":{"rendered":"Elsholz"},"content":{"rendered":"<p>&nbsp;<\/p>\n<p><span style=\"text-decoration: underline;\"><strong>14547 Beelitz &#8211; OT Elsholz<\/strong><\/span><\/p>\n<p>Bericht und Bilder von Thomas\u00a0<a href=\"http:\/\/g-bb.jimdo.com\/\">Gefallenendenkm\u00e4ler Berlin\/Brandenburg<\/a><\/p>\n<div id='gallery-1' class='gallery galleryid-12010 gallery-columns-4 gallery-size-thumbnail'><dl class='gallery-item'>\n\t\t\t<dt class='gallery-icon landscape'>\n\t\t\t\t<a href='http:\/\/www.denkfried.de\/wp\/?attachment_id=21827'><img loading=\"lazy\" decoding=\"async\" width=\"150\" height=\"150\" src=\"http:\/\/www.denkfried.de\/wp\/wp-content\/uploads\/2011\/10\/DSCF2009-150x150.jpg\" class=\"attachment-thumbnail size-thumbnail\" alt=\"\" \/><\/a>\n\t\t\t<\/dt><\/dl><dl class='gallery-item'>\n\t\t\t<dt class='gallery-icon landscape'>\n\t\t\t\t<a href='http:\/\/www.denkfried.de\/wp\/?attachment_id=21822'><img loading=\"lazy\" decoding=\"async\" width=\"150\" height=\"150\" src=\"http:\/\/www.denkfried.de\/wp\/wp-content\/uploads\/2011\/10\/DSCF2003-150x150.jpg\" class=\"attachment-thumbnail size-thumbnail\" alt=\"\" \/><\/a>\n\t\t\t<\/dt><\/dl><dl class='gallery-item'>\n\t\t\t<dt class='gallery-icon landscape'>\n\t\t\t\t<a href='http:\/\/www.denkfried.de\/wp\/?attachment_id=21821'><img loading=\"lazy\" decoding=\"async\" width=\"150\" height=\"150\" src=\"http:\/\/www.denkfried.de\/wp\/wp-content\/uploads\/2011\/10\/DSCF2002-150x150.jpg\" class=\"attachment-thumbnail size-thumbnail\" alt=\"\" \/><\/a>\n\t\t\t<\/dt><\/dl><dl class='gallery-item'>\n\t\t\t<dt class='gallery-icon landscape'>\n\t\t\t\t<a href='http:\/\/www.denkfried.de\/wp\/?attachment_id=21824'><img loading=\"lazy\" decoding=\"async\" width=\"150\" height=\"150\" src=\"http:\/\/www.denkfried.de\/wp\/wp-content\/uploads\/2011\/10\/DSCF2005-150x150.jpg\" class=\"attachment-thumbnail size-thumbnail\" alt=\"\" \/><\/a>\n\t\t\t<\/dt><\/dl><br style=\"clear: both\" \/><dl class='gallery-item'>\n\t\t\t<dt class='gallery-icon landscape'>\n\t\t\t\t<a href='http:\/\/www.denkfried.de\/wp\/?attachment_id=21823'><img loading=\"lazy\" decoding=\"async\" width=\"150\" height=\"150\" src=\"http:\/\/www.denkfried.de\/wp\/wp-content\/uploads\/2011\/10\/DSCF2004-150x150.jpg\" class=\"attachment-thumbnail size-thumbnail\" alt=\"\" \/><\/a>\n\t\t\t<\/dt><\/dl><dl class='gallery-item'>\n\t\t\t<dt class='gallery-icon portrait'>\n\t\t\t\t<a href='http:\/\/www.denkfried.de\/wp\/?attachment_id=12017'><img loading=\"lazy\" decoding=\"async\" width=\"150\" height=\"150\" src=\"http:\/\/www.denkfried.de\/wp\/wp-content\/uploads\/2011\/10\/DSCF1190-150x150.jpg\" class=\"attachment-thumbnail size-thumbnail\" alt=\"\" \/><\/a>\n\t\t\t<\/dt><\/dl><dl class='gallery-item'>\n\t\t\t<dt class='gallery-icon landscape'>\n\t\t\t\t<a href='http:\/\/www.denkfried.de\/wp\/?attachment_id=21826'><img loading=\"lazy\" decoding=\"async\" width=\"150\" height=\"150\" src=\"http:\/\/www.denkfried.de\/wp\/wp-content\/uploads\/2011\/10\/DSCF2008-150x150.jpg\" class=\"attachment-thumbnail size-thumbnail\" alt=\"\" \/><\/a>\n\t\t\t<\/dt><\/dl><dl class='gallery-item'>\n\t\t\t<dt class='gallery-icon portrait'>\n\t\t\t\t<a href='http:\/\/www.denkfried.de\/wp\/?attachment_id=21825'><img loading=\"lazy\" decoding=\"async\" width=\"150\" height=\"150\" src=\"http:\/\/www.denkfried.de\/wp\/wp-content\/uploads\/2011\/10\/DSCF2007-150x150.jpg\" class=\"attachment-thumbnail size-thumbnail\" alt=\"Erich Keller\" \/><\/a>\n\t\t\t<\/dt><\/dl><br style=\"clear: both\" \/>\n\t\t<\/div>\n\n<p>Auf dem Friedhof ist eine Anlage f\u00fcr Gefallenen Ende des 2. Weltkrieges. Ein Sammelgrab, auf der anderen Seite sind noch Einzelgr\u00e4ber. Im April 2012 wurde nun das Holzkreuz aufgestellt, es steht f\u00fcr den Kriegsende und hat folgende Erl\u00e4uterung:<\/p>\n<p><span style=\"text-decoration: underline;\"><strong>Elsholz im April \/ Mai 1945<\/strong><\/span><\/p>\n<p>Hier in Elsholz trafen zwischen dem 30.04. und 02.05. 1945 die \u00dcberlebenden aus dem Kessel Halbe (9.Armee) ein, haupts\u00e4chlich in zwei \u00a0Marschs\u00e4ulen \u00fcber Sch\u00f6nfeld und Wittbrietzen. Aus dem Raum n\u00f6rdlich von Luckenwalde war unter gro\u00dfen Menschenopfern der Durchbruch durch die Sperrlinie der Roten Armee gelungen. Seit einigen Tagen hatte die 12. Armee die Linie Ferch \/ Beelitz \/ Treuenbrietzen freigek\u00e4mpft. Bei Ferch kam die aus Potsdam ausgebrochenen &#8222;Armeegruppe Spree&#8220; noch hinzu. Die Angst vor der Roten Armee war \u00dcberm\u00e4chtig. In gemeinsamer Flucht gelangten \u00fcber 120 000 Soldaten und Zivilisten bis an die Elbe zwischen Burg und Tangerm\u00fcnde und begaben sich in Amerikanische Gefangenschaft. (K\u00e4mpfe dort bis zum 08.05.1945) Im Gro\u00dfraum Beelitz starben vom 22.04. (Einmarsch der Roten Armee) bis 02.05.1945 \u00fcber 2200 Soldaten und Zivilisten, dabei 870 Rotarmisten. <strong>Wir Gedenken aller Kriegsopfer !<\/strong><\/p>\n<p><span style=\"text-decoration: underline;\"><strong>Inschrift am Sammelgrab:<\/strong><\/span><\/p>\n<p style=\"text-align: center;\"><em><strong><span style=\"color: #000000;\">Hier ruhen 109 Opfer des 2. Weltkrieges, die im Mai 1945<br \/>\nin Elsholz Gefallen sind. 19 Blieben unbekannt.<\/span><\/strong><\/em><\/p>\n<p style=\"text-align: center;\"><em><strong>Sorgt ihr, die ihr noch im Leben steht, dass Frieden bleibe,<\/strong><\/em><br \/>\n<em><strong> Frieden zwischen den Menschen, Friede zwischen den V\u00f6lkern.<\/strong><\/em><\/p>\n<p>&nbsp;<\/p>\n<ul>\n<li><strong><a href=\"http:\/\/www.denkfried.de\/wp\/wp-content\/uploads\/2011\/10\/Elsholz.html\">Namensliste<\/a><\/strong><\/li>\n<\/ul>\n<p><span style=\"text-decoration: underline;\"><strong>Private Gedenken 1939 &#8211; 1945<\/strong><\/span><\/p>\n<p>Keller Erich * 06.01.1911 vermi\u00dft 21.01.1943<br \/>\nWillmann Ewald * 03.05.1922 vermi\u00dft April 1945<\/p>\n<p>&nbsp;<\/p>\n","protected":false},"excerpt":{"rendered":"<p>&nbsp; 14547 Beelitz &#8211; OT Elsholz Bericht und Bilder von Thomas\u00a0Gefallenendenkm\u00e4ler Berlin\/Brandenburg Auf dem Friedhof ist eine Anlage f\u00fcr Gefallenen Ende des 2. Weltkrieges. Ein Sammelgrab, auf der anderen Seite sind noch Einzelgr\u00e4ber. Im April 2012 wurde nun das Holzkreuz &hellip; <a href=\"http:\/\/www.denkfried.de\/wp\/?page_id=12010\">Weiterlesen <span class=\"meta-nav\">&rarr;<\/span><\/a><\/p>\n","protected":false},"author":9,"featured_media":0,"parent":16880,"menu_order":0,"comment_status":"closed","ping_status":"open","template":"","meta":{"footnotes":""},"class_list":["post-12010","page","type-page","status-publish","hentry"],"_links":{"self":[{"href":"http:\/\/www.denkfried.de\/wp\/index.php?rest_route=\/wp\/v2\/pages\/12010","targetHints":{"allow":["GET"]}}],"collection":[{"href":"http:\/\/www.denkfried.de\/wp\/index.php?rest_route=\/wp\/v2\/pages"}],"about":[{"href":"http:\/\/www.denkfried.de\/wp\/index.php?rest_route=\/wp\/v2\/types\/page"}],"author":[{"embeddable":true,"href":"http:\/\/www.denkfried.de\/wp\/index.php?rest_route=\/wp\/v2\/users\/9"}],"replies":[{"embeddable":true,"href":"http:\/\/www.denkfried.de\/wp\/index.php?rest_route=%2Fwp%2Fv2%2Fcomments&post=12010"}],"version-history":[{"count":22,"href":"http:\/\/www.denkfried.de\/wp\/index.php?rest_route=\/wp\/v2\/pages\/12010\/revisions"}],"predecessor-version":[{"id":39816,"href":"http:\/\/www.denkfried.de\/wp\/index.php?rest_route=\/wp\/v2\/pages\/12010\/revisions\/39816"}],"up":[{"embeddable":true,"href":"http:\/\/www.denkfried.de\/wp\/index.php?rest_route=\/wp\/v2\/pages\/16880"}],"wp:attachment":[{"href":"http:\/\/www.denkfried.de\/wp\/index.php?rest_route=%2Fwp%2Fv2%2Fmedia&parent=12010"}],"curies":[{"name":"wp","href":"https:\/\/api.w.org\/{rel}","templated":true}]}}