{"id":11945,"date":"2011-10-18T23:02:09","date_gmt":"2011-10-18T21:02:09","guid":{"rendered":"http:\/\/www.denkfried.de\/wp\/?page_id=11945"},"modified":"2015-12-30T20:51:04","modified_gmt":"2015-12-30T19:51:04","slug":"werder-derwitz","status":"publish","type":"page","link":"http:\/\/www.denkfried.de\/wp\/?page_id=11945","title":{"rendered":"Derwitz"},"content":{"rendered":"<p>&nbsp;<\/p>\n<p><span style=\"text-decoration: underline;\"><strong>14450 Werder (Havel) &#8211; OT Derwitz<\/strong><\/span><\/p>\n<p>Bericht und Bilder von Thomas\u00a0 <a href=\"http:\/\/g-bb.jimdo.com\/\">Gefallenendenkm\u00e4ler Berlin\/Brandenburg<\/a><\/p>\n<div id='gallery-1' class='gallery galleryid-11945 gallery-columns-4 gallery-size-thumbnail'><dl class='gallery-item'>\n\t\t\t<dt class='gallery-icon landscape'>\n\t\t\t\t<a href='http:\/\/www.denkfried.de\/wp\/?attachment_id=15822'><img loading=\"lazy\" decoding=\"async\" width=\"150\" height=\"150\" src=\"http:\/\/www.denkfried.de\/wp\/wp-content\/uploads\/2011\/10\/DSC01844-150x150.jpg\" class=\"attachment-thumbnail size-thumbnail\" alt=\"\" \/><\/a>\n\t\t\t<\/dt><\/dl><dl class='gallery-item'>\n\t\t\t<dt class='gallery-icon portrait'>\n\t\t\t\t<a href='http:\/\/www.denkfried.de\/wp\/?attachment_id=15823'><img loading=\"lazy\" decoding=\"async\" width=\"150\" height=\"150\" src=\"http:\/\/www.denkfried.de\/wp\/wp-content\/uploads\/2011\/10\/DSC01845-150x150.jpg\" class=\"attachment-thumbnail size-thumbnail\" alt=\"\" \/><\/a>\n\t\t\t<\/dt><\/dl><dl class='gallery-item'>\n\t\t\t<dt class='gallery-icon portrait'>\n\t\t\t\t<a href='http:\/\/www.denkfried.de\/wp\/?attachment_id=15825'><img loading=\"lazy\" decoding=\"async\" width=\"150\" height=\"150\" src=\"http:\/\/www.denkfried.de\/wp\/wp-content\/uploads\/2011\/10\/DSC01847-150x150.jpg\" class=\"attachment-thumbnail size-thumbnail\" alt=\"\" \/><\/a>\n\t\t\t<\/dt><\/dl><dl class='gallery-item'>\n\t\t\t<dt class='gallery-icon landscape'>\n\t\t\t\t<a href='http:\/\/www.denkfried.de\/wp\/?attachment_id=15824'><img loading=\"lazy\" decoding=\"async\" width=\"150\" height=\"150\" src=\"http:\/\/www.denkfried.de\/wp\/wp-content\/uploads\/2011\/10\/DSC01846-150x150.jpg\" class=\"attachment-thumbnail size-thumbnail\" alt=\"\" \/><\/a>\n\t\t\t<\/dt><\/dl><br style=\"clear: both\" \/><dl class='gallery-item'>\n\t\t\t<dt class='gallery-icon portrait'>\n\t\t\t\t<a href='http:\/\/www.denkfried.de\/wp\/?attachment_id=11952'><img loading=\"lazy\" decoding=\"async\" width=\"150\" height=\"150\" src=\"http:\/\/www.denkfried.de\/wp\/wp-content\/uploads\/2011\/10\/DSCF0059-150x150.jpg\" class=\"attachment-thumbnail size-thumbnail\" alt=\"\" \/><\/a>\n\t\t\t<\/dt><\/dl><dl class='gallery-item'>\n\t\t\t<dt class='gallery-icon portrait'>\n\t\t\t\t<a href='http:\/\/www.denkfried.de\/wp\/?attachment_id=11950'><img loading=\"lazy\" decoding=\"async\" width=\"150\" height=\"150\" src=\"http:\/\/www.denkfried.de\/wp\/wp-content\/uploads\/2011\/10\/DSCF0051-150x150.jpg\" class=\"attachment-thumbnail size-thumbnail\" alt=\"\" \/><\/a>\n\t\t\t<\/dt><\/dl><dl class='gallery-item'>\n\t\t\t<dt class='gallery-icon portrait'>\n\t\t\t\t<a href='http:\/\/www.denkfried.de\/wp\/?attachment_id=11954'><img loading=\"lazy\" decoding=\"async\" width=\"150\" height=\"150\" src=\"http:\/\/www.denkfried.de\/wp\/wp-content\/uploads\/2011\/10\/privates-Ehrenmal-1939-1945-150x150.jpg\" class=\"attachment-thumbnail size-thumbnail\" alt=\"\" \/><\/a>\n\t\t\t<\/dt><\/dl>\n\t\t\t<br style='clear: both' \/>\n\t\t<\/div>\n\n<p><strong>Gedenktafeln<\/strong><\/p>\n<p>In der Dorfirche gibt es drei Gedenktafeln. Eine f\u00fcr die Gefallenen des Befreiungskrieges von 1813-15 und jeweils eine f\u00fcr die Weltkriege.<\/p>\n<p>1813-15<\/p>\n<p style=\"text-align: center;\"><strong>Aus diesem Kirchspiel starben f\u00fcr K\u00f6nig und Vaterland<\/strong><\/p>\n<ul>\n<li>Friedrich Kucuk als Mq. fiel am\u00a023.02.1814<\/li>\n<li>Peter Kucuk als Mq. fiel am\u00a018.10.1813 b. Leipzig<\/li>\n<li>Christian Wills als Mq. fiel am\u00a018.10.1813 b. Leipzig<\/li>\n<\/ul>\n<p><strong>1914-1918<\/strong><\/p>\n<p style=\"text-align: center;\"><strong>1914-1918 <\/strong><br \/>\n<strong>Den Tod f\u00fcrs Vaterland starben starben aus der Gemeinde Derwitz die sechs Br\u00fcderpaare<\/strong><\/p>\n<p><strong>1939-1945<\/strong><\/p>\n<p style=\"text-align: center;\"><strong>1939-1945 <\/strong><\/p>\n<p style=\"text-align: center;\"><strong>Jesus lebt, mit ihm auch ich!<\/strong><\/p>\n<p><strong>Denkmal<\/strong> an der Derwitzer Dorfstra\u00dfe,\u00a0f\u00fcr die Gefallenen beider Weltkriege.<\/p>\n<p style=\"text-align: center;\"><em><strong>Niemand hat gr\u00f6\u00dfere Liebe denn die, da\u00df er sein Leben l\u00e4\u00dft f\u00fcr seine Freunde.<\/strong><\/em><\/p>\n<p style=\"text-align: center;\"><em><strong>Ihren bis in den Tod getreuen Helden. Die dankbare Gemeinde Derwitz<\/strong><\/em><\/p>\n<p>An der Dorfkirche ist ein privates Grab eines Gefallenen aus den Zweiten Weltkrieg.<\/p>\n<p>Unteroffizier G\u00e4dicke Otto * 23.09.1917 \u2020 05.11.1942<br \/>\nInhaber des Eisernen Kreuzes 1. und 2. Klasse und Panzersturmabzeichen<\/p>\n","protected":false},"excerpt":{"rendered":"<p>&nbsp; 14450 Werder (Havel) &#8211; OT Derwitz Bericht und Bilder von Thomas\u00a0 Gefallenendenkm\u00e4ler Berlin\/Brandenburg Gedenktafeln In der Dorfirche gibt es drei Gedenktafeln. Eine f\u00fcr die Gefallenen des Befreiungskrieges von 1813-15 und jeweils eine f\u00fcr die Weltkriege. 1813-15 Aus diesem Kirchspiel &hellip; <a href=\"http:\/\/www.denkfried.de\/wp\/?page_id=11945\">Weiterlesen <span class=\"meta-nav\">&rarr;<\/span><\/a><\/p>\n","protected":false},"author":9,"featured_media":0,"parent":15828,"menu_order":0,"comment_status":"closed","ping_status":"open","template":"","meta":{"footnotes":""},"class_list":["post-11945","page","type-page","status-publish","hentry"],"_links":{"self":[{"href":"http:\/\/www.denkfried.de\/wp\/index.php?rest_route=\/wp\/v2\/pages\/11945","targetHints":{"allow":["GET"]}}],"collection":[{"href":"http:\/\/www.denkfried.de\/wp\/index.php?rest_route=\/wp\/v2\/pages"}],"about":[{"href":"http:\/\/www.denkfried.de\/wp\/index.php?rest_route=\/wp\/v2\/types\/page"}],"author":[{"embeddable":true,"href":"http:\/\/www.denkfried.de\/wp\/index.php?rest_route=\/wp\/v2\/users\/9"}],"replies":[{"embeddable":true,"href":"http:\/\/www.denkfried.de\/wp\/index.php?rest_route=%2Fwp%2Fv2%2Fcomments&post=11945"}],"version-history":[{"count":20,"href":"http:\/\/www.denkfried.de\/wp\/index.php?rest_route=\/wp\/v2\/pages\/11945\/revisions"}],"predecessor-version":[{"id":40276,"href":"http:\/\/www.denkfried.de\/wp\/index.php?rest_route=\/wp\/v2\/pages\/11945\/revisions\/40276"}],"up":[{"embeddable":true,"href":"http:\/\/www.denkfried.de\/wp\/index.php?rest_route=\/wp\/v2\/pages\/15828"}],"wp:attachment":[{"href":"http:\/\/www.denkfried.de\/wp\/index.php?rest_route=%2Fwp%2Fv2%2Fmedia&parent=11945"}],"curies":[{"name":"wp","href":"https:\/\/api.w.org\/{rel}","templated":true}]}}