{"id":1187,"date":"2011-04-07T22:11:16","date_gmt":"2011-04-07T20:11:16","guid":{"rendered":"http:\/\/www.denkfried.de\/wp\/?page_id=1187"},"modified":"2011-04-07T22:11:16","modified_gmt":"2011-04-07T20:11:16","slug":"holstebo","status":"publish","type":"page","link":"http:\/\/www.denkfried.de\/wp\/?page_id=1187","title":{"rendered":"HOLSTEBO"},"content":{"rendered":"<p>&nbsp;<\/p>\n<p style=\"text-align: justify;\"><span style=\"text-decoration: underline; color: #ff0000;\"><strong>7500 Holstebro<\/strong><\/span><\/p>\n<p><em><span style=\"text-decoration: underline;\">Aus dem Reisebericht von Hubert M. :<\/span><\/em><\/p>\n<p style=\"text-align: justify;\"><em>Nun  besuchen wir den Deutschen Soldatenfriedhof des Zweiten Weltkriegs  Nr.15 in Holstebro. <\/em><\/p>\n<p style=\"text-align: justify;\"><em>Das Gr\u00e4berfeld wurde am Rande des Zivilfriedhofes im  Ort angelegt. Auf Natursteinsteelen sind jeweils vier Namen und Daten  der hier verstorbenen Fl\u00fcchtlinge eingraviert, bei den Steelen f\u00fcr die  Soldaten die man rechts vom Zivilgr\u00e4berfeld angelegt hat sind von zwei  gefallenen Soldaten Namen, Rang und Daten festgehalten.<\/em><br \/>\n<em> 92 Zivilisten und 8 Soldaten sind hier beigesetzt.<\/em><\/p>\n<div id='gallery-1' class='gallery galleryid-1187 gallery-columns-4 gallery-size-thumbnail'><dl class='gallery-item'>\n\t\t\t<dt class='gallery-icon landscape'>\n\t\t\t\t<a href='http:\/\/www.denkfried.de\/wp\/?attachment_id=1188'><img loading=\"lazy\" decoding=\"async\" width=\"150\" height=\"150\" src=\"http:\/\/www.denkfried.de\/wp\/wp-content\/uploads\/2011\/04\/Holstebro-Hinweisplatte-01-150x150.jpg\" class=\"attachment-thumbnail size-thumbnail\" alt=\"\" \/><\/a>\n\t\t\t<\/dt><\/dl><dl class='gallery-item'>\n\t\t\t<dt class='gallery-icon landscape'>\n\t\t\t\t<a href='http:\/\/www.denkfried.de\/wp\/?attachment_id=1189'><img loading=\"lazy\" decoding=\"async\" width=\"150\" height=\"150\" src=\"http:\/\/www.denkfried.de\/wp\/wp-content\/uploads\/2011\/04\/Holstebro-Ansicht-Zivilgr\u00e4ber-02-150x150.jpg\" class=\"attachment-thumbnail size-thumbnail\" alt=\"\" \/><\/a>\n\t\t\t<\/dt><\/dl><dl class='gallery-item'>\n\t\t\t<dt class='gallery-icon landscape'>\n\t\t\t\t<a href='http:\/\/www.denkfried.de\/wp\/?attachment_id=1190'><img loading=\"lazy\" decoding=\"async\" width=\"150\" height=\"150\" src=\"http:\/\/www.denkfried.de\/wp\/wp-content\/uploads\/2011\/04\/Holstebro-Grablage-Soldaten-03-150x150.jpg\" class=\"attachment-thumbnail size-thumbnail\" alt=\"\" \/><\/a>\n\t\t\t<\/dt><\/dl><dl class='gallery-item'>\n\t\t\t<dt class='gallery-icon portrait'>\n\t\t\t\t<a href='http:\/\/www.denkfried.de\/wp\/?attachment_id=1191'><img loading=\"lazy\" decoding=\"async\" width=\"150\" height=\"150\" src=\"http:\/\/www.denkfried.de\/wp\/wp-content\/uploads\/2011\/04\/Holstebro-Steele-Soldaten-04-150x150.jpg\" class=\"attachment-thumbnail size-thumbnail\" alt=\"\" \/><\/a>\n\t\t\t<\/dt><\/dl><br style=\"clear: both\" \/>\n\t\t<\/div>\n\n","protected":false},"excerpt":{"rendered":"<p>&nbsp; 7500 Holstebro Aus dem Reisebericht von Hubert M. : Nun besuchen wir den Deutschen Soldatenfriedhof des Zweiten Weltkriegs Nr.15 in Holstebro. Das Gr\u00e4berfeld wurde am Rande des Zivilfriedhofes im Ort angelegt. Auf Natursteinsteelen sind jeweils vier Namen und Daten &hellip; <a href=\"http:\/\/www.denkfried.de\/wp\/?page_id=1187\">Weiterlesen <span class=\"meta-nav\">&rarr;<\/span><\/a><\/p>\n","protected":false},"author":2,"featured_media":0,"parent":274,"menu_order":0,"comment_status":"closed","ping_status":"open","template":"","meta":{"footnotes":""},"class_list":["post-1187","page","type-page","status-publish","hentry"],"_links":{"self":[{"href":"http:\/\/www.denkfried.de\/wp\/index.php?rest_route=\/wp\/v2\/pages\/1187","targetHints":{"allow":["GET"]}}],"collection":[{"href":"http:\/\/www.denkfried.de\/wp\/index.php?rest_route=\/wp\/v2\/pages"}],"about":[{"href":"http:\/\/www.denkfried.de\/wp\/index.php?rest_route=\/wp\/v2\/types\/page"}],"author":[{"embeddable":true,"href":"http:\/\/www.denkfried.de\/wp\/index.php?rest_route=\/wp\/v2\/users\/2"}],"replies":[{"embeddable":true,"href":"http:\/\/www.denkfried.de\/wp\/index.php?rest_route=%2Fwp%2Fv2%2Fcomments&post=1187"}],"version-history":[{"count":3,"href":"http:\/\/www.denkfried.de\/wp\/index.php?rest_route=\/wp\/v2\/pages\/1187\/revisions"}],"predecessor-version":[{"id":1194,"href":"http:\/\/www.denkfried.de\/wp\/index.php?rest_route=\/wp\/v2\/pages\/1187\/revisions\/1194"}],"up":[{"embeddable":true,"href":"http:\/\/www.denkfried.de\/wp\/index.php?rest_route=\/wp\/v2\/pages\/274"}],"wp:attachment":[{"href":"http:\/\/www.denkfried.de\/wp\/index.php?rest_route=%2Fwp%2Fv2%2Fmedia&parent=1187"}],"curies":[{"name":"wp","href":"https:\/\/api.w.org\/{rel}","templated":true}]}}