{"id":11734,"date":"2011-10-15T21:23:38","date_gmt":"2011-10-15T19:23:38","guid":{"rendered":"http:\/\/www.denkfried.de\/wp\/?page_id=11734"},"modified":"2015-12-27T17:26:04","modified_gmt":"2015-12-27T16:26:04","slug":"buren","status":"publish","type":"page","link":"http:\/\/www.denkfried.de\/wp\/?page_id=11734","title":{"rendered":"B\u00fcren &#8211; Meinolfuskapelle"},"content":{"rendered":"<p>&nbsp;<\/p>\n<p><span style=\"text-decoration: underline;\"><strong>33142 B\u00fcren &#8211; Meinolfuskapelle<\/strong><\/span><\/p>\n<p>Bericht und Bilder von Thomas\u00a0<a href=\"http:\/\/g-bb.jimdo.com\/\">Gefallenendenkm\u00e4ler Berlin\/Brandenburg<\/a><\/p>\n<div id='gallery-1' class='gallery galleryid-11734 gallery-columns-3 gallery-size-thumbnail'><dl class='gallery-item'>\n\t\t\t<dt class='gallery-icon landscape'>\n\t\t\t\t<a href='http:\/\/www.denkfried.de\/wp\/?attachment_id=11747'><img loading=\"lazy\" decoding=\"async\" width=\"150\" height=\"150\" src=\"http:\/\/www.denkfried.de\/wp\/wp-content\/uploads\/2011\/10\/Meinolfuskapelle-150x150.jpg\" class=\"attachment-thumbnail size-thumbnail\" alt=\"\" \/><\/a>\n\t\t\t<\/dt><\/dl><dl class='gallery-item'>\n\t\t\t<dt class='gallery-icon landscape'>\n\t\t\t\t<a href='http:\/\/www.denkfried.de\/wp\/?attachment_id=11748'><img loading=\"lazy\" decoding=\"async\" width=\"150\" height=\"150\" src=\"http:\/\/www.denkfried.de\/wp\/wp-content\/uploads\/2011\/10\/Ehrengrab-150x150.jpg\" class=\"attachment-thumbnail size-thumbnail\" alt=\"\" \/><\/a>\n\t\t\t<\/dt><\/dl>\n\t\t\t<br style='clear: both' \/>\n\t\t<\/div>\n\n<p>Die Meinolfuskapelle ist eine Kapelle in der ostwestf\u00e4lischen Stadt B\u00fcren im Kreis Paderborn in Nordrhein-Westfalen.<\/p>\n<p>Sie befindet sich im Tal des Friedens an der Landstra\u00dfe 818 zwischen Gut B\u00f6ddeken und Altenb\u00f6ddeken.<br \/>\nAn dieser Stelle befand sich eine Kapelle aus dem Jahre 1742, die jedoch sp\u00e4ter verfiel. Die heutige Kapelle wurde 1856 im Stile der Neugotik im Auftrag von Georg von Mallinckrodt errichtet. Vor der Kapelle befindet sich eine alte Linde.<br \/>\nNeben der Kapelle liegt die Erbgrabst\u00e4tte der Familie von Mallinckrodt.<\/p>\n<p>Hier konnte ein Kriegstoter Dokumentiert werden.<\/p>\n<p><strong>Gedenket auch ihres Sohnes<\/strong><\/p>\n<p>Meinolf v. Mallinckrodt<br \/>\nGeboren\u00a0 05.07.1925 zu M\u00fcnster<br \/>\nvermisst seit dem 28.04.1945 zu Halbe bei Berlin<\/p>\n<p>&nbsp;<\/p>\n","protected":false},"excerpt":{"rendered":"<p>&nbsp; 33142 B\u00fcren &#8211; Meinolfuskapelle Bericht und Bilder von Thomas\u00a0Gefallenendenkm\u00e4ler Berlin\/Brandenburg Die Meinolfuskapelle ist eine Kapelle in der ostwestf\u00e4lischen Stadt B\u00fcren im Kreis Paderborn in Nordrhein-Westfalen. Sie befindet sich im Tal des Friedens an der Landstra\u00dfe 818 zwischen Gut B\u00f6ddeken &hellip; <a href=\"http:\/\/www.denkfried.de\/wp\/?page_id=11734\">Weiterlesen <span class=\"meta-nav\">&rarr;<\/span><\/a><\/p>\n","protected":false},"author":2,"featured_media":0,"parent":11731,"menu_order":0,"comment_status":"closed","ping_status":"open","template":"","meta":{"footnotes":""},"class_list":["post-11734","page","type-page","status-publish","hentry"],"_links":{"self":[{"href":"http:\/\/www.denkfried.de\/wp\/index.php?rest_route=\/wp\/v2\/pages\/11734","targetHints":{"allow":["GET"]}}],"collection":[{"href":"http:\/\/www.denkfried.de\/wp\/index.php?rest_route=\/wp\/v2\/pages"}],"about":[{"href":"http:\/\/www.denkfried.de\/wp\/index.php?rest_route=\/wp\/v2\/types\/page"}],"author":[{"embeddable":true,"href":"http:\/\/www.denkfried.de\/wp\/index.php?rest_route=\/wp\/v2\/users\/2"}],"replies":[{"embeddable":true,"href":"http:\/\/www.denkfried.de\/wp\/index.php?rest_route=%2Fwp%2Fv2%2Fcomments&post=11734"}],"version-history":[{"count":12,"href":"http:\/\/www.denkfried.de\/wp\/index.php?rest_route=\/wp\/v2\/pages\/11734\/revisions"}],"predecessor-version":[{"id":39846,"href":"http:\/\/www.denkfried.de\/wp\/index.php?rest_route=\/wp\/v2\/pages\/11734\/revisions\/39846"}],"up":[{"embeddable":true,"href":"http:\/\/www.denkfried.de\/wp\/index.php?rest_route=\/wp\/v2\/pages\/11731"}],"wp:attachment":[{"href":"http:\/\/www.denkfried.de\/wp\/index.php?rest_route=%2Fwp%2Fv2%2Fmedia&parent=11734"}],"curies":[{"name":"wp","href":"https:\/\/api.w.org\/{rel}","templated":true}]}}