{"id":11719,"date":"2011-10-07T21:22:31","date_gmt":"2011-10-07T19:22:31","guid":{"rendered":"http:\/\/www.denkfried.de\/wp\/?page_id=11719"},"modified":"2015-12-27T17:32:28","modified_gmt":"2015-12-27T16:32:28","slug":"detmold-hiddesen","status":"publish","type":"page","link":"http:\/\/www.denkfried.de\/wp\/?page_id=11719","title":{"rendered":"Detmold &#8211; Hiddesen"},"content":{"rendered":"<p>&nbsp;<\/p>\n<p><span style=\"text-decoration: underline;\"><strong>32760 Detmold-Hiddesen<\/strong><\/span><\/p>\n<p>Bericht und Bilder von Thomas\u00a0<a href=\"http:\/\/g-bb.jimdo.com\/\">Gefallenendenkm\u00e4ler Berlin\/Brandenburg<\/a><\/p>\n<p>Das Hermannsdenkmal befindet sich in der N\u00e4he von Hiddesen s\u00fcdwestlich von Detmold in Nordrhein-Westfalen im s\u00fcdlichen Teutoburger Wald. Es wurde zwischen 1838 und 1875 nach Entw\u00fcrfen von Ernst von Bandel erbaut.<\/p>\n<div id='gallery-1' class='gallery galleryid-11719 gallery-columns-4 gallery-size-thumbnail'><dl class='gallery-item'>\n\t\t\t<dt class='gallery-icon portrait'>\n\t\t\t\t<a href='http:\/\/www.denkfried.de\/wp\/?attachment_id=11722'><img loading=\"lazy\" decoding=\"async\" width=\"150\" height=\"150\" src=\"http:\/\/www.denkfried.de\/wp\/wp-content\/uploads\/2011\/10\/1-150x150.jpg\" class=\"attachment-thumbnail size-thumbnail\" alt=\"\" \/><\/a>\n\t\t\t<\/dt><\/dl><dl class='gallery-item'>\n\t\t\t<dt class='gallery-icon portrait'>\n\t\t\t\t<a href='http:\/\/www.denkfried.de\/wp\/?attachment_id=11723'><img loading=\"lazy\" decoding=\"async\" width=\"150\" height=\"150\" src=\"http:\/\/www.denkfried.de\/wp\/wp-content\/uploads\/2011\/10\/2-150x150.jpg\" class=\"attachment-thumbnail size-thumbnail\" alt=\"\" \/><\/a>\n\t\t\t<\/dt><\/dl><dl class='gallery-item'>\n\t\t\t<dt class='gallery-icon portrait'>\n\t\t\t\t<a href='http:\/\/www.denkfried.de\/wp\/?attachment_id=11724'><img loading=\"lazy\" decoding=\"async\" width=\"150\" height=\"150\" src=\"http:\/\/www.denkfried.de\/wp\/wp-content\/uploads\/2011\/10\/3-150x150.jpg\" class=\"attachment-thumbnail size-thumbnail\" alt=\"\" \/><\/a>\n\t\t\t<\/dt><\/dl><dl class='gallery-item'>\n\t\t\t<dt class='gallery-icon portrait'>\n\t\t\t\t<a href='http:\/\/www.denkfried.de\/wp\/?attachment_id=11725'><img loading=\"lazy\" decoding=\"async\" width=\"150\" height=\"150\" src=\"http:\/\/www.denkfried.de\/wp\/wp-content\/uploads\/2011\/10\/6-150x150.jpg\" class=\"attachment-thumbnail size-thumbnail\" alt=\"\" \/><\/a>\n\t\t\t<\/dt><\/dl><br style=\"clear: both\" \/><dl class='gallery-item'>\n\t\t\t<dt class='gallery-icon landscape'>\n\t\t\t\t<a href='http:\/\/www.denkfried.de\/wp\/?attachment_id=13488'><img loading=\"lazy\" decoding=\"async\" width=\"150\" height=\"150\" src=\"http:\/\/www.denkfried.de\/wp\/wp-content\/uploads\/2011\/10\/DSCF0202-150x150.jpg\" class=\"attachment-thumbnail size-thumbnail\" alt=\"\" aria-describedby=\"gallery-1-13488\" \/><\/a>\n\t\t\t<\/dt>\n\t\t\t\t<dd class='wp-caption-text gallery-caption' id='gallery-1-13488'>\n\t\t\t\tInschrift 1813-1815\n\t\t\t\t<\/dd><\/dl><dl class='gallery-item'>\n\t\t\t<dt class='gallery-icon portrait'>\n\t\t\t\t<a href='http:\/\/www.denkfried.de\/wp\/?attachment_id=11726'><img loading=\"lazy\" decoding=\"async\" width=\"150\" height=\"150\" src=\"http:\/\/www.denkfried.de\/wp\/wp-content\/uploads\/2011\/10\/8-150x150.jpg\" class=\"attachment-thumbnail size-thumbnail\" alt=\"\" aria-describedby=\"gallery-1-11726\" \/><\/a>\n\t\t\t<\/dt>\n\t\t\t\t<dd class='wp-caption-text gallery-caption' id='gallery-1-11726'>\n\t\t\t\tKaiser Wilhelm\n\t\t\t\t<\/dd><\/dl><dl class='gallery-item'>\n\t\t\t<dt class='gallery-icon landscape'>\n\t\t\t\t<a href='http:\/\/www.denkfried.de\/wp\/?attachment_id=11720'><img loading=\"lazy\" decoding=\"async\" width=\"150\" height=\"150\" src=\"http:\/\/www.denkfried.de\/wp\/wp-content\/uploads\/2011\/10\/9-150x150.jpg\" class=\"attachment-thumbnail size-thumbnail\" alt=\"\" aria-describedby=\"gallery-1-11720\" \/><\/a>\n\t\t\t<\/dt>\n\t\t\t\t<dd class='wp-caption-text gallery-caption' id='gallery-1-11720'>\n\t\t\t\tInschrift 1870-71\n\t\t\t\t<\/dd><\/dl><dl class='gallery-item'>\n\t\t\t<dt class='gallery-icon landscape'>\n\t\t\t\t<a href='http:\/\/www.denkfried.de\/wp\/?attachment_id=11721'><img loading=\"lazy\" decoding=\"async\" width=\"150\" height=\"150\" src=\"http:\/\/www.denkfried.de\/wp\/wp-content\/uploads\/2011\/10\/10-150x150.jpg\" class=\"attachment-thumbnail size-thumbnail\" alt=\"\" aria-describedby=\"gallery-1-11721\" \/><\/a>\n\t\t\t<\/dt>\n\t\t\t\t<dd class='wp-caption-text gallery-caption' id='gallery-1-11721'>\n\t\t\t\tInschrift Herman\n\t\t\t\t<\/dd><\/dl><br style=\"clear: both\" \/>\n\t\t<\/div>\n\n<p>Das Denkmal soll an den Cheruskerf\u00fcrsten Hermann (Arminius) und die Schlacht im Teutoburger Wald erinnern, in der germanische St\u00e4mme unter F\u00fchrung von Hermann den r\u00f6mischen Legionen unter Publius Quinctilius Varus im Jahre 9 eine entscheidende Niederlage beibrachten.<\/p>\n<p>Der Bau ist vor dem Hintergrund der deutsch-politischen Situation des 19. Jahrhunderts zu sehen, in der der Begriff \u201eDeutsch-franz\u00f6sische Erbfeindschaft\u201c durch jahrhundertealte Konflikte gepr\u00e4gt war. Durch die Niederlagen gegen die Franzosen unter Napol\u00e9on Bonaparte und die politische Zersplitterung Deutschlands begann man zunehmend die nationale Identit\u00e4t in der germanischen Vergangenheit zu suchen. Mit der zeitgen\u00f6ssischen Wertung Hermann als der\u00a0 erste Einiger der \u201edeutschen\u201c (eigentlich \u201egermanischen\u201c) St\u00e4mme bot sich diese Figur an.<\/p>\n<p>In den Nischen des Denkmals sind Spr\u00fcche, die erst nach der Reichsgr\u00fcndung von 1870\/71 eingef\u00fcgt wurden.<\/p>\n<p><strong>1813-15<\/strong><br \/>\nNur weil deutsches Volk verwelscht und durch Uneinigkeit machtlos geworden, konnte Napoleon Bonaparte, Kaiser der Franzosen, mit Hilfe Deutscher Deutschland unterjochen; da endlich 1813 scharten sich um das von Preu\u00dfen erhobene Schwert alle deutschen St\u00e4mme ihrem Vaterland aus Schmach die Freiheit erk\u00e4mpfend. Leipzig, 18. Oktober 1813 \u2013 Paris, 31. M\u00e4rz 1814 \u2013 Waterloo, 18. Juni 1815 \u2013 Paris, 3. Juli 1815.<\/p>\n<p><strong>1870-71<\/strong><br \/>\nDer lang getrennte St\u00e4mme vereint mit starker Hand,<br \/>\nDer welsche Macht und T\u00fccke siegreich \u00fcberwandt,<br \/>\nDer l\u00e4ngst verlorene S\u00f6hne heimf\u00fchrt zum Deutschen Reich,<br \/>\nArmin, dem Retter ist er gleich.<br \/>\nWilhelm, Kaiser, 22. M\u00e4rz 1797, K\u00f6nig von Preu\u00dfen, 2. Januar 1861. Erster Kaisertag, Versailles, 18. Januar 1871, Krieg 17. Juli 1870, Frieden 26. Februar 1871.<br \/>\nAm 17. Juli 1870 erkl\u00e4rte Frankreichs Kaiser, Louis Napoleon, Preu\u00dfen den Krieg, da erstunden alle Volksst\u00e4mme Deutschlands und z\u00fcchtigten von August 1870 bis Januar 1871 immer siegreich franz\u00f6sischen \u00dcbermut unter F\u00fchrung K\u00f6nig Wilhelms von Preu\u00dfen, den das deutsche Volk am 18. Januar zu seinem Kaiser erkor.<\/p>\n<p>Auf dem Schwert ist noch zu Lesen:<br \/>\nDeutsche Einigkeit, meine St\u00e4rke &#8211; Meine St\u00e4rke, Deutschlands Macht.<\/p>\n<p>Auf dem Schild steht: Treufest<\/p>\n<p>Arminius liberator haud dubie Germaniae et qui non primordia populi romani, sicut alii reges ducesque, sed florentissimum imperium lacessieret: proeliis ambiguus, bello non victus. (Tacitus, Annales: II, 88: Armin, ohne Zweifel Deutschlands (Germaniens) Befreier, der das r\u00f6mische Volk nicht in seinen Anf\u00e4ngen bedr\u00e4ngt hat wie andere K\u00f6nige und Heerf\u00fchrer, sondern in der h\u00f6chsten Bl\u00fcte seiner Herrschaft: In Schlachten mit schwankendem Erfolge, im Kriege nicht besiegt.)<\/p>\n<p>Weitere Informationen zum Denkmal sind unter\u00a0<a title=\"Hermannsdenkmal.de\" href=\"http:\/\/www.hermannsdenkmal.de\/\">Hermannsdenkmal.de<\/a>\u00a0\u00a0zu finden.<\/p>\n","protected":false},"excerpt":{"rendered":"<p>&nbsp; 32760 Detmold-Hiddesen Bericht und Bilder von Thomas\u00a0Gefallenendenkm\u00e4ler Berlin\/Brandenburg Das Hermannsdenkmal befindet sich in der N\u00e4he von Hiddesen s\u00fcdwestlich von Detmold in Nordrhein-Westfalen im s\u00fcdlichen Teutoburger Wald. Es wurde zwischen 1838 und 1875 nach Entw\u00fcrfen von Ernst von Bandel erbaut. &hellip; <a href=\"http:\/\/www.denkfried.de\/wp\/?page_id=11719\">Weiterlesen <span class=\"meta-nav\">&rarr;<\/span><\/a><\/p>\n","protected":false},"author":2,"featured_media":0,"parent":11716,"menu_order":0,"comment_status":"closed","ping_status":"open","template":"","meta":{"footnotes":""},"class_list":["post-11719","page","type-page","status-publish","hentry"],"_links":{"self":[{"href":"http:\/\/www.denkfried.de\/wp\/index.php?rest_route=\/wp\/v2\/pages\/11719","targetHints":{"allow":["GET"]}}],"collection":[{"href":"http:\/\/www.denkfried.de\/wp\/index.php?rest_route=\/wp\/v2\/pages"}],"about":[{"href":"http:\/\/www.denkfried.de\/wp\/index.php?rest_route=\/wp\/v2\/types\/page"}],"author":[{"embeddable":true,"href":"http:\/\/www.denkfried.de\/wp\/index.php?rest_route=\/wp\/v2\/users\/2"}],"replies":[{"embeddable":true,"href":"http:\/\/www.denkfried.de\/wp\/index.php?rest_route=%2Fwp%2Fv2%2Fcomments&post=11719"}],"version-history":[{"count":9,"href":"http:\/\/www.denkfried.de\/wp\/index.php?rest_route=\/wp\/v2\/pages\/11719\/revisions"}],"predecessor-version":[{"id":39854,"href":"http:\/\/www.denkfried.de\/wp\/index.php?rest_route=\/wp\/v2\/pages\/11719\/revisions\/39854"}],"up":[{"embeddable":true,"href":"http:\/\/www.denkfried.de\/wp\/index.php?rest_route=\/wp\/v2\/pages\/11716"}],"wp:attachment":[{"href":"http:\/\/www.denkfried.de\/wp\/index.php?rest_route=%2Fwp%2Fv2%2Fmedia&parent=11719"}],"curies":[{"name":"wp","href":"https:\/\/api.w.org\/{rel}","templated":true}]}}