{"id":11592,"date":"2011-09-30T22:24:51","date_gmt":"2011-09-30T20:24:51","guid":{"rendered":"http:\/\/www.denkfried.de\/wp\/?page_id=11592"},"modified":"2014-05-03T23:41:21","modified_gmt":"2014-05-03T21:41:21","slug":"bach-an-der-donau","status":"publish","type":"page","link":"http:\/\/www.denkfried.de\/wp\/?page_id=11592","title":{"rendered":"Bach an der Donau"},"content":{"rendered":"<p>&nbsp;<\/p>\n<p><span style=\"text-decoration: underline;\"><strong>93090 Bach an der Donau<\/strong><\/span><\/p>\n<h3>\u00a0Ortsteile:<\/h3>\n<blockquote>\n<ul>\n<li><a title=\"- Demling\" href=\"http:\/\/www.denkfried.de\/wp\/?page_id=11595\">Demling<\/a><\/li>\n<li><a title=\"- Frengkofen\" href=\"http:\/\/www.denkfried.de\/wp\/?page_id=11598\">Frengkofen<\/a><\/li>\n<\/ul>\n<\/blockquote>\n<p>+++++++++++++++++++++++++++++++++++++++++++++++++++++++++++<\/p>\n<p>DENKMAL<\/p>\n<p>Gedenkst\u00e4tte am Friedhof. Drei Granitbl\u00f6cke, auf dem Mittleren die Inschrift:<\/p>\n<p style=\"padding-left: 30px;\"><strong><em>&#8222;Den Gefallenen 1914-1918 und 1939-1945&#8220;.<\/em><\/strong><\/p>\n<p>Dar\u00fcber ein Eisernes Kreuz aus Bronze, rechts und links zwei Bronzeschalen. An der Mauer des Friedhofes finden sich neun Schiefertafeln mit der Aufschrift:<\/p>\n<p style=\"padding-left: 30px;\"><strong><em>&#8222;Den gefallenen Helden des Krieges 1914-1918&#8220;\u00a0\u00a0\u00a0\u00a0\u00a0\u00a0\u00a0\u00a0\u00a0\u00a0\u00a0\u00a0 und <\/em><\/strong><\/p>\n<p style=\"padding-left: 30px;\"><strong><em>&#8222;Den Gefallenen und Vermissten des Weltkrieges 1939-1945&#8220;.<\/em><\/strong><\/p>\n<p>Text:Hubert<\/p>\n<p>&nbsp;<\/p>\n<div id='gallery-1' class='gallery galleryid-11592 gallery-columns-2 gallery-size-thumbnail'><dl class='gallery-item'>\n\t\t\t<dt class='gallery-icon landscape'>\n\t\t\t\t<a href='http:\/\/www.denkfried.de\/wp\/?attachment_id=15953'><img loading=\"lazy\" decoding=\"async\" width=\"150\" height=\"150\" src=\"http:\/\/www.denkfried.de\/wp\/wp-content\/uploads\/2011\/09\/KDM-Bach-01-150x150.jpg\" class=\"attachment-thumbnail size-thumbnail\" alt=\"\" \/><\/a>\n\t\t\t<\/dt><\/dl><dl class='gallery-item'>\n\t\t\t<dt class='gallery-icon landscape'>\n\t\t\t\t<a href='http:\/\/www.denkfried.de\/wp\/?attachment_id=15958'><img loading=\"lazy\" decoding=\"async\" width=\"150\" height=\"150\" src=\"http:\/\/www.denkfried.de\/wp\/wp-content\/uploads\/2011\/09\/KDM-Bach-Schiefertafeln-02-150x150.jpg\" class=\"attachment-thumbnail size-thumbnail\" alt=\"\" \/><\/a>\n\t\t\t<\/dt><\/dl><br style=\"clear: both\" \/><dl class='gallery-item'>\n\t\t\t<dt class='gallery-icon landscape'>\n\t\t\t\t<a href='http:\/\/www.denkfried.de\/wp\/?attachment_id=15955'><img loading=\"lazy\" decoding=\"async\" width=\"150\" height=\"150\" src=\"http:\/\/www.denkfried.de\/wp\/wp-content\/uploads\/2011\/09\/KDM-Bach-Namensnennung-03-150x150.jpg\" class=\"attachment-thumbnail size-thumbnail\" alt=\"\" \/><\/a>\n\t\t\t<\/dt><\/dl><dl class='gallery-item'>\n\t\t\t<dt class='gallery-icon landscape'>\n\t\t\t\t<a href='http:\/\/www.denkfried.de\/wp\/?attachment_id=15956'><img loading=\"lazy\" decoding=\"async\" width=\"150\" height=\"150\" src=\"http:\/\/www.denkfried.de\/wp\/wp-content\/uploads\/2011\/09\/KDM-Bach-Namensnennung-04-150x150.jpg\" class=\"attachment-thumbnail size-thumbnail\" alt=\"\" \/><\/a>\n\t\t\t<\/dt><\/dl><br style=\"clear: both\" \/><dl class='gallery-item'>\n\t\t\t<dt class='gallery-icon landscape'>\n\t\t\t\t<a href='http:\/\/www.denkfried.de\/wp\/?attachment_id=15957'><img loading=\"lazy\" decoding=\"async\" width=\"150\" height=\"150\" src=\"http:\/\/www.denkfried.de\/wp\/wp-content\/uploads\/2011\/09\/KDM-BAch-Namensnennung-05-150x150.jpg\" class=\"attachment-thumbnail size-thumbnail\" alt=\"\" \/><\/a>\n\t\t\t<\/dt><\/dl><dl class='gallery-item'>\n\t\t\t<dt class='gallery-icon portrait'>\n\t\t\t\t<a href='http:\/\/www.denkfried.de\/wp\/?attachment_id=15954'><img loading=\"lazy\" decoding=\"async\" width=\"150\" height=\"150\" src=\"http:\/\/www.denkfried.de\/wp\/wp-content\/uploads\/2011\/09\/KDM-Bach-KDM-1.W.K.-alt-06-150x150.jpg\" class=\"attachment-thumbnail size-thumbnail\" alt=\"\" \/><\/a>\n\t\t\t<\/dt><\/dl><br style=\"clear: both\" \/>\n\t\t<\/div>\n\n<p>&nbsp;<\/p>\n<p>&nbsp;<\/p>\n","protected":false},"excerpt":{"rendered":"<p>&nbsp; 93090 Bach an der Donau \u00a0Ortsteile: Demling Frengkofen +++++++++++++++++++++++++++++++++++++++++++++++++++++++++++ DENKMAL Gedenkst\u00e4tte am Friedhof. Drei Granitbl\u00f6cke, auf dem Mittleren die Inschrift: &#8222;Den Gefallenen 1914-1918 und 1939-1945&#8220;. Dar\u00fcber ein Eisernes Kreuz aus Bronze, rechts und links zwei Bronzeschalen. An der Mauer &hellip; <a href=\"http:\/\/www.denkfried.de\/wp\/?page_id=11592\">Weiterlesen <span class=\"meta-nav\">&rarr;<\/span><\/a><\/p>\n","protected":false},"author":2,"featured_media":0,"parent":11523,"menu_order":0,"comment_status":"closed","ping_status":"open","template":"","meta":{"footnotes":""},"class_list":["post-11592","page","type-page","status-publish","hentry"],"_links":{"self":[{"href":"http:\/\/www.denkfried.de\/wp\/index.php?rest_route=\/wp\/v2\/pages\/11592","targetHints":{"allow":["GET"]}}],"collection":[{"href":"http:\/\/www.denkfried.de\/wp\/index.php?rest_route=\/wp\/v2\/pages"}],"about":[{"href":"http:\/\/www.denkfried.de\/wp\/index.php?rest_route=\/wp\/v2\/types\/page"}],"author":[{"embeddable":true,"href":"http:\/\/www.denkfried.de\/wp\/index.php?rest_route=\/wp\/v2\/users\/2"}],"replies":[{"embeddable":true,"href":"http:\/\/www.denkfried.de\/wp\/index.php?rest_route=%2Fwp%2Fv2%2Fcomments&post=11592"}],"version-history":[{"count":13,"href":"http:\/\/www.denkfried.de\/wp\/index.php?rest_route=\/wp\/v2\/pages\/11592\/revisions"}],"predecessor-version":[{"id":35263,"href":"http:\/\/www.denkfried.de\/wp\/index.php?rest_route=\/wp\/v2\/pages\/11592\/revisions\/35263"}],"up":[{"embeddable":true,"href":"http:\/\/www.denkfried.de\/wp\/index.php?rest_route=\/wp\/v2\/pages\/11523"}],"wp:attachment":[{"href":"http:\/\/www.denkfried.de\/wp\/index.php?rest_route=%2Fwp%2Fv2%2Fmedia&parent=11592"}],"curies":[{"name":"wp","href":"https:\/\/api.w.org\/{rel}","templated":true}]}}