{"id":11567,"date":"2011-09-30T21:39:49","date_gmt":"2011-09-30T19:39:49","guid":{"rendered":"http:\/\/www.denkfried.de\/wp\/?page_id=11567"},"modified":"2014-05-03T21:10:43","modified_gmt":"2014-05-03T19:10:43","slug":"schierling","status":"publish","type":"page","link":"http:\/\/www.denkfried.de\/wp\/?page_id=11567","title":{"rendered":"Schierling"},"content":{"rendered":"<p>&nbsp;<\/p>\n<p><span style=\"text-decoration: underline;\"><strong>84069 Schierling<\/strong><\/span><\/p>\n<h3>Ortsteile:<\/h3>\n<blockquote>\n<ul>\n<li><a title=\"Allersdorf\" href=\"http:\/\/www.denkfried.de\/wp\/?page_id=11570\">Allersdorf<\/a><\/li>\n<li><a title=\"Birnbach\" href=\"http:\/\/www.denkfried.de\/wp\/?page_id=19825\">Birnbach<\/a><\/li>\n<li><a title=\"Buchhausen\" href=\"http:\/\/www.denkfried.de\/wp\/?page_id=19833\">Buchhausen<\/a><\/li>\n<li><a title=\"Eggm\u00fchl\" href=\"http:\/\/www.denkfried.de\/wp\/?page_id=19841\">Eggm\u00fchl<\/a><\/li>\n<li><a title=\"Inkofen\" href=\"http:\/\/www.denkfried.de\/wp\/?page_id=19852\">Inkofen<\/a><\/li>\n<li><a title=\"Mannsdorf\" href=\"http:\/\/www.denkfried.de\/wp\/?page_id=19860\">Mannsdorf<\/a><\/li>\n<li><a title=\"Oberdeggenbach\" href=\"http:\/\/www.denkfried.de\/wp\/?page_id=19866\">Oberdeggenbach<\/a><\/li>\n<li><a title=\"Pinkofen\" href=\"http:\/\/www.denkfried.de\/wp\/?page_id=19874\">Pinkofen<\/a><\/li>\n<li><a title=\"Unterlaichling\" href=\"http:\/\/www.denkfried.de\/wp\/?page_id=19877\">Unterlaichling<\/a><\/li>\n<li><a title=\"Wahlsdorf\" href=\"http:\/\/www.denkfried.de\/wp\/?page_id=19885\">Wahlsdorf<\/a><\/li>\n<li><a title=\"Zaitskofen\" href=\"http:\/\/www.denkfried.de\/wp\/?page_id=19892\">Zaitzkofen<\/a><\/li>\n<\/ul>\n<\/blockquote>\n<p>+++++++++++++++++++++++++++++++++++++++++++++++++++++++++++++<\/p>\n<p><strong>DENKMAL<\/strong><\/p>\n<p>Denkmal in der Mitte des Marktes zur Erinnerung an die im Krieg 1870-1871 gefallenen Krieger von Schierling und Umgebung. Auf einem Naturstein, auf dem sich vier Kugeln aus der Schlacht von 1809 befinden, steht ein schwarzer Obelisk, beziert von einem Eisernen Kreuz. An der Spitze die Inschrift:<\/p>\n<p style=\"padding-left: 210px;\"><strong><em>&#8220; In Treue fest&#8220;<\/em><\/strong><\/p>\n<p>Auf der R\u00fcckseite ein gro\u00dfes Eisernes Kreuz, darunter die Jahreszahlen: 1809 und 1870-1871.<\/p>\n<p>Gedenkst\u00e4tte vor der Pfarrkirche. In der Mitte auf einem Sockel, der von einem gro\u00dfen Eisernen Kreuz geziert wird, ein Kruzifix mit Bronzekorpus, an der Seite zwei gro\u00dfe Tafeln mit den Namen der Gefallenen beider Weltkriege.<\/p>\n<p>Text.Hubert<\/p>\n<p>&nbsp;<\/p>\n<div id='gallery-1' class='gallery galleryid-11567 gallery-columns-4 gallery-size-thumbnail'><dl class='gallery-item'>\n\t\t\t<dt class='gallery-icon landscape'>\n\t\t\t\t<a href='http:\/\/www.denkfried.de\/wp\/?attachment_id=16029'><img loading=\"lazy\" decoding=\"async\" width=\"150\" height=\"150\" src=\"http:\/\/www.denkfried.de\/wp\/wp-content\/uploads\/2011\/09\/hpqscan0007-150x150.jpg\" class=\"attachment-thumbnail size-thumbnail\" alt=\"\" aria-describedby=\"gallery-1-16029\" \/><\/a>\n\t\t\t<\/dt>\n\t\t\t\t<dd class='wp-caption-text gallery-caption' id='gallery-1-16029'>\n\t\t\t\tKriegerdenkmal\n\t\t\t\t<\/dd><\/dl><dl class='gallery-item'>\n\t\t\t<dt class='gallery-icon landscape'>\n\t\t\t\t<a href='http:\/\/www.denkfried.de\/wp\/?attachment_id=16030'><img loading=\"lazy\" decoding=\"async\" width=\"150\" height=\"150\" src=\"http:\/\/www.denkfried.de\/wp\/wp-content\/uploads\/2011\/09\/hpqscan0008-150x150.jpg\" class=\"attachment-thumbnail size-thumbnail\" alt=\"\" aria-describedby=\"gallery-1-16030\" \/><\/a>\n\t\t\t<\/dt>\n\t\t\t\t<dd class='wp-caption-text gallery-caption' id='gallery-1-16030'>\n\t\t\t\tAnsicht Namentafeln 2.W.K.\n\t\t\t\t<\/dd><\/dl><dl class='gallery-item'>\n\t\t\t<dt class='gallery-icon portrait'>\n\t\t\t\t<a href='http:\/\/www.denkfried.de\/wp\/?attachment_id=16031'><img loading=\"lazy\" decoding=\"async\" width=\"150\" height=\"150\" src=\"http:\/\/www.denkfried.de\/wp\/wp-content\/uploads\/2011\/09\/hpqscan0009-150x150.jpg\" class=\"attachment-thumbnail size-thumbnail\" alt=\"\" aria-describedby=\"gallery-1-16031\" \/><\/a>\n\t\t\t<\/dt>\n\t\t\t\t<dd class='wp-caption-text gallery-caption' id='gallery-1-16031'>\n\t\t\t\tNamenstafeln\n\t\t\t\t<\/dd><\/dl><dl class='gallery-item'>\n\t\t\t<dt class='gallery-icon portrait'>\n\t\t\t\t<a href='http:\/\/www.denkfried.de\/wp\/?attachment_id=16032'><img loading=\"lazy\" decoding=\"async\" width=\"150\" height=\"150\" src=\"http:\/\/www.denkfried.de\/wp\/wp-content\/uploads\/2011\/09\/hpqscan0010-150x150.jpg\" class=\"attachment-thumbnail size-thumbnail\" alt=\"\" aria-describedby=\"gallery-1-16032\" \/><\/a>\n\t\t\t<\/dt>\n\t\t\t\t<dd class='wp-caption-text gallery-caption' id='gallery-1-16032'>\n\t\t\t\tNamenstafeln\n\t\t\t\t<\/dd><\/dl><br style=\"clear: both\" \/><dl class='gallery-item'>\n\t\t\t<dt class='gallery-icon portrait'>\n\t\t\t\t<a href='http:\/\/www.denkfried.de\/wp\/?attachment_id=16033'><img loading=\"lazy\" decoding=\"async\" width=\"150\" height=\"150\" src=\"http:\/\/www.denkfried.de\/wp\/wp-content\/uploads\/2011\/09\/hpqscan0011-150x150.jpg\" class=\"attachment-thumbnail size-thumbnail\" alt=\"\" aria-describedby=\"gallery-1-16033\" \/><\/a>\n\t\t\t<\/dt>\n\t\t\t\t<dd class='wp-caption-text gallery-caption' id='gallery-1-16033'>\n\t\t\t\tNamenstafeln\n\t\t\t\t<\/dd><\/dl><dl class='gallery-item'>\n\t\t\t<dt class='gallery-icon portrait'>\n\t\t\t\t<a href='http:\/\/www.denkfried.de\/wp\/?attachment_id=16034'><img loading=\"lazy\" decoding=\"async\" width=\"150\" height=\"150\" src=\"http:\/\/www.denkfried.de\/wp\/wp-content\/uploads\/2011\/09\/hpqscan0012-150x150.jpg\" class=\"attachment-thumbnail size-thumbnail\" alt=\"\" aria-describedby=\"gallery-1-16034\" \/><\/a>\n\t\t\t<\/dt>\n\t\t\t\t<dd class='wp-caption-text gallery-caption' id='gallery-1-16034'>\n\t\t\t\tObelisk 1870-1871\n\t\t\t\t<\/dd><\/dl><dl class='gallery-item'>\n\t\t\t<dt class='gallery-icon portrait'>\n\t\t\t\t<a href='http:\/\/www.denkfried.de\/wp\/?attachment_id=16035'><img loading=\"lazy\" decoding=\"async\" width=\"150\" height=\"150\" src=\"http:\/\/www.denkfried.de\/wp\/wp-content\/uploads\/2011\/09\/hpqscan0013-150x150.jpg\" class=\"attachment-thumbnail size-thumbnail\" alt=\"\" aria-describedby=\"gallery-1-16035\" \/><\/a>\n\t\t\t<\/dt>\n\t\t\t\t<dd class='wp-caption-text gallery-caption' id='gallery-1-16035'>\n\t\t\t\tInschrift \n\t\t\t\t<\/dd><\/dl><dl class='gallery-item'>\n\t\t\t<dt class='gallery-icon portrait'>\n\t\t\t\t<a href='http:\/\/www.denkfried.de\/wp\/?attachment_id=16036'><img loading=\"lazy\" decoding=\"async\" width=\"150\" height=\"150\" src=\"http:\/\/www.denkfried.de\/wp\/wp-content\/uploads\/2011\/09\/hpqscan0014-150x150.jpg\" class=\"attachment-thumbnail size-thumbnail\" alt=\"\" aria-describedby=\"gallery-1-16036\" \/><\/a>\n\t\t\t<\/dt>\n\t\t\t\t<dd class='wp-caption-text gallery-caption' id='gallery-1-16036'>\n\t\t\t\tNamensnennung\n\t\t\t\t<\/dd><\/dl><br style=\"clear: both\" \/>\n\t\t<\/div>\n\n<p>&nbsp;<\/p>\n","protected":false},"excerpt":{"rendered":"<p>&nbsp; 84069 Schierling Ortsteile: Allersdorf Birnbach Buchhausen Eggm\u00fchl Inkofen Mannsdorf Oberdeggenbach Pinkofen Unterlaichling Wahlsdorf Zaitzkofen +++++++++++++++++++++++++++++++++++++++++++++++++++++++++++++ DENKMAL Denkmal in der Mitte des Marktes zur Erinnerung an die im Krieg 1870-1871 gefallenen Krieger von Schierling und Umgebung. Auf einem Naturstein, auf &hellip; <a href=\"http:\/\/www.denkfried.de\/wp\/?page_id=11567\">Weiterlesen <span class=\"meta-nav\">&rarr;<\/span><\/a><\/p>\n","protected":false},"author":2,"featured_media":0,"parent":11523,"menu_order":0,"comment_status":"closed","ping_status":"open","template":"","meta":{"footnotes":""},"class_list":["post-11567","page","type-page","status-publish","hentry"],"_links":{"self":[{"href":"http:\/\/www.denkfried.de\/wp\/index.php?rest_route=\/wp\/v2\/pages\/11567","targetHints":{"allow":["GET"]}}],"collection":[{"href":"http:\/\/www.denkfried.de\/wp\/index.php?rest_route=\/wp\/v2\/pages"}],"about":[{"href":"http:\/\/www.denkfried.de\/wp\/index.php?rest_route=\/wp\/v2\/types\/page"}],"author":[{"embeddable":true,"href":"http:\/\/www.denkfried.de\/wp\/index.php?rest_route=\/wp\/v2\/users\/2"}],"replies":[{"embeddable":true,"href":"http:\/\/www.denkfried.de\/wp\/index.php?rest_route=%2Fwp%2Fv2%2Fcomments&post=11567"}],"version-history":[{"count":11,"href":"http:\/\/www.denkfried.de\/wp\/index.php?rest_route=\/wp\/v2\/pages\/11567\/revisions"}],"predecessor-version":[{"id":35238,"href":"http:\/\/www.denkfried.de\/wp\/index.php?rest_route=\/wp\/v2\/pages\/11567\/revisions\/35238"}],"up":[{"embeddable":true,"href":"http:\/\/www.denkfried.de\/wp\/index.php?rest_route=\/wp\/v2\/pages\/11523"}],"wp:attachment":[{"href":"http:\/\/www.denkfried.de\/wp\/index.php?rest_route=%2Fwp%2Fv2%2Fmedia&parent=11567"}],"curies":[{"name":"wp","href":"https:\/\/api.w.org\/{rel}","templated":true}]}}