{"id":11563,"date":"2011-09-30T21:34:29","date_gmt":"2011-09-30T19:34:29","guid":{"rendered":"http:\/\/www.denkfried.de\/wp\/?page_id=11563"},"modified":"2014-05-03T18:39:48","modified_gmt":"2014-05-03T16:39:48","slug":"hemau","status":"publish","type":"page","link":"http:\/\/www.denkfried.de\/wp\/?page_id=11563","title":{"rendered":"Hemau"},"content":{"rendered":"<p>&nbsp;<\/p>\n<p><strong><span style=\"text-decoration: underline;\">93155 Hemau<br \/>\n<\/span><\/strong><\/p>\n<h3>Ortsteile:<\/h3>\n<blockquote>\n<ul>\n<li><a title=\"Aichkirchen\" href=\"http:\/\/www.denkfried.de\/wp\/?page_id=18912\">Aichkirchen<\/a><\/li>\n<li><a title=\"Eichelberg\" href=\"http:\/\/www.denkfried.de\/wp\/?page_id=18922\">Eichelberg<\/a><\/li>\n<li><a title=\"Hohenschambach\" href=\"http:\/\/www.denkfried.de\/wp\/?page_id=18935\">Hohenschambach<\/a><\/li>\n<li><a title=\"Neukirchen\" href=\"http:\/\/www.denkfried.de\/wp\/?page_id=18947\">Neukirchen<\/a><\/li>\n<li><a title=\"Thonlohe\" href=\"http:\/\/www.denkfried.de\/wp\/?page_id=18958\">Thonlohe<\/a><\/li>\n<\/ul>\n<\/blockquote>\n<h2><\/h2>\n<h2>DENKMALE<\/h2>\n<p><strong>1870-1871:<\/strong>Denkmal neben der Hauptstra\u00dfe. Schwarzer Granitobelisk mit der Aufschrift:<\/p>\n<p style=\"padding-left: 30px;\"><strong><em>&#8220; Denkmal des Kriegervereins Hemau f\u00fcr die im deutsch-franz\u00f6sischen Feldzuge gefallenen Soldaten aus der Pfarrei Hemau&#8220;.<\/em><\/strong><\/p>\n<p><strong>1914-1918 und 1939-1945:<\/strong>Gedenkst\u00e4tte vor der Kirche. Auf einem Sockel eine quadratische S\u00e4ule, auf der St.Georg, der Drachent\u00f6ter thront. Auf dem Sockel die Inschrift:<\/p>\n<p style=\"padding-left: 30px;\"><strong><em>&#8220; Zum Gedenken an die Opfer der Weltkriege&#8220;.<\/em><\/strong><\/p>\n<p>\u00a0Text und Fotos:Hubert M.<\/p>\n<p>&nbsp;<\/p>\n<p>&nbsp;<\/p>\n<div id='gallery-1' class='gallery galleryid-11563 gallery-columns-4 gallery-size-thumbnail'><dl class='gallery-item'>\n\t\t\t<dt class='gallery-icon portrait'>\n\t\t\t\t<a href='http:\/\/www.denkfried.de\/wp\/?attachment_id=35197'><img loading=\"lazy\" decoding=\"async\" width=\"150\" height=\"150\" src=\"http:\/\/www.denkfried.de\/wp\/wp-content\/uploads\/2011\/09\/KDM-Hemau-Ansicht-150x150.jpg\" class=\"attachment-thumbnail size-thumbnail\" alt=\"\" \/><\/a>\n\t\t\t<\/dt><\/dl><dl class='gallery-item'>\n\t\t\t<dt class='gallery-icon portrait'>\n\t\t\t\t<a href='http:\/\/www.denkfried.de\/wp\/?attachment_id=35196'><img loading=\"lazy\" decoding=\"async\" width=\"150\" height=\"150\" src=\"http:\/\/www.denkfried.de\/wp\/wp-content\/uploads\/2011\/09\/KDM-Hemau-150x150.jpg\" class=\"attachment-thumbnail size-thumbnail\" alt=\"\" \/><\/a>\n\t\t\t<\/dt><\/dl><dl class='gallery-item'>\n\t\t\t<dt class='gallery-icon portrait'>\n\t\t\t\t<a href='http:\/\/www.denkfried.de\/wp\/?attachment_id=35192'><img loading=\"lazy\" decoding=\"async\" width=\"150\" height=\"150\" src=\"http:\/\/www.denkfried.de\/wp\/wp-content\/uploads\/2011\/09\/KDM-Hemau-Drachent\u00f6ter-150x150.jpg\" class=\"attachment-thumbnail size-thumbnail\" alt=\"\" \/><\/a>\n\t\t\t<\/dt><\/dl><dl class='gallery-item'>\n\t\t\t<dt class='gallery-icon portrait'>\n\t\t\t\t<a href='http:\/\/www.denkfried.de\/wp\/?attachment_id=35198'><img loading=\"lazy\" decoding=\"async\" width=\"150\" height=\"150\" src=\"http:\/\/www.denkfried.de\/wp\/wp-content\/uploads\/2011\/09\/KDM-Hemau-Ansicht-1.W.K.-150x150.jpg\" class=\"attachment-thumbnail size-thumbnail\" alt=\"\" \/><\/a>\n\t\t\t<\/dt><\/dl><br style=\"clear: both\" \/><dl class='gallery-item'>\n\t\t\t<dt class='gallery-icon portrait'>\n\t\t\t\t<a href='http:\/\/www.denkfried.de\/wp\/?attachment_id=35193'><img loading=\"lazy\" decoding=\"async\" width=\"150\" height=\"150\" src=\"http:\/\/www.denkfried.de\/wp\/wp-content\/uploads\/2011\/09\/KDM-Hemau-Inschrift-1.W.K.-150x150.jpg\" class=\"attachment-thumbnail size-thumbnail\" alt=\"\" \/><\/a>\n\t\t\t<\/dt><\/dl><dl class='gallery-item'>\n\t\t\t<dt class='gallery-icon portrait'>\n\t\t\t\t<a href='http:\/\/www.denkfried.de\/wp\/?attachment_id=35194'><img loading=\"lazy\" decoding=\"async\" width=\"150\" height=\"150\" src=\"http:\/\/www.denkfried.de\/wp\/wp-content\/uploads\/2011\/09\/KDM-Hemau-Namen-1.W.K.-150x150.jpg\" class=\"attachment-thumbnail size-thumbnail\" alt=\"\" \/><\/a>\n\t\t\t<\/dt><\/dl><dl class='gallery-item'>\n\t\t\t<dt class='gallery-icon portrait'>\n\t\t\t\t<a href='http:\/\/www.denkfried.de\/wp\/?attachment_id=35195'><img loading=\"lazy\" decoding=\"async\" width=\"150\" height=\"150\" src=\"http:\/\/www.denkfried.de\/wp\/wp-content\/uploads\/2011\/09\/KDM-Hemau-Namensnennung-1.W.K.-150x150.jpg\" class=\"attachment-thumbnail size-thumbnail\" alt=\"\" \/><\/a>\n\t\t\t<\/dt><\/dl><dl class='gallery-item'>\n\t\t\t<dt class='gallery-icon portrait'>\n\t\t\t\t<a href='http:\/\/www.denkfried.de\/wp\/?attachment_id=35199'><img loading=\"lazy\" decoding=\"async\" width=\"150\" height=\"150\" src=\"http:\/\/www.denkfried.de\/wp\/wp-content\/uploads\/2011\/09\/KDM-Hemau-Denktafel-1870-71-150x150.jpg\" class=\"attachment-thumbnail size-thumbnail\" alt=\"\" \/><\/a>\n\t\t\t<\/dt><\/dl><br style=\"clear: both\" \/>\n\t\t<\/div>\n\n","protected":false},"excerpt":{"rendered":"<p>&nbsp; 93155 Hemau Ortsteile: Aichkirchen Eichelberg Hohenschambach Neukirchen Thonlohe DENKMALE 1870-1871:Denkmal neben der Hauptstra\u00dfe. Schwarzer Granitobelisk mit der Aufschrift: &#8220; Denkmal des Kriegervereins Hemau f\u00fcr die im deutsch-franz\u00f6sischen Feldzuge gefallenen Soldaten aus der Pfarrei Hemau&#8220;. 1914-1918 und 1939-1945:Gedenkst\u00e4tte vor der &hellip; <a href=\"http:\/\/www.denkfried.de\/wp\/?page_id=11563\">Weiterlesen <span class=\"meta-nav\">&rarr;<\/span><\/a><\/p>\n","protected":false},"author":2,"featured_media":0,"parent":11523,"menu_order":0,"comment_status":"closed","ping_status":"open","template":"","meta":{"footnotes":""},"class_list":["post-11563","page","type-page","status-publish","hentry"],"_links":{"self":[{"href":"http:\/\/www.denkfried.de\/wp\/index.php?rest_route=\/wp\/v2\/pages\/11563","targetHints":{"allow":["GET"]}}],"collection":[{"href":"http:\/\/www.denkfried.de\/wp\/index.php?rest_route=\/wp\/v2\/pages"}],"about":[{"href":"http:\/\/www.denkfried.de\/wp\/index.php?rest_route=\/wp\/v2\/types\/page"}],"author":[{"embeddable":true,"href":"http:\/\/www.denkfried.de\/wp\/index.php?rest_route=\/wp\/v2\/users\/2"}],"replies":[{"embeddable":true,"href":"http:\/\/www.denkfried.de\/wp\/index.php?rest_route=%2Fwp%2Fv2%2Fcomments&post=11563"}],"version-history":[{"count":13,"href":"http:\/\/www.denkfried.de\/wp\/index.php?rest_route=\/wp\/v2\/pages\/11563\/revisions"}],"predecessor-version":[{"id":35202,"href":"http:\/\/www.denkfried.de\/wp\/index.php?rest_route=\/wp\/v2\/pages\/11563\/revisions\/35202"}],"up":[{"embeddable":true,"href":"http:\/\/www.denkfried.de\/wp\/index.php?rest_route=\/wp\/v2\/pages\/11523"}],"wp:attachment":[{"href":"http:\/\/www.denkfried.de\/wp\/index.php?rest_route=%2Fwp%2Fv2%2Fmedia&parent=11563"}],"curies":[{"name":"wp","href":"https:\/\/api.w.org\/{rel}","templated":true}]}}