{"id":11538,"date":"2011-09-28T22:30:49","date_gmt":"2011-09-28T20:30:49","guid":{"rendered":"http:\/\/www.denkfried.de\/wp\/?page_id=11538"},"modified":"2014-05-03T23:37:23","modified_gmt":"2014-05-03T21:37:23","slug":"alteglofsheim","status":"publish","type":"page","link":"http:\/\/www.denkfried.de\/wp\/?page_id=11538","title":{"rendered":"Alteglofsheim"},"content":{"rendered":"<p>&nbsp;<\/p>\n<p><span style=\"text-decoration: underline;\"><strong>93087 Alteglofsheim<\/strong><\/span><\/p>\n<p>&nbsp;<\/p>\n<p><strong>DENKMAL<\/strong><\/p>\n<p><strong>1914-1918:<\/strong>An der Langhauswand der katholischen Pfarrkirche findet sich eine Tafel in Kalkstein umgeben von kleinen S\u00e4ulen und einem Relief, wobei links und rechts oben ein Eisernes Kreuz steht, rechts und links neben einer S\u00e4ule zwei Engel.\u00dcber der Tafel die Inschrift:<\/p>\n<p style=\"padding-left: 30px;\"><strong><em>&#8222;Diese sind es, welche gekommen sind aus gro\u00dfer Tr\u00fcbsal und ihre Kleider gewaschen haben im Blute des Lammes&#8220;, <\/em><\/strong><\/p>\n<p style=\"padding-left: 30px;\"><strong><em>darunter<\/em><\/strong><\/p>\n<p style=\"padding-left: 30px;\"><strong><em> &#8222;F\u00fcr Gott und Vaterland opferten ihr Leben aus der Gemeinde Alteglofsheim&#8220;.<\/em><\/strong><\/p>\n<p><strong>1939-1945:<\/strong>Gedenkst\u00e4tte vor der katholischen Pfarrkirche an der Mauer des Kirchhofes, f\u00fcnf schwarze Granittafeln, in der Mitte ein Krutzifix.Darunter die Inschrift:<\/p>\n<p style=\"padding-left: 30px;\"><strong><em>&#8220; Unseren Gefallenen und Vermi\u00dften in Dankbarkeit gewidmet&#8220;.<\/em><\/strong><\/p>\n<p>Auf vier Tafeln die Namen der Opfer.<\/p>\n<p>Text:Hubert<\/p>\n<p>&nbsp;<\/p>\n<div id='gallery-1' class='gallery galleryid-11538 gallery-columns-3 gallery-size-thumbnail'><dl class='gallery-item'>\n\t\t\t<dt class='gallery-icon landscape'>\n\t\t\t\t<a href='http:\/\/www.denkfried.de\/wp\/?attachment_id=11557'><img loading=\"lazy\" decoding=\"async\" width=\"150\" height=\"150\" src=\"http:\/\/www.denkfried.de\/wp\/wp-content\/uploads\/2011\/09\/KDM-Alteglofsheim-012-150x150.jpg\" class=\"attachment-thumbnail size-thumbnail\" alt=\"\" \/><\/a>\n\t\t\t<\/dt><\/dl><dl class='gallery-item'>\n\t\t\t<dt class='gallery-icon portrait'>\n\t\t\t\t<a href='http:\/\/www.denkfried.de\/wp\/?attachment_id=11554'><img loading=\"lazy\" decoding=\"async\" width=\"150\" height=\"150\" src=\"http:\/\/www.denkfried.de\/wp\/wp-content\/uploads\/2011\/09\/KDM-Alteglofsheim-Namenstafel-2.W.K.-03-150x150.jpg\" class=\"attachment-thumbnail size-thumbnail\" alt=\"Namentafeln 2.W.K.\" \/><\/a>\n\t\t\t<\/dt><\/dl><dl class='gallery-item'>\n\t\t\t<dt class='gallery-icon portrait'>\n\t\t\t\t<a href='http:\/\/www.denkfried.de\/wp\/?attachment_id=11553'><img loading=\"lazy\" decoding=\"async\" width=\"150\" height=\"150\" src=\"http:\/\/www.denkfried.de\/wp\/wp-content\/uploads\/2011\/09\/KDM-Alteglofsheim-Namenstafel-2.W.K.-021-150x150.jpg\" class=\"attachment-thumbnail size-thumbnail\" alt=\"Namentafeln 2.W.K.\" \/><\/a>\n\t\t\t<\/dt><\/dl><br style=\"clear: both\" \/><dl class='gallery-item'>\n\t\t\t<dt class='gallery-icon portrait'>\n\t\t\t\t<a href='http:\/\/www.denkfried.de\/wp\/?attachment_id=11550'><img loading=\"lazy\" decoding=\"async\" width=\"150\" height=\"150\" src=\"http:\/\/www.denkfried.de\/wp\/wp-content\/uploads\/2011\/09\/KDM-Alteglofsheim-1.W.K.1-150x150.jpg\" class=\"attachment-thumbnail size-thumbnail\" alt=\"Ansicht Denkmal 1.W.K.\" \/><\/a>\n\t\t\t<\/dt><\/dl><dl class='gallery-item'>\n\t\t\t<dt class='gallery-icon portrait'>\n\t\t\t\t<a href='http:\/\/www.denkfried.de\/wp\/?attachment_id=11552'><img loading=\"lazy\" decoding=\"async\" width=\"150\" height=\"150\" src=\"http:\/\/www.denkfried.de\/wp\/wp-content\/uploads\/2011\/09\/KDM-Alteglofsheim-Namenstafel-1.W.K.-051-150x150.jpg\" class=\"attachment-thumbnail size-thumbnail\" alt=\"Ansicht Namen gef.1.W.K.\" \/><\/a>\n\t\t\t<\/dt><\/dl>\n\t\t\t<br style='clear: both' \/>\n\t\t<\/div>\n\n","protected":false},"excerpt":{"rendered":"<p>&nbsp; 93087 Alteglofsheim &nbsp; DENKMAL 1914-1918:An der Langhauswand der katholischen Pfarrkirche findet sich eine Tafel in Kalkstein umgeben von kleinen S\u00e4ulen und einem Relief, wobei links und rechts oben ein Eisernes Kreuz steht, rechts und links neben einer S\u00e4ule zwei &hellip; <a href=\"http:\/\/www.denkfried.de\/wp\/?page_id=11538\">Weiterlesen <span class=\"meta-nav\">&rarr;<\/span><\/a><\/p>\n","protected":false},"author":2,"featured_media":0,"parent":11523,"menu_order":0,"comment_status":"closed","ping_status":"open","template":"","meta":{"footnotes":""},"class_list":["post-11538","page","type-page","status-publish","hentry"],"_links":{"self":[{"href":"http:\/\/www.denkfried.de\/wp\/index.php?rest_route=\/wp\/v2\/pages\/11538","targetHints":{"allow":["GET"]}}],"collection":[{"href":"http:\/\/www.denkfried.de\/wp\/index.php?rest_route=\/wp\/v2\/pages"}],"about":[{"href":"http:\/\/www.denkfried.de\/wp\/index.php?rest_route=\/wp\/v2\/types\/page"}],"author":[{"embeddable":true,"href":"http:\/\/www.denkfried.de\/wp\/index.php?rest_route=\/wp\/v2\/users\/2"}],"replies":[{"embeddable":true,"href":"http:\/\/www.denkfried.de\/wp\/index.php?rest_route=%2Fwp%2Fv2%2Fcomments&post=11538"}],"version-history":[{"count":11,"href":"http:\/\/www.denkfried.de\/wp\/index.php?rest_route=\/wp\/v2\/pages\/11538\/revisions"}],"predecessor-version":[{"id":35262,"href":"http:\/\/www.denkfried.de\/wp\/index.php?rest_route=\/wp\/v2\/pages\/11538\/revisions\/35262"}],"up":[{"embeddable":true,"href":"http:\/\/www.denkfried.de\/wp\/index.php?rest_route=\/wp\/v2\/pages\/11523"}],"wp:attachment":[{"href":"http:\/\/www.denkfried.de\/wp\/index.php?rest_route=%2Fwp%2Fv2%2Fmedia&parent=11538"}],"curies":[{"name":"wp","href":"https:\/\/api.w.org\/{rel}","templated":true}]}}