{"id":1152,"date":"2011-04-07T21:24:00","date_gmt":"2011-04-07T19:24:00","guid":{"rendered":"http:\/\/www.denkfried.de\/wp\/?page_id=1152"},"modified":"2011-04-07T21:24:00","modified_gmt":"2011-04-07T19:24:00","slug":"haderslev-neuer-friedhof","status":"publish","type":"page","link":"http:\/\/www.denkfried.de\/wp\/?page_id=1152","title":{"rendered":"HADERSLEV (Neuer Friedhof)"},"content":{"rendered":"<p>&nbsp;<\/p>\n<p><span style=\"text-decoration: underline; color: #ff0000;\"><strong>6100 Haderslev<\/strong><\/span> (Hadersleben)<br \/>\nKreis: Vejle<\/p>\n<p><span style=\"text-decoration: underline;\"><strong>Neuer Friedhof<\/strong><\/span><\/p>\n<p><em><span style=\"text-decoration: underline;\">Aus dem Reisebericht von Hubert M. :<\/span><\/em><br \/>\n<em>Als wir den Soldatenfriedhof Haderslev besuchten fanden wir nicht gleich die Ziviltoten und Soldaten des Zweiten Weltkriegs.<\/em><br \/>\n<em>Auf  dem Neuen Zivilfriedhof von Haderslev ruhen 201 Fl\u00fcchtlinge und zwei  Soldaten. Dieses Gr\u00e4berfeld erreicht man \u00fcber eine Unterf\u00fchrung vom  alten Friedhof aus. Auf der Vorderseite der Granitkreuzen stehen von  jeweils zwei Opfern die Namen und Daten.<\/em><br \/>\n<em>Ein Hochkreuz aus Holz steht im Mittelpunkt der Anlage mit Inschrift :<\/em><br \/>\n<strong>Hier Ruhen 163 Fl\u00fcchtlinge, es ist  das Kreuz\u00a0 von Golgatha. <\/strong><\/p>\n<p><strong> Heimat f\u00fcr Heimatlose. AD 1945-1948<\/strong><\/p>\n<div id='gallery-1' class='gallery galleryid-1152 gallery-columns-4 gallery-size-thumbnail'><dl class='gallery-item'>\n\t\t\t<dt class='gallery-icon landscape'>\n\t\t\t\t<a href='http:\/\/www.denkfried.de\/wp\/?attachment_id=1153'><img loading=\"lazy\" decoding=\"async\" width=\"150\" height=\"150\" src=\"http:\/\/www.denkfried.de\/wp\/wp-content\/uploads\/2011\/04\/Hadersleve-Neuer-Fr.Hinweisplatte-01-150x150.jpg\" class=\"attachment-thumbnail size-thumbnail\" alt=\"\" \/><\/a>\n\t\t\t<\/dt><\/dl><dl class='gallery-item'>\n\t\t\t<dt class='gallery-icon portrait'>\n\t\t\t\t<a href='http:\/\/www.denkfried.de\/wp\/?attachment_id=1154'><img loading=\"lazy\" decoding=\"async\" width=\"150\" height=\"150\" src=\"http:\/\/www.denkfried.de\/wp\/wp-content\/uploads\/2011\/04\/Hadersleve-Neuer-Fr.Hochkreuz-02-150x150.jpg\" class=\"attachment-thumbnail size-thumbnail\" alt=\"\" \/><\/a>\n\t\t\t<\/dt><\/dl><dl class='gallery-item'>\n\t\t\t<dt class='gallery-icon landscape'>\n\t\t\t\t<a href='http:\/\/www.denkfried.de\/wp\/?attachment_id=1155'><img loading=\"lazy\" decoding=\"async\" width=\"150\" height=\"150\" src=\"http:\/\/www.denkfried.de\/wp\/wp-content\/uploads\/2011\/04\/Hadersleve-Neuer-Fr.Gr\u00e4berfeld-03-150x150.jpg\" class=\"attachment-thumbnail size-thumbnail\" alt=\"\" \/><\/a>\n\t\t\t<\/dt><\/dl><dl class='gallery-item'>\n\t\t\t<dt class='gallery-icon landscape'>\n\t\t\t\t<a href='http:\/\/www.denkfried.de\/wp\/?attachment_id=1156'><img loading=\"lazy\" decoding=\"async\" width=\"150\" height=\"150\" src=\"http:\/\/www.denkfried.de\/wp\/wp-content\/uploads\/2011\/04\/Hadersleve-Neuer-Fr.Blick-zum-Eingang-04-150x150.jpg\" class=\"attachment-thumbnail size-thumbnail\" alt=\"\" \/><\/a>\n\t\t\t<\/dt><\/dl><br style=\"clear: both\" \/>\n\t\t<\/div>\n\n","protected":false},"excerpt":{"rendered":"<p>&nbsp; 6100 Haderslev (Hadersleben) Kreis: Vejle Neuer Friedhof Aus dem Reisebericht von Hubert M. : Als wir den Soldatenfriedhof Haderslev besuchten fanden wir nicht gleich die Ziviltoten und Soldaten des Zweiten Weltkriegs. Auf dem Neuen Zivilfriedhof von Haderslev ruhen 201 &hellip; <a href=\"http:\/\/www.denkfried.de\/wp\/?page_id=1152\">Weiterlesen <span class=\"meta-nav\">&rarr;<\/span><\/a><\/p>\n","protected":false},"author":2,"featured_media":0,"parent":1141,"menu_order":0,"comment_status":"closed","ping_status":"open","template":"","meta":{"footnotes":""},"class_list":["post-1152","page","type-page","status-publish","hentry"],"_links":{"self":[{"href":"http:\/\/www.denkfried.de\/wp\/index.php?rest_route=\/wp\/v2\/pages\/1152","targetHints":{"allow":["GET"]}}],"collection":[{"href":"http:\/\/www.denkfried.de\/wp\/index.php?rest_route=\/wp\/v2\/pages"}],"about":[{"href":"http:\/\/www.denkfried.de\/wp\/index.php?rest_route=\/wp\/v2\/types\/page"}],"author":[{"embeddable":true,"href":"http:\/\/www.denkfried.de\/wp\/index.php?rest_route=\/wp\/v2\/users\/2"}],"replies":[{"embeddable":true,"href":"http:\/\/www.denkfried.de\/wp\/index.php?rest_route=%2Fwp%2Fv2%2Fcomments&post=1152"}],"version-history":[{"count":2,"href":"http:\/\/www.denkfried.de\/wp\/index.php?rest_route=\/wp\/v2\/pages\/1152\/revisions"}],"predecessor-version":[{"id":1158,"href":"http:\/\/www.denkfried.de\/wp\/index.php?rest_route=\/wp\/v2\/pages\/1152\/revisions\/1158"}],"up":[{"embeddable":true,"href":"http:\/\/www.denkfried.de\/wp\/index.php?rest_route=\/wp\/v2\/pages\/1141"}],"wp:attachment":[{"href":"http:\/\/www.denkfried.de\/wp\/index.php?rest_route=%2Fwp%2Fv2%2Fmedia&parent=1152"}],"curies":[{"name":"wp","href":"https:\/\/api.w.org\/{rel}","templated":true}]}}