{"id":11367,"date":"2011-09-12T23:28:27","date_gmt":"2011-09-12T21:28:27","guid":{"rendered":"http:\/\/www.denkfried.de\/wp\/?page_id=11367"},"modified":"2011-09-13T20:45:04","modified_gmt":"2011-09-13T18:45:04","slug":"radebeul-kotzschenbroda","status":"publish","type":"page","link":"http:\/\/www.denkfried.de\/wp\/?page_id=11367","title":{"rendered":"Radebeul &#8211; K\u00f6tzschenbroda (DM)"},"content":{"rendered":"<p>&nbsp;<\/p>\n<p><span style=\"text-decoration: underline;\"><strong>01445 Radebeul-K\u00f6tzschenbroda<\/strong><\/span><\/p>\n<p>&nbsp;<\/p>\n<p>Das Kriegerdenkmal steht in Altk\u00f6tzschenbroda vor der Friedenskirche.<\/p>\n<p>Auf der Vorderseite steht geschrieben:<\/p>\n<p style=\"padding-left: 120px;\"><strong>F\u00dcR UNS &#8211; TREU BIS IN DEN TOD<\/strong><\/p>\n<p style=\"padding-left: 210px;\"><strong>1914 &#8211; 1918<\/strong><\/p>\n<p>&nbsp;<\/p>\n<p>Auf der R\u00fcckseite stehen die Namen der Gefallenen aus dem Ersten Weltkrieg.<\/p>\n<p>Die Inschrift hier lautet:<\/p>\n<p style=\"padding-left: 120px;\"><strong>AUS DER ALT-GEMEINDE K\u00d6TZSCHENBRODA<\/strong><\/p>\n<p>Hier wird der Neue Friedhof in Radebeul-West, K\u00f6tzschenbrodaer Str.166 dokumentiert.<\/p>\n<p>Der Friedhof wurde 1873 und die Kapelle 1913 eingeweiht. Der Alte Friedhof befindet sich in der N\u00e4he.<\/p>\n<p>&nbsp;<\/p>\n<div id='gallery-1' class='gallery galleryid-11367 gallery-columns-3 gallery-size-thumbnail'><dl class='gallery-item'>\n\t\t\t<dt class='gallery-icon landscape'>\n\t\t\t\t<a href='http:\/\/www.denkfried.de\/wp\/?attachment_id=11378'><img loading=\"lazy\" decoding=\"async\" width=\"150\" height=\"150\" src=\"http:\/\/www.denkfried.de\/wp\/wp-content\/uploads\/2011\/09\/P1010005-150x150.jpg\" class=\"attachment-thumbnail size-thumbnail\" alt=\"\" \/><\/a>\n\t\t\t<\/dt><\/dl><dl class='gallery-item'>\n\t\t\t<dt class='gallery-icon landscape'>\n\t\t\t\t<a href='http:\/\/www.denkfried.de\/wp\/?attachment_id=11375'><img loading=\"lazy\" decoding=\"async\" width=\"150\" height=\"150\" src=\"http:\/\/www.denkfried.de\/wp\/wp-content\/uploads\/2011\/09\/P1010001-150x150.jpg\" class=\"attachment-thumbnail size-thumbnail\" alt=\"\" \/><\/a>\n\t\t\t<\/dt><\/dl><dl class='gallery-item'>\n\t\t\t<dt class='gallery-icon landscape'>\n\t\t\t\t<a href='http:\/\/www.denkfried.de\/wp\/?attachment_id=11374'><img loading=\"lazy\" decoding=\"async\" width=\"150\" height=\"150\" src=\"http:\/\/www.denkfried.de\/wp\/wp-content\/uploads\/2011\/09\/P10100071-150x150.jpg\" class=\"attachment-thumbnail size-thumbnail\" alt=\"\" \/><\/a>\n\t\t\t<\/dt><\/dl><br style=\"clear: both\" \/><dl class='gallery-item'>\n\t\t\t<dt class='gallery-icon portrait'>\n\t\t\t\t<a href='http:\/\/www.denkfried.de\/wp\/?attachment_id=11376'><img loading=\"lazy\" decoding=\"async\" width=\"150\" height=\"150\" src=\"http:\/\/www.denkfried.de\/wp\/wp-content\/uploads\/2011\/09\/P1010003-150x150.jpg\" class=\"attachment-thumbnail size-thumbnail\" alt=\"\" \/><\/a>\n\t\t\t<\/dt><\/dl><dl class='gallery-item'>\n\t\t\t<dt class='gallery-icon portrait'>\n\t\t\t\t<a href='http:\/\/www.denkfried.de\/wp\/?attachment_id=11377'><img loading=\"lazy\" decoding=\"async\" width=\"150\" height=\"150\" src=\"http:\/\/www.denkfried.de\/wp\/wp-content\/uploads\/2011\/09\/P1010004-150x150.jpg\" class=\"attachment-thumbnail size-thumbnail\" alt=\"\" \/><\/a>\n\t\t\t<\/dt><\/dl><dl class='gallery-item'>\n\t\t\t<dt class='gallery-icon landscape'>\n\t\t\t\t<a href='http:\/\/www.denkfried.de\/wp\/?attachment_id=11373'><img loading=\"lazy\" decoding=\"async\" width=\"150\" height=\"150\" src=\"http:\/\/www.denkfried.de\/wp\/wp-content\/uploads\/2011\/09\/P1010006-150x150.jpg\" class=\"attachment-thumbnail size-thumbnail\" alt=\"\" \/><\/a>\n\t\t\t<\/dt><\/dl><br style=\"clear: both\" \/>\n\t\t<\/div>\n\n<p>&nbsp;<\/p>\n<p>&nbsp;<\/p>\n","protected":false},"excerpt":{"rendered":"<p>&nbsp; 01445 Radebeul-K\u00f6tzschenbroda &nbsp; Das Kriegerdenkmal steht in Altk\u00f6tzschenbroda vor der Friedenskirche. Auf der Vorderseite steht geschrieben: F\u00dcR UNS &#8211; TREU BIS IN DEN TOD 1914 &#8211; 1918 &nbsp; Auf der R\u00fcckseite stehen die Namen der Gefallenen aus dem Ersten &hellip; <a href=\"http:\/\/www.denkfried.de\/wp\/?page_id=11367\">Weiterlesen <span class=\"meta-nav\">&rarr;<\/span><\/a><\/p>\n","protected":false},"author":2,"featured_media":0,"parent":11364,"menu_order":0,"comment_status":"closed","ping_status":"open","template":"","meta":{"footnotes":""},"class_list":["post-11367","page","type-page","status-publish","hentry"],"_links":{"self":[{"href":"http:\/\/www.denkfried.de\/wp\/index.php?rest_route=\/wp\/v2\/pages\/11367","targetHints":{"allow":["GET"]}}],"collection":[{"href":"http:\/\/www.denkfried.de\/wp\/index.php?rest_route=\/wp\/v2\/pages"}],"about":[{"href":"http:\/\/www.denkfried.de\/wp\/index.php?rest_route=\/wp\/v2\/types\/page"}],"author":[{"embeddable":true,"href":"http:\/\/www.denkfried.de\/wp\/index.php?rest_route=\/wp\/v2\/users\/2"}],"replies":[{"embeddable":true,"href":"http:\/\/www.denkfried.de\/wp\/index.php?rest_route=%2Fwp%2Fv2%2Fcomments&post=11367"}],"version-history":[{"count":5,"href":"http:\/\/www.denkfried.de\/wp\/index.php?rest_route=\/wp\/v2\/pages\/11367\/revisions"}],"predecessor-version":[{"id":11381,"href":"http:\/\/www.denkfried.de\/wp\/index.php?rest_route=\/wp\/v2\/pages\/11367\/revisions\/11381"}],"up":[{"embeddable":true,"href":"http:\/\/www.denkfried.de\/wp\/index.php?rest_route=\/wp\/v2\/pages\/11364"}],"wp:attachment":[{"href":"http:\/\/www.denkfried.de\/wp\/index.php?rest_route=%2Fwp%2Fv2%2Fmedia&parent=11367"}],"curies":[{"name":"wp","href":"https:\/\/api.w.org\/{rel}","templated":true}]}}