{"id":11364,"date":"2011-09-12T21:58:49","date_gmt":"2011-09-12T19:58:49","guid":{"rendered":"http:\/\/www.denkfried.de\/wp\/?page_id=11364"},"modified":"2011-09-12T23:55:30","modified_gmt":"2011-09-12T21:55:30","slug":"radebeul","status":"publish","type":"page","link":"http:\/\/www.denkfried.de\/wp\/?page_id=11364","title":{"rendered":"Radebeul"},"content":{"rendered":"<p>&nbsp;<\/p>\n<p><span style=\"text-decoration: underline;\"><strong>01445 Radebeul<\/strong><\/span><\/p>\n<p>Verwaltungssitz:\u00a0 01445 Radebeul, Pestalozzistra\u00dfe 6<\/p>\n<p>+++++++++++++++++++++++++++++++++++++++++++++++++<\/p>\n<p><strong>Friedh\u00f6fe in Radebeul:<\/strong><\/p>\n<p>Gemeinsame Friedhofsverwaltung in Radebeul-West: K\u00f6tzschenbrodaer Stra\u00dfe 166<\/p>\n<p>Neuer Friedhof\u00a0 (Hauptfriedhof)<\/p>\n<p>Alter Friedhof (Bethesda-Friedhof) kaum noch Bestattungen, Serkowitzer Stra\u00dfe<\/p>\n<p>Johannisfriedhof<\/p>\n<p>&#8212;&#8212;&#8212;&#8212;&#8212;&#8212;&#8212;&#8212;&#8212;&#8212;&#8212;&#8212;&#8212;&#8212;&#8212;&#8212;&#8212;&#8212;&#8212;&#8212;&#8212;&#8212;&#8212;&#8212;&#8212;&#8212;&#8212;&#8212;-<\/p>\n<p>Radebeul-Ost<\/p>\n<p>Friedhof, M\u00fchlweg\u00a0 (Lutherfriedhof)<\/p>\n<p>St\u00e4dt. Friedhofsverwaltung: Ostfriedhof, Serkowitzer Stra\u00dfe 33\u00a0\u00a0\u00a0 Kriegsopfer: 7 namentl.bekannt und ca. 50 unbekannte Bombenopfer von 1945<\/p>\n<p>&nbsp;<\/p>\n","protected":false},"excerpt":{"rendered":"<p>&nbsp; 01445 Radebeul Verwaltungssitz:\u00a0 01445 Radebeul, Pestalozzistra\u00dfe 6 +++++++++++++++++++++++++++++++++++++++++++++++++ Friedh\u00f6fe in Radebeul: Gemeinsame Friedhofsverwaltung in Radebeul-West: K\u00f6tzschenbrodaer Stra\u00dfe 166 Neuer Friedhof\u00a0 (Hauptfriedhof) Alter Friedhof (Bethesda-Friedhof) kaum noch Bestattungen, Serkowitzer Stra\u00dfe Johannisfriedhof &#8212;&#8212;&#8212;&#8212;&#8212;&#8212;&#8212;&#8212;&#8212;&#8212;&#8212;&#8212;&#8212;&#8212;&#8212;&#8212;&#8212;&#8212;&#8212;&#8212;&#8212;&#8212;&#8212;&#8212;&#8212;&#8212;&#8212;&#8212;- Radebeul-Ost Friedhof, M\u00fchlweg\u00a0 (Lutherfriedhof) St\u00e4dt. Friedhofsverwaltung: Ostfriedhof, Serkowitzer &hellip; <a href=\"http:\/\/www.denkfried.de\/wp\/?page_id=11364\">Weiterlesen <span class=\"meta-nav\">&rarr;<\/span><\/a><\/p>\n","protected":false},"author":2,"featured_media":0,"parent":7416,"menu_order":0,"comment_status":"closed","ping_status":"open","template":"","meta":{"footnotes":""},"class_list":["post-11364","page","type-page","status-publish","hentry"],"_links":{"self":[{"href":"http:\/\/www.denkfried.de\/wp\/index.php?rest_route=\/wp\/v2\/pages\/11364","targetHints":{"allow":["GET"]}}],"collection":[{"href":"http:\/\/www.denkfried.de\/wp\/index.php?rest_route=\/wp\/v2\/pages"}],"about":[{"href":"http:\/\/www.denkfried.de\/wp\/index.php?rest_route=\/wp\/v2\/types\/page"}],"author":[{"embeddable":true,"href":"http:\/\/www.denkfried.de\/wp\/index.php?rest_route=\/wp\/v2\/users\/2"}],"replies":[{"embeddable":true,"href":"http:\/\/www.denkfried.de\/wp\/index.php?rest_route=%2Fwp%2Fv2%2Fcomments&post=11364"}],"version-history":[{"count":4,"href":"http:\/\/www.denkfried.de\/wp\/index.php?rest_route=\/wp\/v2\/pages\/11364\/revisions"}],"predecessor-version":[{"id":11370,"href":"http:\/\/www.denkfried.de\/wp\/index.php?rest_route=\/wp\/v2\/pages\/11364\/revisions\/11370"}],"up":[{"embeddable":true,"href":"http:\/\/www.denkfried.de\/wp\/index.php?rest_route=\/wp\/v2\/pages\/7416"}],"wp:attachment":[{"href":"http:\/\/www.denkfried.de\/wp\/index.php?rest_route=%2Fwp%2Fv2%2Fmedia&parent=11364"}],"curies":[{"name":"wp","href":"https:\/\/api.w.org\/{rel}","templated":true}]}}