{"id":1116,"date":"2011-04-07T17:42:51","date_gmt":"2011-04-07T15:42:51","guid":{"rendered":"http:\/\/www.denkfried.de\/wp\/?page_id=1116"},"modified":"2011-04-07T17:42:51","modified_gmt":"2011-04-07T15:42:51","slug":"gedhus","status":"publish","type":"page","link":"http:\/\/www.denkfried.de\/wp\/?page_id=1116","title":{"rendered":"GEDHUS"},"content":{"rendered":"<p>&nbsp;<\/p>\n<p style=\"text-align: justify;\"><span style=\"text-decoration: underline; color: #ff0000;\"><strong>Gedhus<\/strong><\/span><\/p>\n<p><span style=\"text-decoration: underline;\">Aus dem Reisebericht von Hubert M. :<\/span><br \/>\nWir  sind jetzt nach langer Anfahrt auf dem deutschen Soldatenfriedhof des  Zweiten Weltkriegs Gedhus angekommen. Der Soldatenfriedhof liegt mitten  in einem Waldgebiet und der &#8222;Anfahrtstra\u00dfe &#8222;sieht man garnicht an das es  eine Stra\u00dfe ist, eher ein ausgefahrener Schotterweg.<br \/>\nDas Gr\u00e4berfeld  das zuerst aus einem Fl\u00fcchtlingsfriedhof bestand,\u00a0 wurde durch Zubettung  von gefallenen Soldaten durch den Volksbund erweitert.Man errichtete  ein Eingangsgeb\u00e4ude mit einem Besucherraum und tauschte die Grabzeichen  gegen Natursteinkreuze. In der Mitte des Gr\u00e4berfeldes wurde ein bronzenes  Hochkreuz aufgestellt.<br \/>\nHeute sind 148 Soldaten und 1185 Fl\u00fcchtlinge, alle Opfer des Zweiten Weltkriegs, auf diesem Friedhof zur Ruhe  gebettet. Jugendliche die in den Fl\u00fcchtlingslagern lebten zeichneten Ende  der 50er Jahren die Gr\u00e4ber mit Kreuzen.<\/p>\n<p>Beim Besuch waren die  G\u00e4rtner damit besch\u00e4ftigt den alten Baumbestand zu lichten und die \u00c4ste  zu entsorgen, das H\u00e4ckselgut lag noch auf dem begr\u00fcnten Gr\u00e4berfeld.<\/p>\n<div id='gallery-1' class='gallery galleryid-1116 gallery-columns-4 gallery-size-thumbnail'><dl class='gallery-item'>\n\t\t\t<dt class='gallery-icon landscape'>\n\t\t\t\t<a href='http:\/\/www.denkfried.de\/wp\/?attachment_id=1117'><img loading=\"lazy\" decoding=\"async\" width=\"150\" height=\"150\" src=\"http:\/\/www.denkfried.de\/wp\/wp-content\/uploads\/2011\/04\/Gedhus-Eingang-01-150x150.jpg\" class=\"attachment-thumbnail size-thumbnail\" alt=\"\" \/><\/a>\n\t\t\t<\/dt><\/dl><dl class='gallery-item'>\n\t\t\t<dt class='gallery-icon landscape'>\n\t\t\t\t<a href='http:\/\/www.denkfried.de\/wp\/?attachment_id=1118'><img loading=\"lazy\" decoding=\"async\" width=\"150\" height=\"150\" src=\"http:\/\/www.denkfried.de\/wp\/wp-content\/uploads\/2011\/04\/Gedhus-Gr\u00e4berplan-02-150x150.jpg\" class=\"attachment-thumbnail size-thumbnail\" alt=\"\" \/><\/a>\n\t\t\t<\/dt><\/dl><dl class='gallery-item'>\n\t\t\t<dt class='gallery-icon portrait'>\n\t\t\t\t<a href='http:\/\/www.denkfried.de\/wp\/?attachment_id=1119'><img loading=\"lazy\" decoding=\"async\" width=\"150\" height=\"150\" src=\"http:\/\/www.denkfried.de\/wp\/wp-content\/uploads\/2011\/04\/Gedhus-Hochkreuz-03-150x150.jpg\" class=\"attachment-thumbnail size-thumbnail\" alt=\"\" \/><\/a>\n\t\t\t<\/dt><\/dl><dl class='gallery-item'>\n\t\t\t<dt class='gallery-icon landscape'>\n\t\t\t\t<a href='http:\/\/www.denkfried.de\/wp\/?attachment_id=1120'><img loading=\"lazy\" decoding=\"async\" width=\"150\" height=\"150\" src=\"http:\/\/www.denkfried.de\/wp\/wp-content\/uploads\/2011\/04\/Gedhus-Hinweisplatte-04-150x150.jpg\" class=\"attachment-thumbnail size-thumbnail\" alt=\"\" \/><\/a>\n\t\t\t<\/dt><\/dl><br style=\"clear: both\" \/><dl class='gallery-item'>\n\t\t\t<dt class='gallery-icon landscape'>\n\t\t\t\t<a href='http:\/\/www.denkfried.de\/wp\/?attachment_id=1121'><img loading=\"lazy\" decoding=\"async\" width=\"150\" height=\"150\" src=\"http:\/\/www.denkfried.de\/wp\/wp-content\/uploads\/2011\/04\/Gedhus-Gr\u00e4berfeld-05-150x150.jpg\" class=\"attachment-thumbnail size-thumbnail\" alt=\"\" \/><\/a>\n\t\t\t<\/dt><\/dl><dl class='gallery-item'>\n\t\t\t<dt class='gallery-icon landscape'>\n\t\t\t\t<a href='http:\/\/www.denkfried.de\/wp\/?attachment_id=1122'><img loading=\"lazy\" decoding=\"async\" width=\"150\" height=\"150\" src=\"http:\/\/www.denkfried.de\/wp\/wp-content\/uploads\/2011\/04\/Gedhus-hinteres-Gr\u00e4berfeld-08-150x150.jpg\" class=\"attachment-thumbnail size-thumbnail\" alt=\"\" \/><\/a>\n\t\t\t<\/dt><\/dl><dl class='gallery-item'>\n\t\t\t<dt class='gallery-icon portrait'>\n\t\t\t\t<a href='http:\/\/www.denkfried.de\/wp\/?attachment_id=1123'><img loading=\"lazy\" decoding=\"async\" width=\"150\" height=\"150\" src=\"http:\/\/www.denkfried.de\/wp\/wp-content\/uploads\/2011\/04\/Gedhus-Illona-Torandt-09-150x150.jpg\" class=\"attachment-thumbnail size-thumbnail\" alt=\"\" \/><\/a>\n\t\t\t<\/dt><\/dl><dl class='gallery-item'>\n\t\t\t<dt class='gallery-icon portrait'>\n\t\t\t\t<a href='http:\/\/www.denkfried.de\/wp\/?attachment_id=1124'><img loading=\"lazy\" decoding=\"async\" width=\"150\" height=\"150\" src=\"http:\/\/www.denkfried.de\/wp\/wp-content\/uploads\/2011\/04\/Gedhus-Zwillinge-Matschkus-010-150x150.jpg\" class=\"attachment-thumbnail size-thumbnail\" alt=\"\" \/><\/a>\n\t\t\t<\/dt><\/dl><br style=\"clear: both\" \/>\n\t\t<\/div>\n\n","protected":false},"excerpt":{"rendered":"<p>&nbsp; Gedhus Aus dem Reisebericht von Hubert M. : Wir sind jetzt nach langer Anfahrt auf dem deutschen Soldatenfriedhof des Zweiten Weltkriegs Gedhus angekommen. Der Soldatenfriedhof liegt mitten in einem Waldgebiet und der &#8222;Anfahrtstra\u00dfe &#8222;sieht man garnicht an das es &hellip; <a href=\"http:\/\/www.denkfried.de\/wp\/?page_id=1116\">Weiterlesen <span class=\"meta-nav\">&rarr;<\/span><\/a><\/p>\n","protected":false},"author":2,"featured_media":0,"parent":274,"menu_order":0,"comment_status":"closed","ping_status":"open","template":"","meta":{"footnotes":""},"class_list":["post-1116","page","type-page","status-publish","hentry"],"_links":{"self":[{"href":"http:\/\/www.denkfried.de\/wp\/index.php?rest_route=\/wp\/v2\/pages\/1116","targetHints":{"allow":["GET"]}}],"collection":[{"href":"http:\/\/www.denkfried.de\/wp\/index.php?rest_route=\/wp\/v2\/pages"}],"about":[{"href":"http:\/\/www.denkfried.de\/wp\/index.php?rest_route=\/wp\/v2\/types\/page"}],"author":[{"embeddable":true,"href":"http:\/\/www.denkfried.de\/wp\/index.php?rest_route=\/wp\/v2\/users\/2"}],"replies":[{"embeddable":true,"href":"http:\/\/www.denkfried.de\/wp\/index.php?rest_route=%2Fwp%2Fv2%2Fcomments&post=1116"}],"version-history":[{"count":2,"href":"http:\/\/www.denkfried.de\/wp\/index.php?rest_route=\/wp\/v2\/pages\/1116\/revisions"}],"predecessor-version":[{"id":1126,"href":"http:\/\/www.denkfried.de\/wp\/index.php?rest_route=\/wp\/v2\/pages\/1116\/revisions\/1126"}],"up":[{"embeddable":true,"href":"http:\/\/www.denkfried.de\/wp\/index.php?rest_route=\/wp\/v2\/pages\/274"}],"wp:attachment":[{"href":"http:\/\/www.denkfried.de\/wp\/index.php?rest_route=%2Fwp%2Fv2%2Fmedia&parent=1116"}],"curies":[{"name":"wp","href":"https:\/\/api.w.org\/{rel}","templated":true}]}}