{"id":11096,"date":"2011-09-03T23:08:18","date_gmt":"2011-09-03T21:08:18","guid":{"rendered":"http:\/\/www.denkfried.de\/wp\/?page_id=11096"},"modified":"2011-09-03T23:08:18","modified_gmt":"2011-09-03T21:08:18","slug":"dresden-buhlau","status":"publish","type":"page","link":"http:\/\/www.denkfried.de\/wp\/?page_id=11096","title":{"rendered":"Dresden &#8211; B\u00fchlau"},"content":{"rendered":"<p>&nbsp;<\/p>\n<p><span style=\"text-decoration: underline;\"><strong>01324 Dresden-B\u00fchlau<\/strong><\/span>, Quohrener Stra\u00dfe 18<\/p>\n<p>Ev.-Luth.Kirchgemeinde St.Michael, Dresden-B\u00fchlau<\/p>\n<p>Am 21.Juli 1898 erfolgte der erste Spatenstich f\u00fcr die Kirche an der Quohrener Stra\u00dfe.<\/p>\n<p>1949 erhielt die Kirche den Namen St.-Michaels-Kirche.<\/p>\n<p>Mit dem Bau der Kirche erhielt der Ortsteil auch einen Friedhof. Die offizielle Einweihung fand am 1.Januar 1898 statt. Kurz nach der Er\u00f6ffnung wurde ein Gemeinschaftsgrab angelegt da man bei Stra\u00dfenbauarbeiten die sterblichen \u00dcberreste von 1813 gefallenen franz.Soldaten fand. Eine Gedenkplatte wurde 2002 von der franz\u00f6sischen Kriegsgr\u00e4berf\u00fcrsorge gespendet. Das Grab ist heute noch vorhanden, s.Fotogalerie.<\/p>\n<p>Vor dem Friedhofsgel\u00e4nde befindet sich ein Kriegerdenkmal f\u00fcr die Opfer des Ersten Weltkrieges.<\/p>\n<p>Bis 1947 stand hier noch ein Gedenkstein der an das 800-j\u00e4hrige Bestehen des Hauses Wettin erinnerte.\u00a0 Es hatte vormals seinen Platz an der Quohrener Stra\u00dfe. Der Gedenkstein ist verschwunden und gilt bis heute als verschollen. Er trug die Inschrift:<\/p>\n<p style=\"padding-left: 30px;\"><em>&#8222;Zur Erinnerung an die 800j\u00e4hrige Jubelfeier des Hauses Wettin. Gewidmet von der Gemeinde B\u00fchlau&#8220;<\/em><\/p>\n<p>&nbsp;<\/p>\n<div id='gallery-1' class='gallery galleryid-11096 gallery-columns-4 gallery-size-thumbnail'><dl class='gallery-item'>\n\t\t\t<dt class='gallery-icon landscape'>\n\t\t\t\t<a href='http:\/\/www.denkfried.de\/wp\/?attachment_id=11098'><img loading=\"lazy\" decoding=\"async\" width=\"150\" height=\"150\" src=\"http:\/\/www.denkfried.de\/wp\/wp-content\/uploads\/2011\/09\/IMG_2689-150x150.jpg\" class=\"attachment-thumbnail size-thumbnail\" alt=\"\" \/><\/a>\n\t\t\t<\/dt><\/dl><dl class='gallery-item'>\n\t\t\t<dt class='gallery-icon portrait'>\n\t\t\t\t<a href='http:\/\/www.denkfried.de\/wp\/?attachment_id=11102'><img loading=\"lazy\" decoding=\"async\" width=\"150\" height=\"150\" src=\"http:\/\/www.denkfried.de\/wp\/wp-content\/uploads\/2011\/09\/IMG_2694-150x150.jpg\" class=\"attachment-thumbnail size-thumbnail\" alt=\"\" \/><\/a>\n\t\t\t<\/dt><\/dl><dl class='gallery-item'>\n\t\t\t<dt class='gallery-icon landscape'>\n\t\t\t\t<a href='http:\/\/www.denkfried.de\/wp\/?attachment_id=11099'><img loading=\"lazy\" decoding=\"async\" width=\"150\" height=\"150\" src=\"http:\/\/www.denkfried.de\/wp\/wp-content\/uploads\/2011\/09\/IMG_2690-150x150.jpg\" class=\"attachment-thumbnail size-thumbnail\" alt=\"\" \/><\/a>\n\t\t\t<\/dt><\/dl><dl class='gallery-item'>\n\t\t\t<dt class='gallery-icon landscape'>\n\t\t\t\t<a href='http:\/\/www.denkfried.de\/wp\/?attachment_id=11103'><img loading=\"lazy\" decoding=\"async\" width=\"150\" height=\"150\" src=\"http:\/\/www.denkfried.de\/wp\/wp-content\/uploads\/2011\/09\/IMG_2695-150x150.jpg\" class=\"attachment-thumbnail size-thumbnail\" alt=\"\" \/><\/a>\n\t\t\t<\/dt><\/dl><br style=\"clear: both\" \/><dl class='gallery-item'>\n\t\t\t<dt class='gallery-icon portrait'>\n\t\t\t\t<a href='http:\/\/www.denkfried.de\/wp\/?attachment_id=11100'><img loading=\"lazy\" decoding=\"async\" width=\"150\" height=\"150\" src=\"http:\/\/www.denkfried.de\/wp\/wp-content\/uploads\/2011\/09\/IMG_2691-150x150.jpg\" class=\"attachment-thumbnail size-thumbnail\" alt=\"\" \/><\/a>\n\t\t\t<\/dt><\/dl><dl class='gallery-item'>\n\t\t\t<dt class='gallery-icon portrait'>\n\t\t\t\t<a href='http:\/\/www.denkfried.de\/wp\/?attachment_id=11101'><img loading=\"lazy\" decoding=\"async\" width=\"150\" height=\"150\" src=\"http:\/\/www.denkfried.de\/wp\/wp-content\/uploads\/2011\/09\/IMG_2692-150x150.jpg\" class=\"attachment-thumbnail size-thumbnail\" alt=\"\" \/><\/a>\n\t\t\t<\/dt><\/dl><dl class='gallery-item'>\n\t\t\t<dt class='gallery-icon portrait'>\n\t\t\t\t<a href='http:\/\/www.denkfried.de\/wp\/?attachment_id=11097'><img loading=\"lazy\" decoding=\"async\" width=\"150\" height=\"150\" src=\"http:\/\/www.denkfried.de\/wp\/wp-content\/uploads\/2011\/09\/IMG_2700-150x150.jpg\" class=\"attachment-thumbnail size-thumbnail\" alt=\"\" \/><\/a>\n\t\t\t<\/dt><\/dl><dl class='gallery-item'>\n\t\t\t<dt class='gallery-icon landscape'>\n\t\t\t\t<a href='http:\/\/www.denkfried.de\/wp\/?attachment_id=11104'><img loading=\"lazy\" decoding=\"async\" width=\"150\" height=\"150\" src=\"http:\/\/www.denkfried.de\/wp\/wp-content\/uploads\/2011\/09\/IMG_2696-150x150.jpg\" class=\"attachment-thumbnail size-thumbnail\" alt=\"\" \/><\/a>\n\t\t\t<\/dt><\/dl><br style=\"clear: both\" \/>\n\t\t<\/div>\n\n","protected":false},"excerpt":{"rendered":"<p>&nbsp; 01324 Dresden-B\u00fchlau, Quohrener Stra\u00dfe 18 Ev.-Luth.Kirchgemeinde St.Michael, Dresden-B\u00fchlau Am 21.Juli 1898 erfolgte der erste Spatenstich f\u00fcr die Kirche an der Quohrener Stra\u00dfe. 1949 erhielt die Kirche den Namen St.-Michaels-Kirche. Mit dem Bau der Kirche erhielt der Ortsteil auch einen &hellip; <a href=\"http:\/\/www.denkfried.de\/wp\/?page_id=11096\">Weiterlesen <span class=\"meta-nav\">&rarr;<\/span><\/a><\/p>\n","protected":false},"author":2,"featured_media":0,"parent":7637,"menu_order":0,"comment_status":"closed","ping_status":"open","template":"","meta":{"footnotes":""},"class_list":["post-11096","page","type-page","status-publish","hentry"],"_links":{"self":[{"href":"http:\/\/www.denkfried.de\/wp\/index.php?rest_route=\/wp\/v2\/pages\/11096","targetHints":{"allow":["GET"]}}],"collection":[{"href":"http:\/\/www.denkfried.de\/wp\/index.php?rest_route=\/wp\/v2\/pages"}],"about":[{"href":"http:\/\/www.denkfried.de\/wp\/index.php?rest_route=\/wp\/v2\/types\/page"}],"author":[{"embeddable":true,"href":"http:\/\/www.denkfried.de\/wp\/index.php?rest_route=\/wp\/v2\/users\/2"}],"replies":[{"embeddable":true,"href":"http:\/\/www.denkfried.de\/wp\/index.php?rest_route=%2Fwp%2Fv2%2Fcomments&post=11096"}],"version-history":[{"count":2,"href":"http:\/\/www.denkfried.de\/wp\/index.php?rest_route=\/wp\/v2\/pages\/11096\/revisions"}],"predecessor-version":[{"id":11106,"href":"http:\/\/www.denkfried.de\/wp\/index.php?rest_route=\/wp\/v2\/pages\/11096\/revisions\/11106"}],"up":[{"embeddable":true,"href":"http:\/\/www.denkfried.de\/wp\/index.php?rest_route=\/wp\/v2\/pages\/7637"}],"wp:attachment":[{"href":"http:\/\/www.denkfried.de\/wp\/index.php?rest_route=%2Fwp%2Fv2%2Fmedia&parent=11096"}],"curies":[{"name":"wp","href":"https:\/\/api.w.org\/{rel}","templated":true}]}}