{"id":11026,"date":"2011-09-02T20:44:58","date_gmt":"2011-09-02T18:44:58","guid":{"rendered":"http:\/\/www.denkfried.de\/wp\/?page_id=11026"},"modified":"2011-09-02T20:46:06","modified_gmt":"2011-09-02T18:46:06","slug":"bodnegg","status":"publish","type":"page","link":"http:\/\/www.denkfried.de\/wp\/?page_id=11026","title":{"rendered":"Bodnegg"},"content":{"rendered":"<p>&nbsp;<\/p>\n<p><span style=\"text-decoration: underline;\"><strong>88285 Bodnegg<\/strong><\/span><\/p>\n<p>In Bodnegg gibt es keine Kriegsgr\u00e4berst\u00e4tte mehr da die 4 hier Bestatteten 1954 auf die Kriegsgr\u00e4berst\u00e4tte Weingarten umgebettet worden sind.<\/p>\n<p>Im Ort gibt es Kriegerdenkmal f\u00fcr die Gefallenen und Vermissten der Gemeinde.<\/p>\n<p>Weiterhin gibt es ein von Agnes Mossmann verfasstes Buch unter dem Titel &#8222;Chronik der im Zweiten Weltkrieg gefallenen und vermissten Soldaten der Gemeinde Bodnegg 1939-1945&#8220;\u00a0 Zum Gedenken im 60.Jahr nach Stalingrad &#8211; Recherche und Dokumentation.<\/p>\n<p>Ich danke hiermit Agnes Moosmann f\u00fcr die Genehmigung Informationen aus der Chronik hier und im Forum der gedenk-tafel zu verwenden.<\/p>\n<p>F\u00fcr Interessenten: Das Buch ist beim Verlag vergriffen und evtl. bei Amazon und bei Frau Moosmann f\u00fcr 10 \u20ac\u00a0 zu haben.<\/p>\n<p><a href=\"http:\/\/www.denkfried.de\/wp\/?attachment_id=11028\" rel=\"attachment wp-att-11028\"><img loading=\"lazy\" decoding=\"async\" class=\"alignnone size-medium wp-image-11028\" title=\"Bodnegg036\" src=\"http:\/\/www.denkfried.de\/wp\/wp-content\/uploads\/2011\/09\/Bodnegg036-217x300.jpg\" alt=\"\" width=\"217\" height=\"300\" srcset=\"http:\/\/www.denkfried.de\/wp\/wp-content\/uploads\/2011\/09\/Bodnegg036-217x300.jpg 217w, http:\/\/www.denkfried.de\/wp\/wp-content\/uploads\/2011\/09\/Bodnegg036-743x1024.jpg 743w, http:\/\/www.denkfried.de\/wp\/wp-content\/uploads\/2011\/09\/Bodnegg036.jpg 1837w\" sizes=\"auto, (max-width: 217px) 100vw, 217px\" \/><\/a><\/p>\n<p>&nbsp;<\/p>\n<p>&nbsp;<\/p>\n","protected":false},"excerpt":{"rendered":"<p>&nbsp; 88285 Bodnegg In Bodnegg gibt es keine Kriegsgr\u00e4berst\u00e4tte mehr da die 4 hier Bestatteten 1954 auf die Kriegsgr\u00e4berst\u00e4tte Weingarten umgebettet worden sind. Im Ort gibt es Kriegerdenkmal f\u00fcr die Gefallenen und Vermissten der Gemeinde. Weiterhin gibt es ein von &hellip; <a href=\"http:\/\/www.denkfried.de\/wp\/?page_id=11026\">Weiterlesen <span class=\"meta-nav\">&rarr;<\/span><\/a><\/p>\n","protected":false},"author":2,"featured_media":0,"parent":3217,"menu_order":0,"comment_status":"closed","ping_status":"open","template":"","meta":{"footnotes":""},"class_list":["post-11026","page","type-page","status-publish","hentry"],"_links":{"self":[{"href":"http:\/\/www.denkfried.de\/wp\/index.php?rest_route=\/wp\/v2\/pages\/11026","targetHints":{"allow":["GET"]}}],"collection":[{"href":"http:\/\/www.denkfried.de\/wp\/index.php?rest_route=\/wp\/v2\/pages"}],"about":[{"href":"http:\/\/www.denkfried.de\/wp\/index.php?rest_route=\/wp\/v2\/types\/page"}],"author":[{"embeddable":true,"href":"http:\/\/www.denkfried.de\/wp\/index.php?rest_route=\/wp\/v2\/users\/2"}],"replies":[{"embeddable":true,"href":"http:\/\/www.denkfried.de\/wp\/index.php?rest_route=%2Fwp%2Fv2%2Fcomments&post=11026"}],"version-history":[{"count":7,"href":"http:\/\/www.denkfried.de\/wp\/index.php?rest_route=\/wp\/v2\/pages\/11026\/revisions"}],"predecessor-version":[{"id":11035,"href":"http:\/\/www.denkfried.de\/wp\/index.php?rest_route=\/wp\/v2\/pages\/11026\/revisions\/11035"}],"up":[{"embeddable":true,"href":"http:\/\/www.denkfried.de\/wp\/index.php?rest_route=\/wp\/v2\/pages\/3217"}],"wp:attachment":[{"href":"http:\/\/www.denkfried.de\/wp\/index.php?rest_route=%2Fwp%2Fv2%2Fmedia&parent=11026"}],"curies":[{"name":"wp","href":"https:\/\/api.w.org\/{rel}","templated":true}]}}