{"id":10978,"date":"2011-08-30T22:47:46","date_gmt":"2011-08-30T20:47:46","guid":{"rendered":"http:\/\/www.denkfried.de\/wp\/?page_id=10978"},"modified":"2017-07-21T21:36:16","modified_gmt":"2017-07-21T19:36:16","slug":"wittichenau-spohla","status":"publish","type":"page","link":"http:\/\/www.denkfried.de\/wp\/?page_id=10978","title":{"rendered":"&#8211; Spohla"},"content":{"rendered":"<p>&nbsp;<\/p>\n<p><span style=\"text-decoration: underline;\"><strong>02997 Wittichenau-Spohla<\/strong><\/span><\/p>\n<p>Spohla liegt zwischen den St\u00e4dten Wittichenau und Hoyerswerda. Der Ort mit seinen rund 400 Einwohner blickt auf eine etwa 750-j\u00e4hrige Geschichte zur\u00fcck und ist sorbisch gepr\u00e4gt. Spohla gilt als Geburtsort der Sagengestalt Martin Pumphutt.<\/p>\n<p>Im Jahre 1950 wurden bei Spohla Massengr\u00e4ber gefunden. Die sterblichen \u00dcberreste wurden exhumiert und auf dem Ehrenhain im Zentrum von Hoyerswerda beigesetzt. Die Toten geh\u00f6rten zu einem H\u00e4ftlingszug der 1945 aus dem Au\u00dfenlager Niesky des KZ Gro\u00df-Rosen auf dem Todesmarsch zu Tode kamen. In Spohla gibt es noch eine Scheune worin die H\u00e4ftlinge, die Sch\u00fctzgr\u00e4ben und Panzersperren in der Umgebung errichten mu\u00dften, untergebracht waren. An der Au\u00dfenwand erinnert eine Tafel mit folgenden Worten an diese Menschen:<\/p>\n<pre style=\"padding-left: 150px;\"><strong>EHEMALIGES AUSSENLAGER<\/strong><strong>DES KZ GROSS-ROSEN\r\n<\/strong><strong>VOM 1.M\u00c4RZ - 19.APRIL 1945\r\n<\/strong><strong>F\u00dcR 500 VORWIEGEND POLNISCHE<\/strong>\r\n<strong>UND SOWJETISCHE H\u00c4FTLINGE<\/strong>\r\n<strong>ZWISCHENSTATION AUF IHREM TODESMARSCH<\/strong>\r\n\r\n<\/pre>\n<p>Denkmal f\u00fcr die Gefallenen und Vermissten der Gemeinde<\/p>\n<p>1.Weltkrieg 6 Tote<\/p>\n<p>2.Weltkrieg 17 Tote u.Vermisste<\/p>\n<p>Namen sind in unserer Datenbank erfasst.<\/p>\n<div id='gallery-1' class='gallery galleryid-10978 gallery-columns-4 gallery-size-thumbnail'><dl class='gallery-item'>\n\t\t\t<dt class='gallery-icon portrait'>\n\t\t\t\t<a href='http:\/\/www.denkfried.de\/wp\/?attachment_id=10979'><img loading=\"lazy\" decoding=\"async\" width=\"150\" height=\"150\" src=\"http:\/\/www.denkfried.de\/wp\/wp-content\/uploads\/2011\/08\/IMG_2635-150x150.jpg\" class=\"attachment-thumbnail size-thumbnail\" alt=\"\" \/><\/a>\n\t\t\t<\/dt><\/dl><dl class='gallery-item'>\n\t\t\t<dt class='gallery-icon landscape'>\n\t\t\t\t<a href='http:\/\/www.denkfried.de\/wp\/?attachment_id=10981'><img loading=\"lazy\" decoding=\"async\" width=\"150\" height=\"150\" src=\"http:\/\/www.denkfried.de\/wp\/wp-content\/uploads\/2011\/08\/IMG_2633-150x150.jpg\" class=\"attachment-thumbnail size-thumbnail\" alt=\"\" \/><\/a>\n\t\t\t<\/dt><\/dl><dl class='gallery-item'>\n\t\t\t<dt class='gallery-icon landscape'>\n\t\t\t\t<a href='http:\/\/www.denkfried.de\/wp\/?attachment_id=10980'><img loading=\"lazy\" decoding=\"async\" width=\"150\" height=\"150\" src=\"http:\/\/www.denkfried.de\/wp\/wp-content\/uploads\/2011\/08\/IMG_2632-150x150.jpg\" class=\"attachment-thumbnail size-thumbnail\" alt=\"\" \/><\/a>\n\t\t\t<\/dt><\/dl><dl class='gallery-item'>\n\t\t\t<dt class='gallery-icon portrait'>\n\t\t\t\t<a href='http:\/\/www.denkfried.de\/wp\/?attachment_id=10982'><img loading=\"lazy\" decoding=\"async\" width=\"150\" height=\"150\" src=\"http:\/\/www.denkfried.de\/wp\/wp-content\/uploads\/2011\/08\/IMG_2634-150x150.jpg\" class=\"attachment-thumbnail size-thumbnail\" alt=\"\" \/><\/a>\n\t\t\t<\/dt><\/dl><br style=\"clear: both\" \/>\n\t\t<\/div>\n\n","protected":false},"excerpt":{"rendered":"<p>&nbsp; 02997 Wittichenau-Spohla Spohla liegt zwischen den St\u00e4dten Wittichenau und Hoyerswerda. Der Ort mit seinen rund 400 Einwohner blickt auf eine etwa 750-j\u00e4hrige Geschichte zur\u00fcck und ist sorbisch gepr\u00e4gt. Spohla gilt als Geburtsort der Sagengestalt Martin Pumphutt. Im Jahre 1950 &hellip; <a href=\"http:\/\/www.denkfried.de\/wp\/?page_id=10978\">Weiterlesen <span class=\"meta-nav\">&rarr;<\/span><\/a><\/p>\n","protected":false},"author":2,"featured_media":0,"parent":10975,"menu_order":0,"comment_status":"closed","ping_status":"open","template":"","meta":{"footnotes":""},"class_list":["post-10978","page","type-page","status-publish","hentry"],"_links":{"self":[{"href":"http:\/\/www.denkfried.de\/wp\/index.php?rest_route=\/wp\/v2\/pages\/10978","targetHints":{"allow":["GET"]}}],"collection":[{"href":"http:\/\/www.denkfried.de\/wp\/index.php?rest_route=\/wp\/v2\/pages"}],"about":[{"href":"http:\/\/www.denkfried.de\/wp\/index.php?rest_route=\/wp\/v2\/types\/page"}],"author":[{"embeddable":true,"href":"http:\/\/www.denkfried.de\/wp\/index.php?rest_route=\/wp\/v2\/users\/2"}],"replies":[{"embeddable":true,"href":"http:\/\/www.denkfried.de\/wp\/index.php?rest_route=%2Fwp%2Fv2%2Fcomments&post=10978"}],"version-history":[{"count":8,"href":"http:\/\/www.denkfried.de\/wp\/index.php?rest_route=\/wp\/v2\/pages\/10978\/revisions"}],"predecessor-version":[{"id":30177,"href":"http:\/\/www.denkfried.de\/wp\/index.php?rest_route=\/wp\/v2\/pages\/10978\/revisions\/30177"}],"up":[{"embeddable":true,"href":"http:\/\/www.denkfried.de\/wp\/index.php?rest_route=\/wp\/v2\/pages\/10975"}],"wp:attachment":[{"href":"http:\/\/www.denkfried.de\/wp\/index.php?rest_route=%2Fwp%2Fv2%2Fmedia&parent=10978"}],"curies":[{"name":"wp","href":"https:\/\/api.w.org\/{rel}","templated":true}]}}