{"id":10879,"date":"2011-08-22T11:02:17","date_gmt":"2011-08-22T09:02:17","guid":{"rendered":"http:\/\/www.denkfried.de\/wp\/?page_id=10879"},"modified":"2011-11-25T01:40:15","modified_gmt":"2011-11-25T00:40:15","slug":"sowetsk-tilsit","status":"publish","type":"page","link":"http:\/\/www.denkfried.de\/wp\/?page_id=10879","title":{"rendered":"Sowetsk (Tilsit)"},"content":{"rendered":"<p>&nbsp;<\/p>\n<p><span style=\"text-decoration: underline;\"><strong>238750\u2013238769 Sowetsk<\/strong><\/span><\/p>\n<p>deutsch- <strong>Tilsit<\/strong>, ist eine Stadt in der russischen\u00a0 Oblast Kaliningrad, im fr\u00fcherenOstpreu\u00dfen.<\/p>\n<p><a title=\"Tilsit\" href=\"http:\/\/www.tilsit-stadt.de\/tilsit-stadt\/index.php?id=588\">Tilsit<\/a><\/p>\n<p>Tilsit hatte vor 1945 13 stadteigene Friedh\u00f6fe. Der Waldfriedhof war der gr\u00f6\u00dfte Friedhof der Stadt und als Parkanlage gestaltet. Heute sind au\u00dfer dem Waldfriedhof keiner dieser Friedh\u00f6fe mehr vorhanden. Sie wurden zerst\u00f6rt, \u00fcberbaut oder fremdverwendet. Das der Waldfriedhof heute noch besteht ist wohl dem Umstand zu verdanken das hier etwa 500 im Ersten Weltkrieg gefallene sowjetische Soldaten bestattet sind. Seit 1945 fanden hier keine Beerdigungen mehr statt. Erhalten sind noch einzelne Grabsteine von Tilsitern B\u00fcrgern und deutschen Soldaten(514) gefallen im Ersten Weltkrieg sowie russische (486) und rum\u00e4nische Soldaten.<\/p>\n<p>Etwa 2000 gefallene Wehrmachtsoldaten wurden hier bestattet. Der Volksbund weihte den wiederhergestellten und ausgebauten Friedhof 2006 ein.<\/p>\n<p>Folgende Anlagen sind hier vorhanden:<\/p>\n<p>Gedenkstein f\u00fcr Sammelgr\u00e4ber gefallener deutscher Soldaten des 1.WK<\/p>\n<p>Namenstele f\u00fcr Gr\u00e4ber russischer Gefallener des 1.WK<\/p>\n<p>Gedenkanalge f\u00fcr gestorbene rum\u00e4nische Soldaten des 1.WK<\/p>\n<p>Gr\u00e4berfelder gefallener, gestorbener deutscher Soldaten des 2.WK<\/p>\n<p>Sammelgr\u00e4ber f\u00fcr ca. 700 Tilsiter Bombentote aus dem Jahr 1943\/44<\/p>\n<p>Einzelene Gedenksteine auf Grabstellen Tilsiter B\u00fcrger aus der deutschen Zeit<\/p>\n","protected":false},"excerpt":{"rendered":"<p>&nbsp; 238750\u2013238769 Sowetsk deutsch- Tilsit, ist eine Stadt in der russischen\u00a0 Oblast Kaliningrad, im fr\u00fcherenOstpreu\u00dfen. Tilsit Tilsit hatte vor 1945 13 stadteigene Friedh\u00f6fe. Der Waldfriedhof war der gr\u00f6\u00dfte Friedhof der Stadt und als Parkanlage gestaltet. Heute sind au\u00dfer dem Waldfriedhof &hellip; <a href=\"http:\/\/www.denkfried.de\/wp\/?page_id=10879\">Weiterlesen <span class=\"meta-nav\">&rarr;<\/span><\/a><\/p>\n","protected":false},"author":2,"featured_media":0,"parent":340,"menu_order":0,"comment_status":"closed","ping_status":"open","template":"","meta":{"footnotes":""},"class_list":["post-10879","page","type-page","status-publish","hentry"],"_links":{"self":[{"href":"http:\/\/www.denkfried.de\/wp\/index.php?rest_route=\/wp\/v2\/pages\/10879","targetHints":{"allow":["GET"]}}],"collection":[{"href":"http:\/\/www.denkfried.de\/wp\/index.php?rest_route=\/wp\/v2\/pages"}],"about":[{"href":"http:\/\/www.denkfried.de\/wp\/index.php?rest_route=\/wp\/v2\/types\/page"}],"author":[{"embeddable":true,"href":"http:\/\/www.denkfried.de\/wp\/index.php?rest_route=\/wp\/v2\/users\/2"}],"replies":[{"embeddable":true,"href":"http:\/\/www.denkfried.de\/wp\/index.php?rest_route=%2Fwp%2Fv2%2Fcomments&post=10879"}],"version-history":[{"count":5,"href":"http:\/\/www.denkfried.de\/wp\/index.php?rest_route=\/wp\/v2\/pages\/10879\/revisions"}],"predecessor-version":[{"id":10882,"href":"http:\/\/www.denkfried.de\/wp\/index.php?rest_route=\/wp\/v2\/pages\/10879\/revisions\/10882"}],"up":[{"embeddable":true,"href":"http:\/\/www.denkfried.de\/wp\/index.php?rest_route=\/wp\/v2\/pages\/340"}],"wp:attachment":[{"href":"http:\/\/www.denkfried.de\/wp\/index.php?rest_route=%2Fwp%2Fv2%2Fmedia&parent=10879"}],"curies":[{"name":"wp","href":"https:\/\/api.w.org\/{rel}","templated":true}]}}