{"id":1070,"date":"2011-04-06T21:45:07","date_gmt":"2011-04-06T19:45:07","guid":{"rendered":"http:\/\/www.denkfried.de\/wp\/?page_id=1070"},"modified":"2011-04-06T21:45:22","modified_gmt":"2011-04-06T19:45:22","slug":"esbjerg","status":"publish","type":"page","link":"http:\/\/www.denkfried.de\/wp\/?page_id=1070","title":{"rendered":"ESBJERG"},"content":{"rendered":"<p>&nbsp;<\/p>\n<p><span style=\"text-decoration: underline; color: #ff0000;\"><strong>6710 Esbjerg<\/strong><\/span><\/p>\n<p><em>Reisebericht von Hubert M. :<\/em><\/p>\n<p><em>Wir sind auf dem Soldatenfriedhof Esberg  Nr.23 angekommen.<\/em><\/p>\n<p><em>Das Gr\u00e4berfeld des Zweiten Weltkriegs mit 1150  gefallenen deutschen Soldaten\u00a0 liegt neben dem Ortsfriedhof &#8220; Kirkegaard  Fourfeld Gravlund&#8220;. In zwei separaten Abteilungen auf dem Gr\u00e4berfeld  sind 151 zivile Fl\u00fcchtlingsopfer beigesetzt. Auch einen Grabstein f\u00fcr  einen Seeoffizier (Theodor Wolff gef.16.2.1916 bei Horns Riff),aus dem\u00a0  Ersten Weltkrieg ist hier neben den Steinkreuzen zu finden.<\/em><br \/>\n<em> Auf  den Granitkreuzen sind auf jeder Seite die Namen und Daten von jeweils  zwei Gefallenen zu lesen. Nachdem deutsche und britische Jugendliche die  Hecke zwischen dem deutschen und dem britischen Soldatenfriedhof, der  gleich neben dem deutschen Gr\u00e4berfeld angelegt wurde, entfernt haben,  kann man beide ohne Hindernisse besuchen .<\/em><br \/>\n<em> Beide Soldatenfriedh\u00f6fe machen einen gepflegten Eindruck.<\/em><\/p>\n<div id='gallery-1' class='gallery galleryid-1070 gallery-columns-4 gallery-size-thumbnail'><dl class='gallery-item'>\n\t\t\t<dt class='gallery-icon landscape'>\n\t\t\t\t<a href='http:\/\/www.denkfried.de\/wp\/?attachment_id=1071'><img loading=\"lazy\" decoding=\"async\" width=\"150\" height=\"150\" src=\"http:\/\/www.denkfried.de\/wp\/wp-content\/uploads\/2011\/04\/Esberg-Ansicht-Hochkreuz-04-150x150.jpg\" class=\"attachment-thumbnail size-thumbnail\" alt=\"\" \/><\/a>\n\t\t\t<\/dt><\/dl><dl class='gallery-item'>\n\t\t\t<dt class='gallery-icon landscape'>\n\t\t\t\t<a href='http:\/\/www.denkfried.de\/wp\/?attachment_id=1072'><img loading=\"lazy\" decoding=\"async\" width=\"150\" height=\"150\" src=\"http:\/\/www.denkfried.de\/wp\/wp-content\/uploads\/2011\/04\/Esberg-brit.Gr\u00e4berfeld-012-150x150.jpg\" class=\"attachment-thumbnail size-thumbnail\" alt=\"\" \/><\/a>\n\t\t\t<\/dt><\/dl><dl class='gallery-item'>\n\t\t\t<dt class='gallery-icon landscape'>\n\t\t\t\t<a href='http:\/\/www.denkfried.de\/wp\/?attachment_id=1073'><img loading=\"lazy\" decoding=\"async\" width=\"150\" height=\"150\" src=\"http:\/\/www.denkfried.de\/wp\/wp-content\/uploads\/2011\/04\/Esberg-Gr\u00e4ber-Soldaten-05-150x150.jpg\" class=\"attachment-thumbnail size-thumbnail\" alt=\"\" \/><\/a>\n\t\t\t<\/dt><\/dl><dl class='gallery-item'>\n\t\t\t<dt class='gallery-icon landscape'>\n\t\t\t\t<a href='http:\/\/www.denkfried.de\/wp\/?attachment_id=1074'><img loading=\"lazy\" decoding=\"async\" width=\"150\" height=\"150\" src=\"http:\/\/www.denkfried.de\/wp\/wp-content\/uploads\/2011\/04\/Esberg-Gr\u00e4berfeld-010-150x150.jpg\" class=\"attachment-thumbnail size-thumbnail\" alt=\"\" \/><\/a>\n\t\t\t<\/dt><\/dl><br style=\"clear: both\" \/><dl class='gallery-item'>\n\t\t\t<dt class='gallery-icon portrait'>\n\t\t\t\t<a href='http:\/\/www.denkfried.de\/wp\/?attachment_id=1075'><img loading=\"lazy\" decoding=\"async\" width=\"150\" height=\"150\" src=\"http:\/\/www.denkfried.de\/wp\/wp-content\/uploads\/2011\/04\/Esberg-Grabstein-Deutsch.Seeofizier-011-150x150.jpg\" class=\"attachment-thumbnail size-thumbnail\" alt=\"\" \/><\/a>\n\t\t\t<\/dt><\/dl><dl class='gallery-item'>\n\t\t\t<dt class='gallery-icon portrait'>\n\t\t\t\t<a href='http:\/\/www.denkfried.de\/wp\/?attachment_id=1076'><img loading=\"lazy\" decoding=\"async\" width=\"150\" height=\"150\" src=\"http:\/\/www.denkfried.de\/wp\/wp-content\/uploads\/2011\/04\/Esberg-Grabzeichen-Zivilopfer-03-150x150.jpg\" class=\"attachment-thumbnail size-thumbnail\" alt=\"\" \/><\/a>\n\t\t\t<\/dt><\/dl><dl class='gallery-item'>\n\t\t\t<dt class='gallery-icon landscape'>\n\t\t\t\t<a href='http:\/\/www.denkfried.de\/wp\/?attachment_id=1077'><img loading=\"lazy\" decoding=\"async\" width=\"150\" height=\"150\" src=\"http:\/\/www.denkfried.de\/wp\/wp-content\/uploads\/2011\/04\/Esberg-Zivilopfergr\u00e4ber-02-150x150.jpg\" class=\"attachment-thumbnail size-thumbnail\" alt=\"\" \/><\/a>\n\t\t\t<\/dt><\/dl>\n\t\t\t<br style='clear: both' \/>\n\t\t<\/div>\n\n","protected":false},"excerpt":{"rendered":"<p>&nbsp; 6710 Esbjerg Reisebericht von Hubert M. : Wir sind auf dem Soldatenfriedhof Esberg Nr.23 angekommen. Das Gr\u00e4berfeld des Zweiten Weltkriegs mit 1150 gefallenen deutschen Soldaten\u00a0 liegt neben dem Ortsfriedhof &#8220; Kirkegaard Fourfeld Gravlund&#8220;. In zwei separaten Abteilungen auf dem &hellip; <a href=\"http:\/\/www.denkfried.de\/wp\/?page_id=1070\">Weiterlesen <span class=\"meta-nav\">&rarr;<\/span><\/a><\/p>\n","protected":false},"author":2,"featured_media":0,"parent":274,"menu_order":0,"comment_status":"closed","ping_status":"open","template":"","meta":{"footnotes":""},"class_list":["post-1070","page","type-page","status-publish","hentry"],"_links":{"self":[{"href":"http:\/\/www.denkfried.de\/wp\/index.php?rest_route=\/wp\/v2\/pages\/1070","targetHints":{"allow":["GET"]}}],"collection":[{"href":"http:\/\/www.denkfried.de\/wp\/index.php?rest_route=\/wp\/v2\/pages"}],"about":[{"href":"http:\/\/www.denkfried.de\/wp\/index.php?rest_route=\/wp\/v2\/types\/page"}],"author":[{"embeddable":true,"href":"http:\/\/www.denkfried.de\/wp\/index.php?rest_route=\/wp\/v2\/users\/2"}],"replies":[{"embeddable":true,"href":"http:\/\/www.denkfried.de\/wp\/index.php?rest_route=%2Fwp%2Fv2%2Fcomments&post=1070"}],"version-history":[{"count":3,"href":"http:\/\/www.denkfried.de\/wp\/index.php?rest_route=\/wp\/v2\/pages\/1070\/revisions"}],"predecessor-version":[{"id":1080,"href":"http:\/\/www.denkfried.de\/wp\/index.php?rest_route=\/wp\/v2\/pages\/1070\/revisions\/1080"}],"up":[{"embeddable":true,"href":"http:\/\/www.denkfried.de\/wp\/index.php?rest_route=\/wp\/v2\/pages\/274"}],"wp:attachment":[{"href":"http:\/\/www.denkfried.de\/wp\/index.php?rest_route=%2Fwp%2Fv2%2Fmedia&parent=1070"}],"curies":[{"name":"wp","href":"https:\/\/api.w.org\/{rel}","templated":true}]}}