{"id":10649,"date":"2011-07-31T16:46:39","date_gmt":"2011-07-31T14:46:39","guid":{"rendered":"http:\/\/www.denkfried.de\/wp\/?page_id=10649"},"modified":"2011-07-31T17:45:20","modified_gmt":"2011-07-31T15:45:20","slug":"grosrohrsdorf-denkmal","status":"publish","type":"page","link":"http:\/\/www.denkfried.de\/wp\/?page_id=10649","title":{"rendered":"Gro\u00dfr\u00f6hrsdorf (Denkmal)"},"content":{"rendered":"<p>&nbsp;<\/p>\n<p>Ev.Friedhof &#8211; Ehrenhain f\u00fcr die Gefallenen des 1.Weltkrieges<\/p>\n<p><strong>DENKMAL<\/strong><\/p>\n<p>Die Namen am Denkmal des 1.WK sind in der Datenbank eingetragen. \u00a0 Gro\u00dfr\u00f6hrsdorf-Friedhof<br \/>\nAus der Chronik\u2026\u2026<br \/>\nBereits im Juli 1915 beschloss der Kirchenvorstand f\u00fcr \u201cgefallene oder im Feld verstorbene Krieger einen Ehrenfriedhof zu \u201cschaffen\u201d. Die Baufirma M.u.E.V\u00f6lkel lieferte die Zeichnungen zum g\u00e4rtnerischen Entwurf. Im Laufe der vier Kriegsjahre (1914-1918) trafen mehr als 220 Gefallenenmeldungen in Gro\u00dfr\u00f6hrsdorf ein. F\u00fcr sie wurden einheitlich 126 Gedenksteine und 110 Gedenkkreuze aus Postaer Sandstein angefertigt und aufgestellt.<br \/>\nDie ganze Anlage wurde gekr\u00f6nt durch das vom Bildhauer Johann Ernst Born aus Dresden entworfenen Denkmal, das durch seine pers\u00f6nliche Note besonders ergreifend wirkt. Es stellt eine Rote-Kreuz-Schwester dar, die einem sterbenden Soldaten die letzte Hilfe erweist. Sie tr\u00e4gt die Z\u00fcge der Tochter des Kommerzienrates Max Gro\u00dfmann, die als freiwillige Krankenpflegerin 1917 in einem Warschauer Lazarett starb; w\u00e4hrend der sterbende Soldat die Z\u00fcge ihres Vetters G\u00fcnther Gro\u00dfmann tr\u00e4gt, dem Sohn des Fabrikbesitzers Otto Gro\u00dfmann, der in Frankreich im gleichen Jahr sein junges Leben lassen musste. Das Denkmal wurde gestiftet von den beiden verwitweten M\u00fctter in ihrer Trauer. Die g\u00e4rtnerische Anlage f\u00fchrte Paul M\u00fcller aus.<br \/>\nAm 20.Juni 1920 wurde der Ehrenfriedhof unter gro\u00dfer Anteilnahme der Gemeinde von Pfarrer Bompach geweiht. Einzigartig ist, dass auch Frau Hildegard Gro\u00dfmann einen Gedenkstein neben den gefallenen Soldaten erhielt: Vor dem Denkmal linke Seite, 1.Reihe, 2.von links (neben ihrem Cousin G\u00fcnter Gro\u00dfmann).<\/p>\n<div id='gallery-1' class='gallery galleryid-10649 gallery-columns-3 gallery-size-thumbnail'><dl class='gallery-item'>\n\t\t\t<dt class='gallery-icon landscape'>\n\t\t\t\t<a href='http:\/\/www.denkfried.de\/wp\/?attachment_id=10663'><img loading=\"lazy\" decoding=\"async\" width=\"150\" height=\"150\" src=\"http:\/\/www.denkfried.de\/wp\/wp-content\/uploads\/2011\/07\/Ehrenmal-Gro\u00dfr\u00f6hrsdorf-150x150.jpg\" class=\"attachment-thumbnail size-thumbnail\" alt=\"\" \/><\/a>\n\t\t\t<\/dt><\/dl><dl class='gallery-item'>\n\t\t\t<dt class='gallery-icon portrait'>\n\t\t\t\t<a href='http:\/\/www.denkfried.de\/wp\/?attachment_id=10662'><img loading=\"lazy\" decoding=\"async\" width=\"150\" height=\"150\" src=\"http:\/\/www.denkfried.de\/wp\/wp-content\/uploads\/2011\/07\/Ehrenmal-1.WK_-150x150.jpg\" class=\"attachment-thumbnail size-thumbnail\" alt=\"\" \/><\/a>\n\t\t\t<\/dt><\/dl><dl class='gallery-item'>\n\t\t\t<dt class='gallery-icon landscape'>\n\t\t\t\t<a href='http:\/\/www.denkfried.de\/wp\/?attachment_id=10664'><img loading=\"lazy\" decoding=\"async\" width=\"150\" height=\"150\" src=\"http:\/\/www.denkfried.de\/wp\/wp-content\/uploads\/2011\/07\/IMG_0076-150x150.jpg\" class=\"attachment-thumbnail size-thumbnail\" alt=\"\" \/><\/a>\n\t\t\t<\/dt><\/dl><br style=\"clear: both\" \/><dl class='gallery-item'>\n\t\t\t<dt class='gallery-icon portrait'>\n\t\t\t\t<a href='http:\/\/www.denkfried.de\/wp\/?attachment_id=10666'><img loading=\"lazy\" decoding=\"async\" width=\"150\" height=\"150\" src=\"http:\/\/www.denkfried.de\/wp\/wp-content\/uploads\/2011\/07\/IMG_0092-150x150.jpg\" class=\"attachment-thumbnail size-thumbnail\" alt=\"\" \/><\/a>\n\t\t\t<\/dt><\/dl><dl class='gallery-item'>\n\t\t\t<dt class='gallery-icon portrait'>\n\t\t\t\t<a href='http:\/\/www.denkfried.de\/wp\/?attachment_id=10665'><img loading=\"lazy\" decoding=\"async\" width=\"150\" height=\"150\" src=\"http:\/\/www.denkfried.de\/wp\/wp-content\/uploads\/2011\/07\/IMG_0095-150x150.jpg\" class=\"attachment-thumbnail size-thumbnail\" alt=\"\" \/><\/a>\n\t\t\t<\/dt><\/dl><dl class='gallery-item'>\n\t\t\t<dt class='gallery-icon landscape'>\n\t\t\t\t<a href='http:\/\/www.denkfried.de\/wp\/?attachment_id=10652'><img loading=\"lazy\" decoding=\"async\" width=\"150\" height=\"150\" src=\"http:\/\/www.denkfried.de\/wp\/wp-content\/uploads\/2011\/07\/IMG_0142-150x150.jpg\" class=\"attachment-thumbnail size-thumbnail\" alt=\"\" \/><\/a>\n\t\t\t<\/dt><\/dl><br style=\"clear: both\" \/><dl class='gallery-item'>\n\t\t\t<dt class='gallery-icon landscape'>\n\t\t\t\t<a href='http:\/\/www.denkfried.de\/wp\/?attachment_id=10651'><img loading=\"lazy\" decoding=\"async\" width=\"150\" height=\"150\" src=\"http:\/\/www.denkfried.de\/wp\/wp-content\/uploads\/2011\/07\/IMG_0125-150x150.jpg\" class=\"attachment-thumbnail size-thumbnail\" alt=\"\" \/><\/a>\n\t\t\t<\/dt><\/dl><dl class='gallery-item'>\n\t\t\t<dt class='gallery-icon landscape'>\n\t\t\t\t<a href='http:\/\/www.denkfried.de\/wp\/?attachment_id=10650'><img loading=\"lazy\" decoding=\"async\" width=\"150\" height=\"150\" src=\"http:\/\/www.denkfried.de\/wp\/wp-content\/uploads\/2011\/07\/IMG_0089-150x150.jpg\" class=\"attachment-thumbnail size-thumbnail\" alt=\"\" \/><\/a>\n\t\t\t<\/dt><\/dl><dl class='gallery-item'>\n\t\t\t<dt class='gallery-icon landscape'>\n\t\t\t\t<a href='http:\/\/www.denkfried.de\/wp\/?attachment_id=10668'><img loading=\"lazy\" decoding=\"async\" width=\"150\" height=\"150\" src=\"http:\/\/www.denkfried.de\/wp\/wp-content\/uploads\/2011\/07\/Privat-Gro\u00dfmann-150x150.jpg\" class=\"attachment-thumbnail size-thumbnail\" alt=\"\" \/><\/a>\n\t\t\t<\/dt><\/dl><br style=\"clear: both\" \/>\n\t\t<\/div>\n\n","protected":false},"excerpt":{"rendered":"<p>&nbsp; Ev.Friedhof &#8211; Ehrenhain f\u00fcr die Gefallenen des 1.Weltkrieges DENKMAL Die Namen am Denkmal des 1.WK sind in der Datenbank eingetragen. \u00a0 Gro\u00dfr\u00f6hrsdorf-Friedhof Aus der Chronik\u2026\u2026 Bereits im Juli 1915 beschloss der Kirchenvorstand f\u00fcr \u201cgefallene oder im Feld verstorbene Krieger &hellip; <a href=\"http:\/\/www.denkfried.de\/wp\/?page_id=10649\">Weiterlesen <span class=\"meta-nav\">&rarr;<\/span><\/a><\/p>\n","protected":false},"author":2,"featured_media":0,"parent":7282,"menu_order":0,"comment_status":"closed","ping_status":"open","template":"","meta":{"footnotes":""},"class_list":["post-10649","page","type-page","status-publish","hentry"],"_links":{"self":[{"href":"http:\/\/www.denkfried.de\/wp\/index.php?rest_route=\/wp\/v2\/pages\/10649","targetHints":{"allow":["GET"]}}],"collection":[{"href":"http:\/\/www.denkfried.de\/wp\/index.php?rest_route=\/wp\/v2\/pages"}],"about":[{"href":"http:\/\/www.denkfried.de\/wp\/index.php?rest_route=\/wp\/v2\/types\/page"}],"author":[{"embeddable":true,"href":"http:\/\/www.denkfried.de\/wp\/index.php?rest_route=\/wp\/v2\/users\/2"}],"replies":[{"embeddable":true,"href":"http:\/\/www.denkfried.de\/wp\/index.php?rest_route=%2Fwp%2Fv2%2Fcomments&post=10649"}],"version-history":[{"count":7,"href":"http:\/\/www.denkfried.de\/wp\/index.php?rest_route=\/wp\/v2\/pages\/10649\/revisions"}],"predecessor-version":[{"id":10672,"href":"http:\/\/www.denkfried.de\/wp\/index.php?rest_route=\/wp\/v2\/pages\/10649\/revisions\/10672"}],"up":[{"embeddable":true,"href":"http:\/\/www.denkfried.de\/wp\/index.php?rest_route=\/wp\/v2\/pages\/7282"}],"wp:attachment":[{"href":"http:\/\/www.denkfried.de\/wp\/index.php?rest_route=%2Fwp%2Fv2%2Fmedia&parent=10649"}],"curies":[{"name":"wp","href":"https:\/\/api.w.org\/{rel}","templated":true}]}}