{"id":10395,"date":"2011-07-24T16:38:57","date_gmt":"2011-07-24T14:38:57","guid":{"rendered":"http:\/\/www.denkfried.de\/wp\/?page_id=10395"},"modified":"2011-07-24T16:38:57","modified_gmt":"2011-07-24T14:38:57","slug":"pommelsbrunn-hubmersberg","status":"publish","type":"page","link":"http:\/\/www.denkfried.de\/wp\/?page_id=10395","title":{"rendered":"Pommelsbrunn-Hubmersberg"},"content":{"rendered":"<p>&nbsp;<\/p>\n<p><span style=\"text-decoration: underline;\"><strong>91224 Pommelsbrunn &#8211; Hubermsberg<\/strong><\/span><\/p>\n<p>&nbsp;<\/p>\n<p><em>Bericht und Fotos von Josef M. (md11)<\/em><\/p>\n<p><em>&#8222;Hier das KZ-Mahnmal in Hubmersberg (in der N\u00e4he von Hersbruck, zwischen Hohenstadt und Hubmersberg, auf der Hauptstra\u00dfe).<\/em><\/p>\n<p><em>Das Mahnmal wurde 1950 errichtet f\u00fcr die KZ-H\u00e4ftlinge des KZ-Lagers Hersbruck. Das Mahnmal wurde errichtet an der fr\u00fcheren Leichenverbrennungsstelle im Tal bei Hubmersburg.<\/em><\/p>\n<p><em>Es besteht aus einer Granits\u00e4ule mit in Stein gehauener Flamme.&#8220;<\/em><\/p>\n<div id='gallery-1' class='gallery galleryid-10395 gallery-columns-4 gallery-size-thumbnail'><dl class='gallery-item'>\n\t\t\t<dt class='gallery-icon portrait'>\n\t\t\t\t<a href='http:\/\/www.denkfried.de\/wp\/?attachment_id=10397'><img loading=\"lazy\" decoding=\"async\" width=\"150\" height=\"150\" src=\"http:\/\/www.denkfried.de\/wp\/wp-content\/uploads\/2011\/07\/33-150x150.jpg\" class=\"attachment-thumbnail size-thumbnail\" alt=\"\" \/><\/a>\n\t\t\t<\/dt><\/dl><dl class='gallery-item'>\n\t\t\t<dt class='gallery-icon portrait'>\n\t\t\t\t<a href='http:\/\/www.denkfried.de\/wp\/?attachment_id=10398'><img loading=\"lazy\" decoding=\"async\" width=\"150\" height=\"150\" src=\"http:\/\/www.denkfried.de\/wp\/wp-content\/uploads\/2011\/07\/43-150x150.jpg\" class=\"attachment-thumbnail size-thumbnail\" alt=\"\" \/><\/a>\n\t\t\t<\/dt><\/dl><dl class='gallery-item'>\n\t\t\t<dt class='gallery-icon portrait'>\n\t\t\t\t<a href='http:\/\/www.denkfried.de\/wp\/?attachment_id=10399'><img loading=\"lazy\" decoding=\"async\" width=\"150\" height=\"150\" src=\"http:\/\/www.denkfried.de\/wp\/wp-content\/uploads\/2011\/07\/5-150x150.jpg\" class=\"attachment-thumbnail size-thumbnail\" alt=\"\" \/><\/a>\n\t\t\t<\/dt><\/dl><dl class='gallery-item'>\n\t\t\t<dt class='gallery-icon portrait'>\n\t\t\t\t<a href='http:\/\/www.denkfried.de\/wp\/?attachment_id=10396'><img loading=\"lazy\" decoding=\"async\" width=\"150\" height=\"150\" src=\"http:\/\/www.denkfried.de\/wp\/wp-content\/uploads\/2011\/07\/61-150x150.jpg\" class=\"attachment-thumbnail size-thumbnail\" alt=\"\" \/><\/a>\n\t\t\t<\/dt><\/dl><br style=\"clear: both\" \/>\n\t\t<\/div>\n\n","protected":false},"excerpt":{"rendered":"<p>&nbsp; 91224 Pommelsbrunn &#8211; Hubermsberg &nbsp; Bericht und Fotos von Josef M. (md11) &#8222;Hier das KZ-Mahnmal in Hubmersberg (in der N\u00e4he von Hersbruck, zwischen Hohenstadt und Hubmersberg, auf der Hauptstra\u00dfe). Das Mahnmal wurde 1950 errichtet f\u00fcr die KZ-H\u00e4ftlinge des KZ-Lagers &hellip; <a href=\"http:\/\/www.denkfried.de\/wp\/?page_id=10395\">Weiterlesen <span class=\"meta-nav\">&rarr;<\/span><\/a><\/p>\n","protected":false},"author":2,"featured_media":0,"parent":3539,"menu_order":0,"comment_status":"closed","ping_status":"open","template":"","meta":{"footnotes":""},"class_list":["post-10395","page","type-page","status-publish","hentry"],"_links":{"self":[{"href":"http:\/\/www.denkfried.de\/wp\/index.php?rest_route=\/wp\/v2\/pages\/10395","targetHints":{"allow":["GET"]}}],"collection":[{"href":"http:\/\/www.denkfried.de\/wp\/index.php?rest_route=\/wp\/v2\/pages"}],"about":[{"href":"http:\/\/www.denkfried.de\/wp\/index.php?rest_route=\/wp\/v2\/types\/page"}],"author":[{"embeddable":true,"href":"http:\/\/www.denkfried.de\/wp\/index.php?rest_route=\/wp\/v2\/users\/2"}],"replies":[{"embeddable":true,"href":"http:\/\/www.denkfried.de\/wp\/index.php?rest_route=%2Fwp%2Fv2%2Fcomments&post=10395"}],"version-history":[{"count":3,"href":"http:\/\/www.denkfried.de\/wp\/index.php?rest_route=\/wp\/v2\/pages\/10395\/revisions"}],"predecessor-version":[{"id":10402,"href":"http:\/\/www.denkfried.de\/wp\/index.php?rest_route=\/wp\/v2\/pages\/10395\/revisions\/10402"}],"up":[{"embeddable":true,"href":"http:\/\/www.denkfried.de\/wp\/index.php?rest_route=\/wp\/v2\/pages\/3539"}],"wp:attachment":[{"href":"http:\/\/www.denkfried.de\/wp\/index.php?rest_route=%2Fwp%2Fv2%2Fmedia&parent=10395"}],"curies":[{"name":"wp","href":"https:\/\/api.w.org\/{rel}","templated":true}]}}