{"id":10391,"date":"2011-07-24T16:19:35","date_gmt":"2011-07-24T14:19:35","guid":{"rendered":"http:\/\/www.denkfried.de\/wp\/?page_id=10391"},"modified":"2013-09-23T18:27:53","modified_gmt":"2013-09-23T16:27:53","slug":"fort-de-malmaison","status":"publish","type":"page","link":"http:\/\/www.denkfried.de\/wp\/?page_id=10391","title":{"rendered":"Fort-de-Malmaison"},"content":{"rendered":"<p>&nbsp;<\/p>\n<p><span style=\"text-decoration: underline;\"><strong>02000 Chavignon &#8211; La Malmaison<\/strong><\/span><\/p>\n<p>Kriegsgr\u00e4berst\u00e4tte <strong>Fort-de-Malmaison<\/strong><\/p>\n<p>Diese Kriegsgr\u00e4berst\u00e4tte ist eine Erweiterung des Soldatenfriedhofes der 1941 von der deutschen Wehrmacht angelegt wurde. Aus 6 D\u00e9partements wurden 6.800 die in kleineren Grabanlagen bestattet waren, hierher umgebettet. Die Einweihung fand am 21.August 1965 statt und es haben \u00fcber 11.800 Soldaten hier ihre letzte Ruhe gefunden. Sie ruhen in Doppelgr\u00e4bern.<\/p>\n<p>Im Eingangsgeb\u00e4ude befindet sich ein Aufenthaltsraum f\u00fcr Besucher und hier liegen auch die Namensb\u00fccher aus.<\/p>\n<p>Bei meiner Reise durch die Normandie besuchte ich auch den Soldatenfriedhof Fort de Malmaison,am 07.09.2013. In meiner Sterbebilder -Sammlung befindet sich ein Klingshirn Alois begraben im Block 6, Reihe 14, Grab 627,ich habe das Grab besucht und am Grabkreutz ein Sterbebild angebracht. Das Gr\u00e4berfeld macht einen gepflegten Eindruck.<\/p>\n<p>Koordinaten : N49\u00b027.510 O3\u00b031.410<\/p>\n<p>Gr\u00fc\u00dfe Hubert<a href=\"http:\/\/www.denkfried.de\/wp\/wp-content\/uploads\/2011\/07\/Fort-de-Malmaison-2.W.K.-11841Aizy-Jouy-Str.-Alois-KlingshirnRgbg.-07.09.2013-320-1.jpg\"><img loading=\"lazy\" decoding=\"async\" class=\"aligncenter size-medium wp-image-32604\" alt=\"Fort de Malmaison, 2.W.K. 11841,Aizy Jouy Str. Alois Klingshirn,Rgbg. 07.09.2013-320 (1)\" src=\"http:\/\/www.denkfried.de\/wp\/wp-content\/uploads\/2011\/07\/Fort-de-Malmaison-2.W.K.-11841Aizy-Jouy-Str.-Alois-KlingshirnRgbg.-07.09.2013-320-1-300x199.jpg\" width=\"300\" height=\"199\" srcset=\"http:\/\/www.denkfried.de\/wp\/wp-content\/uploads\/2011\/07\/Fort-de-Malmaison-2.W.K.-11841Aizy-Jouy-Str.-Alois-KlingshirnRgbg.-07.09.2013-320-1-300x199.jpg 300w, http:\/\/www.denkfried.de\/wp\/wp-content\/uploads\/2011\/07\/Fort-de-Malmaison-2.W.K.-11841Aizy-Jouy-Str.-Alois-KlingshirnRgbg.-07.09.2013-320-1.jpg 720w\" sizes=\"auto, (max-width: 300px) 100vw, 300px\" \/><\/a> <a href=\"http:\/\/www.denkfried.de\/wp\/wp-content\/uploads\/2011\/07\/Fort-de-Malmaison-2.W.K.-11841Aizy-Jouy-Str.-Alois-KlingshirnRgbg.-07.09.2013-320-6.jpg\"><img loading=\"lazy\" decoding=\"async\" class=\"alignright size-medium wp-image-32605\" alt=\"Fort de Malmaison, 2.W.K. 11841,Aizy Jouy Str. Alois Klingshirn,Rgbg. 07.09.2013-320 (6)\" src=\"http:\/\/www.denkfried.de\/wp\/wp-content\/uploads\/2011\/07\/Fort-de-Malmaison-2.W.K.-11841Aizy-Jouy-Str.-Alois-KlingshirnRgbg.-07.09.2013-320-6-300x199.jpg\" width=\"300\" height=\"199\" srcset=\"http:\/\/www.denkfried.de\/wp\/wp-content\/uploads\/2011\/07\/Fort-de-Malmaison-2.W.K.-11841Aizy-Jouy-Str.-Alois-KlingshirnRgbg.-07.09.2013-320-6-300x199.jpg 300w, http:\/\/www.denkfried.de\/wp\/wp-content\/uploads\/2011\/07\/Fort-de-Malmaison-2.W.K.-11841Aizy-Jouy-Str.-Alois-KlingshirnRgbg.-07.09.2013-320-6.jpg 720w\" sizes=\"auto, (max-width: 300px) 100vw, 300px\" \/><\/a> <a href=\"http:\/\/www.denkfried.de\/wp\/wp-content\/uploads\/2011\/07\/Fort-de-Malmaison-2.W.K.-11841Aizy-Jouy-Str.-Alois-KlingshirnRgbg.-07.09.2013-320-7.jpg\"><img loading=\"lazy\" decoding=\"async\" class=\"alignright size-medium wp-image-32606\" alt=\"Fort de Malmaison, 2.W.K. 11841,Aizy Jouy Str. Alois Klingshirn,Rgbg. 07.09.2013-320 (7)\" src=\"http:\/\/www.denkfried.de\/wp\/wp-content\/uploads\/2011\/07\/Fort-de-Malmaison-2.W.K.-11841Aizy-Jouy-Str.-Alois-KlingshirnRgbg.-07.09.2013-320-7-300x199.jpg\" width=\"300\" height=\"199\" srcset=\"http:\/\/www.denkfried.de\/wp\/wp-content\/uploads\/2011\/07\/Fort-de-Malmaison-2.W.K.-11841Aizy-Jouy-Str.-Alois-KlingshirnRgbg.-07.09.2013-320-7-300x199.jpg 300w, http:\/\/www.denkfried.de\/wp\/wp-content\/uploads\/2011\/07\/Fort-de-Malmaison-2.W.K.-11841Aizy-Jouy-Str.-Alois-KlingshirnRgbg.-07.09.2013-320-7.jpg 720w\" sizes=\"auto, (max-width: 300px) 100vw, 300px\" \/><\/a> <a href=\"http:\/\/www.denkfried.de\/wp\/wp-content\/uploads\/2011\/07\/Fort-de-Malmaison-2.W.K.-11841Aizy-Jouy-Str.-Alois-KlingshirnRgbg.-07.09.2013-320-8.jpg\"><img loading=\"lazy\" decoding=\"async\" class=\"alignright size-medium wp-image-32607\" alt=\"Fort de Malmaison, 2.W.K. 11841,Aizy Jouy Str. Alois Klingshirn,Rgbg. 07.09.2013-320 (8)\" src=\"http:\/\/www.denkfried.de\/wp\/wp-content\/uploads\/2011\/07\/Fort-de-Malmaison-2.W.K.-11841Aizy-Jouy-Str.-Alois-KlingshirnRgbg.-07.09.2013-320-8-300x199.jpg\" width=\"300\" height=\"199\" srcset=\"http:\/\/www.denkfried.de\/wp\/wp-content\/uploads\/2011\/07\/Fort-de-Malmaison-2.W.K.-11841Aizy-Jouy-Str.-Alois-KlingshirnRgbg.-07.09.2013-320-8-300x199.jpg 300w, http:\/\/www.denkfried.de\/wp\/wp-content\/uploads\/2011\/07\/Fort-de-Malmaison-2.W.K.-11841Aizy-Jouy-Str.-Alois-KlingshirnRgbg.-07.09.2013-320-8.jpg 720w\" sizes=\"auto, (max-width: 300px) 100vw, 300px\" \/><\/a> <a href=\"http:\/\/www.denkfried.de\/wp\/wp-content\/uploads\/2011\/07\/Fort-de-Malmaison-2.W.K.-11841Aizy-Jouy-Str.-Alois-KlingshirnRgbg.-07.09.2013-320-11.jpg\"><img loading=\"lazy\" decoding=\"async\" class=\"alignright size-medium wp-image-32608\" alt=\"Fort de Malmaison, 2.W.K. 11841,Aizy Jouy Str. Alois Klingshirn,Rgbg. 07.09.2013-320 (11)\" src=\"http:\/\/www.denkfried.de\/wp\/wp-content\/uploads\/2011\/07\/Fort-de-Malmaison-2.W.K.-11841Aizy-Jouy-Str.-Alois-KlingshirnRgbg.-07.09.2013-320-11-199x300.jpg\" width=\"199\" height=\"300\" srcset=\"http:\/\/www.denkfried.de\/wp\/wp-content\/uploads\/2011\/07\/Fort-de-Malmaison-2.W.K.-11841Aizy-Jouy-Str.-Alois-KlingshirnRgbg.-07.09.2013-320-11-199x300.jpg 199w, http:\/\/www.denkfried.de\/wp\/wp-content\/uploads\/2011\/07\/Fort-de-Malmaison-2.W.K.-11841Aizy-Jouy-Str.-Alois-KlingshirnRgbg.-07.09.2013-320-11.jpg 478w\" sizes=\"auto, (max-width: 199px) 100vw, 199px\" \/><\/a> <a href=\"http:\/\/www.denkfried.de\/wp\/wp-content\/uploads\/2011\/07\/Fort-de-Malmaison-2.W.K.-11841Aizy-Jouy-Str.-Alois-KlingshirnRgbg.-07.09.2013-320-14.jpg\"><img loading=\"lazy\" decoding=\"async\" class=\"alignright size-medium wp-image-32609\" alt=\"Fort de Malmaison, 2.W.K. 11841,Aizy Jouy Str. Alois Klingshirn,Rgbg. 07.09.2013-320 (14)\" src=\"http:\/\/www.denkfried.de\/wp\/wp-content\/uploads\/2011\/07\/Fort-de-Malmaison-2.W.K.-11841Aizy-Jouy-Str.-Alois-KlingshirnRgbg.-07.09.2013-320-14-199x300.jpg\" width=\"199\" height=\"300\" srcset=\"http:\/\/www.denkfried.de\/wp\/wp-content\/uploads\/2011\/07\/Fort-de-Malmaison-2.W.K.-11841Aizy-Jouy-Str.-Alois-KlingshirnRgbg.-07.09.2013-320-14-199x300.jpg 199w, http:\/\/www.denkfried.de\/wp\/wp-content\/uploads\/2011\/07\/Fort-de-Malmaison-2.W.K.-11841Aizy-Jouy-Str.-Alois-KlingshirnRgbg.-07.09.2013-320-14.jpg 478w\" sizes=\"auto, (max-width: 199px) 100vw, 199px\" \/><\/a> <a href=\"http:\/\/www.denkfried.de\/wp\/wp-content\/uploads\/2011\/07\/Fort-de-Malmaison-2.W.K.-11841Aizy-Jouy-Str.-Alois-KlingshirnRgbg.-07.09.2013-320-2.jpg\"><img loading=\"lazy\" decoding=\"async\" class=\"alignright size-medium wp-image-32610\" alt=\"Fort de Malmaison, 2.W.K. 11841,Aizy Jouy Str. Alois Klingshirn,Rgbg. 07.09.2013-320 (2)\" src=\"http:\/\/www.denkfried.de\/wp\/wp-content\/uploads\/2011\/07\/Fort-de-Malmaison-2.W.K.-11841Aizy-Jouy-Str.-Alois-KlingshirnRgbg.-07.09.2013-320-2-199x300.jpg\" width=\"199\" height=\"300\" srcset=\"http:\/\/www.denkfried.de\/wp\/wp-content\/uploads\/2011\/07\/Fort-de-Malmaison-2.W.K.-11841Aizy-Jouy-Str.-Alois-KlingshirnRgbg.-07.09.2013-320-2-199x300.jpg 199w, http:\/\/www.denkfried.de\/wp\/wp-content\/uploads\/2011\/07\/Fort-de-Malmaison-2.W.K.-11841Aizy-Jouy-Str.-Alois-KlingshirnRgbg.-07.09.2013-320-2.jpg 478w\" sizes=\"auto, (max-width: 199px) 100vw, 199px\" \/><\/a> <a href=\"http:\/\/www.denkfried.de\/wp\/wp-content\/uploads\/2011\/07\/Fort-de-Malmaison-2.W.K.-11841Aizy-Jouy-Str.-Alois-KlingshirnRgbg.-07.09.2013-320-15.jpg\"><img loading=\"lazy\" decoding=\"async\" class=\"alignright size-medium wp-image-32611\" alt=\"Fort de Malmaison, 2.W.K. 11841,Aizy Jouy Str. Alois Klingshirn,Rgbg. 07.09.2013-320 (15)\" src=\"http:\/\/www.denkfried.de\/wp\/wp-content\/uploads\/2011\/07\/Fort-de-Malmaison-2.W.K.-11841Aizy-Jouy-Str.-Alois-KlingshirnRgbg.-07.09.2013-320-15-300x199.jpg\" width=\"300\" height=\"199\" srcset=\"http:\/\/www.denkfried.de\/wp\/wp-content\/uploads\/2011\/07\/Fort-de-Malmaison-2.W.K.-11841Aizy-Jouy-Str.-Alois-KlingshirnRgbg.-07.09.2013-320-15-300x199.jpg 300w, http:\/\/www.denkfried.de\/wp\/wp-content\/uploads\/2011\/07\/Fort-de-Malmaison-2.W.K.-11841Aizy-Jouy-Str.-Alois-KlingshirnRgbg.-07.09.2013-320-15.jpg 720w\" sizes=\"auto, (max-width: 300px) 100vw, 300px\" \/><\/a> <a href=\"http:\/\/www.denkfried.de\/wp\/wp-content\/uploads\/2011\/07\/Fort-de-Malmaison-2.W.K.-11841Aizy-Jouy-Str.-Alois-KlingshirnRgbg.-07.09.2013-320-18.jpg\"><img loading=\"lazy\" decoding=\"async\" class=\"alignright size-medium wp-image-32612\" alt=\"Fort de Malmaison, 2.W.K. 11841,Aizy Jouy Str. Alois Klingshirn,Rgbg. 07.09.2013-320 (18)\" src=\"http:\/\/www.denkfried.de\/wp\/wp-content\/uploads\/2011\/07\/Fort-de-Malmaison-2.W.K.-11841Aizy-Jouy-Str.-Alois-KlingshirnRgbg.-07.09.2013-320-18-300x199.jpg\" width=\"300\" height=\"199\" srcset=\"http:\/\/www.denkfried.de\/wp\/wp-content\/uploads\/2011\/07\/Fort-de-Malmaison-2.W.K.-11841Aizy-Jouy-Str.-Alois-KlingshirnRgbg.-07.09.2013-320-18-300x199.jpg 300w, http:\/\/www.denkfried.de\/wp\/wp-content\/uploads\/2011\/07\/Fort-de-Malmaison-2.W.K.-11841Aizy-Jouy-Str.-Alois-KlingshirnRgbg.-07.09.2013-320-18.jpg 720w\" sizes=\"auto, (max-width: 300px) 100vw, 300px\" \/><\/a> <a href=\"http:\/\/www.denkfried.de\/wp\/wp-content\/uploads\/2011\/07\/Fort-de-Malmaison-2.W.K.-11841Aizy-Jouy-Str.-Alois-KlingshirnRgbg.-07.09.2013-320-25.jpg\"><img loading=\"lazy\" decoding=\"async\" class=\"alignright size-medium wp-image-32613\" alt=\"Fort de Malmaison, 2.W.K. 11841,Aizy Jouy Str. Alois Klingshirn,Rgbg. 07.09.2013-320 (25)\" src=\"http:\/\/www.denkfried.de\/wp\/wp-content\/uploads\/2011\/07\/Fort-de-Malmaison-2.W.K.-11841Aizy-Jouy-Str.-Alois-KlingshirnRgbg.-07.09.2013-320-25-199x300.jpg\" width=\"199\" height=\"300\" srcset=\"http:\/\/www.denkfried.de\/wp\/wp-content\/uploads\/2011\/07\/Fort-de-Malmaison-2.W.K.-11841Aizy-Jouy-Str.-Alois-KlingshirnRgbg.-07.09.2013-320-25-199x300.jpg 199w, http:\/\/www.denkfried.de\/wp\/wp-content\/uploads\/2011\/07\/Fort-de-Malmaison-2.W.K.-11841Aizy-Jouy-Str.-Alois-KlingshirnRgbg.-07.09.2013-320-25.jpg 478w\" sizes=\"auto, (max-width: 199px) 100vw, 199px\" \/><\/a> <a href=\"http:\/\/www.denkfried.de\/wp\/wp-content\/uploads\/2011\/07\/Fort-de-Malmaison-2.W.K.-11841Aizy-Jouy-Str.-Alois-KlingshirnRgbg.-07.09.2013-320-26.jpg\"><img loading=\"lazy\" decoding=\"async\" class=\"alignright size-medium wp-image-32614\" alt=\"Fort de Malmaison, 2.W.K. 11841,Aizy Jouy Str. Alois Klingshirn,Rgbg. 07.09.2013-320 (26)\" src=\"http:\/\/www.denkfried.de\/wp\/wp-content\/uploads\/2011\/07\/Fort-de-Malmaison-2.W.K.-11841Aizy-Jouy-Str.-Alois-KlingshirnRgbg.-07.09.2013-320-26-300x199.jpg\" width=\"300\" height=\"199\" srcset=\"http:\/\/www.denkfried.de\/wp\/wp-content\/uploads\/2011\/07\/Fort-de-Malmaison-2.W.K.-11841Aizy-Jouy-Str.-Alois-KlingshirnRgbg.-07.09.2013-320-26-300x199.jpg 300w, http:\/\/www.denkfried.de\/wp\/wp-content\/uploads\/2011\/07\/Fort-de-Malmaison-2.W.K.-11841Aizy-Jouy-Str.-Alois-KlingshirnRgbg.-07.09.2013-320-26.jpg 720w\" sizes=\"auto, (max-width: 300px) 100vw, 300px\" \/><\/a> <a href=\"http:\/\/www.denkfried.de\/wp\/wp-content\/uploads\/2011\/07\/Fort-de-Malmaison-2.W.K.-11841Aizy-Jouy-Str.-Alois-KlingshirnRgbg.-07.09.2013-320-27.jpg\"><img loading=\"lazy\" decoding=\"async\" class=\"alignright size-medium wp-image-32615\" alt=\"Fort de Malmaison, 2.W.K. 11841,Aizy Jouy Str. Alois Klingshirn,Rgbg. 07.09.2013-320 (27)\" src=\"http:\/\/www.denkfried.de\/wp\/wp-content\/uploads\/2011\/07\/Fort-de-Malmaison-2.W.K.-11841Aizy-Jouy-Str.-Alois-KlingshirnRgbg.-07.09.2013-320-27-199x300.jpg\" width=\"199\" height=\"300\" srcset=\"http:\/\/www.denkfried.de\/wp\/wp-content\/uploads\/2011\/07\/Fort-de-Malmaison-2.W.K.-11841Aizy-Jouy-Str.-Alois-KlingshirnRgbg.-07.09.2013-320-27-199x300.jpg 199w, http:\/\/www.denkfried.de\/wp\/wp-content\/uploads\/2011\/07\/Fort-de-Malmaison-2.W.K.-11841Aizy-Jouy-Str.-Alois-KlingshirnRgbg.-07.09.2013-320-27.jpg 478w\" sizes=\"auto, (max-width: 199px) 100vw, 199px\" \/><\/a> <a href=\"http:\/\/www.denkfried.de\/wp\/wp-content\/uploads\/2011\/07\/Fort-de-Malmaison-2.W.K.-11841Aizy-Jouy-Str.-Alois-KlingshirnRgbg.-07.09.2013-320-30.jpg\"><img loading=\"lazy\" decoding=\"async\" class=\"alignright size-medium wp-image-32616\" alt=\"Fort de Malmaison, 2.W.K. 11841,Aizy Jouy Str. Alois Klingshirn,Rgbg. 07.09.2013-320 (30)\" src=\"http:\/\/www.denkfried.de\/wp\/wp-content\/uploads\/2011\/07\/Fort-de-Malmaison-2.W.K.-11841Aizy-Jouy-Str.-Alois-KlingshirnRgbg.-07.09.2013-320-30-300x199.jpg\" width=\"300\" height=\"199\" srcset=\"http:\/\/www.denkfried.de\/wp\/wp-content\/uploads\/2011\/07\/Fort-de-Malmaison-2.W.K.-11841Aizy-Jouy-Str.-Alois-KlingshirnRgbg.-07.09.2013-320-30-300x199.jpg 300w, http:\/\/www.denkfried.de\/wp\/wp-content\/uploads\/2011\/07\/Fort-de-Malmaison-2.W.K.-11841Aizy-Jouy-Str.-Alois-KlingshirnRgbg.-07.09.2013-320-30.jpg 720w\" sizes=\"auto, (max-width: 300px) 100vw, 300px\" \/><\/a><\/p>\n","protected":false},"excerpt":{"rendered":"<p>&nbsp; 02000 Chavignon &#8211; La Malmaison Kriegsgr\u00e4berst\u00e4tte Fort-de-Malmaison Diese Kriegsgr\u00e4berst\u00e4tte ist eine Erweiterung des Soldatenfriedhofes der 1941 von der deutschen Wehrmacht angelegt wurde. Aus 6 D\u00e9partements wurden 6.800 die in kleineren Grabanlagen bestattet waren, hierher umgebettet. Die Einweihung fand am &hellip; <a href=\"http:\/\/www.denkfried.de\/wp\/?page_id=10391\">Weiterlesen <span class=\"meta-nav\">&rarr;<\/span><\/a><\/p>\n","protected":false},"author":2,"featured_media":0,"parent":8209,"menu_order":0,"comment_status":"closed","ping_status":"open","template":"","meta":{"footnotes":""},"class_list":["post-10391","page","type-page","status-publish","hentry"],"_links":{"self":[{"href":"http:\/\/www.denkfried.de\/wp\/index.php?rest_route=\/wp\/v2\/pages\/10391","targetHints":{"allow":["GET"]}}],"collection":[{"href":"http:\/\/www.denkfried.de\/wp\/index.php?rest_route=\/wp\/v2\/pages"}],"about":[{"href":"http:\/\/www.denkfried.de\/wp\/index.php?rest_route=\/wp\/v2\/types\/page"}],"author":[{"embeddable":true,"href":"http:\/\/www.denkfried.de\/wp\/index.php?rest_route=\/wp\/v2\/users\/2"}],"replies":[{"embeddable":true,"href":"http:\/\/www.denkfried.de\/wp\/index.php?rest_route=%2Fwp%2Fv2%2Fcomments&post=10391"}],"version-history":[{"count":4,"href":"http:\/\/www.denkfried.de\/wp\/index.php?rest_route=\/wp\/v2\/pages\/10391\/revisions"}],"predecessor-version":[{"id":32617,"href":"http:\/\/www.denkfried.de\/wp\/index.php?rest_route=\/wp\/v2\/pages\/10391\/revisions\/32617"}],"up":[{"embeddable":true,"href":"http:\/\/www.denkfried.de\/wp\/index.php?rest_route=\/wp\/v2\/pages\/8209"}],"wp:attachment":[{"href":"http:\/\/www.denkfried.de\/wp\/index.php?rest_route=%2Fwp%2Fv2%2Fmedia&parent=10391"}],"curies":[{"name":"wp","href":"https:\/\/api.w.org\/{rel}","templated":true}]}}