{"id":10388,"date":"2011-07-24T15:26:37","date_gmt":"2011-07-24T13:26:37","guid":{"rendered":"http:\/\/www.denkfried.de\/wp\/?page_id=10388"},"modified":"2011-07-24T15:26:37","modified_gmt":"2011-07-24T13:26:37","slug":"bourdon","status":"publish","type":"page","link":"http:\/\/www.denkfried.de\/wp\/?page_id=10388","title":{"rendered":"Bourdon"},"content":{"rendered":"<p>&nbsp;<\/p>\n<p><span style=\"text-decoration: underline;\"><strong>80310 Bourdon<\/strong><\/span> , Rue du 8Mai<\/p>\n<p>&nbsp;<\/p>\n<p>Der deutsche Soldatenfriedhof Bourdon liegt s\u00fcdlich der Stra\u00dfe Amiens-Abbeville im Sommetal. Auf der S\u00fcdseite wird er von der Somme-Niederung begrenzt. In unmittelbarer N\u00e4he liegt das kleine D\u00f6rfchen Bourdon.<\/p>\n<p>Die Somme, ein wenig bekannter Flu\u00df in Nordfrankreich, ist w\u00e4hrend des Ersten Weltkrieges zu einem Begriff geworden. Das Sommetal war Brannpunkt heftiger K\u00e4mpfe.<\/p>\n<p>Auch w\u00e4hrend des Zweiten Weltkrieges kam es in diesem Gebiet von Mai 1940 an immer wieder zu heftigen K\u00e4mpfen.<\/p>\n<p>Im Rahmen des Kriegsgr\u00e4berabkommens wurde f\u00fcr alle in den D\u00e9partements Nord, Pas-de-Calais und Somme gefallenen Deutschen in Bourdon eine Kriegsgr\u00e4berst\u00e4tte geschaffen.<\/p>\n<p>Der Besucher betritt den Friedhof \u00fcber einen Vorhof, der auch den Parkplatz einschlie\u00dft. Im linken Seitenfl\u00fcgel des Eingangsgeb\u00e4udes befindet sich die Wohnung des deutschen Verwalters. Im rechten Seitenfl\u00fcgel befindet sich das B\u00fcro und der Besucherraum mit den Namensb\u00fcchern der hier bestatteten Toten.<\/p>\n<p>Der Weg zu den Gr\u00e4bern f\u00fchrt durch die beiden mit Kupfer beschlagenen Seitent\u00fcren der Halle. Rings um die Halle sind acht Gemeinschaftsgr\u00e4ber angeordnet. Die \u00fcbrigen Gemeinschaftsgr\u00e4ber liegen hinter der Ehrenhalle. Steinplatten tragen die Namen der bekannten Toten.<\/p>\n<p>Am 16.September 1967 wurde die Kriegsgr\u00e4berst\u00e4tte eingeweiht und es ruhen hier 22.213 Gefallene des Zweiten Weltkrieges.<\/p>\n<p>&nbsp;<\/p>\n","protected":false},"excerpt":{"rendered":"<p>&nbsp; 80310 Bourdon , Rue du 8Mai &nbsp; Der deutsche Soldatenfriedhof Bourdon liegt s\u00fcdlich der Stra\u00dfe Amiens-Abbeville im Sommetal. Auf der S\u00fcdseite wird er von der Somme-Niederung begrenzt. In unmittelbarer N\u00e4he liegt das kleine D\u00f6rfchen Bourdon. Die Somme, ein wenig &hellip; <a href=\"http:\/\/www.denkfried.de\/wp\/?page_id=10388\">Weiterlesen <span class=\"meta-nav\">&rarr;<\/span><\/a><\/p>\n","protected":false},"author":2,"featured_media":0,"parent":8285,"menu_order":0,"comment_status":"closed","ping_status":"open","template":"","meta":{"footnotes":""},"class_list":["post-10388","page","type-page","status-publish","hentry"],"_links":{"self":[{"href":"http:\/\/www.denkfried.de\/wp\/index.php?rest_route=\/wp\/v2\/pages\/10388","targetHints":{"allow":["GET"]}}],"collection":[{"href":"http:\/\/www.denkfried.de\/wp\/index.php?rest_route=\/wp\/v2\/pages"}],"about":[{"href":"http:\/\/www.denkfried.de\/wp\/index.php?rest_route=\/wp\/v2\/types\/page"}],"author":[{"embeddable":true,"href":"http:\/\/www.denkfried.de\/wp\/index.php?rest_route=\/wp\/v2\/users\/2"}],"replies":[{"embeddable":true,"href":"http:\/\/www.denkfried.de\/wp\/index.php?rest_route=%2Fwp%2Fv2%2Fcomments&post=10388"}],"version-history":[{"count":2,"href":"http:\/\/www.denkfried.de\/wp\/index.php?rest_route=\/wp\/v2\/pages\/10388\/revisions"}],"predecessor-version":[{"id":10390,"href":"http:\/\/www.denkfried.de\/wp\/index.php?rest_route=\/wp\/v2\/pages\/10388\/revisions\/10390"}],"up":[{"embeddable":true,"href":"http:\/\/www.denkfried.de\/wp\/index.php?rest_route=\/wp\/v2\/pages\/8285"}],"wp:attachment":[{"href":"http:\/\/www.denkfried.de\/wp\/index.php?rest_route=%2Fwp%2Fv2%2Fmedia&parent=10388"}],"curies":[{"name":"wp","href":"https:\/\/api.w.org\/{rel}","templated":true}]}}