{"id":10360,"date":"2011-07-23T14:36:21","date_gmt":"2011-07-23T12:36:21","guid":{"rendered":"http:\/\/www.denkfried.de\/wp\/?page_id=10360"},"modified":"2011-07-23T14:36:21","modified_gmt":"2011-07-23T12:36:21","slug":"neetzow-kagenow","status":"publish","type":"page","link":"http:\/\/www.denkfried.de\/wp\/?page_id=10360","title":{"rendered":"Neetzow-Kagenow"},"content":{"rendered":"<p>&nbsp;<\/p>\n<p><span style=\"text-decoration: underline;\"><strong>17391 Neetzow-<span style=\"color: #ff0000; text-decoration: underline;\">Kagenow<\/span><\/strong><\/span><\/p>\n<p>Bericht und Fotos von Werner A. (adrian)<\/p>\n<p>Auf dem kleinen Friedhof des Ortes Kagenow neben der mittelalterlichen Kirche<br \/>\nbefindet sich ein kleines Ehrenmal, welches nicht vergessen ist, obwohl der Ort<br \/>\nabseits der Hauptstra\u00dfe liegt.<\/p>\n<p><strong>Kriegsgr\u00e4berst\u00e4tte<\/strong><\/p>\n<div id='gallery-1' class='gallery galleryid-10360 gallery-columns-4 gallery-size-thumbnail'><dl class='gallery-item'>\n\t\t\t<dt class='gallery-icon portrait'>\n\t\t\t\t<a href='http:\/\/www.denkfried.de\/wp\/?attachment_id=10361'><img loading=\"lazy\" decoding=\"async\" width=\"150\" height=\"150\" src=\"http:\/\/www.denkfried.de\/wp\/wp-content\/uploads\/2011\/07\/IMG-172.1-083-150x150.jpg\" class=\"attachment-thumbnail size-thumbnail\" alt=\"\" \/><\/a>\n\t\t\t<\/dt><\/dl><dl class='gallery-item'>\n\t\t\t<dt class='gallery-icon landscape'>\n\t\t\t\t<a href='http:\/\/www.denkfried.de\/wp\/?attachment_id=10362'><img loading=\"lazy\" decoding=\"async\" width=\"150\" height=\"150\" src=\"http:\/\/www.denkfried.de\/wp\/wp-content\/uploads\/2011\/07\/IMG-172.1-082_bearbeitet-1-150x150.jpg\" class=\"attachment-thumbnail size-thumbnail\" alt=\"\" \/><\/a>\n\t\t\t<\/dt><\/dl>\n\t\t\t<br style='clear: both' \/>\n\t\t<\/div>\n\n","protected":false},"excerpt":{"rendered":"<p>&nbsp; 17391 Neetzow-Kagenow Bericht und Fotos von Werner A. (adrian) Auf dem kleinen Friedhof des Ortes Kagenow neben der mittelalterlichen Kirche befindet sich ein kleines Ehrenmal, welches nicht vergessen ist, obwohl der Ort abseits der Hauptstra\u00dfe liegt. Kriegsgr\u00e4berst\u00e4tte<\/p>\n","protected":false},"author":2,"featured_media":0,"parent":5855,"menu_order":0,"comment_status":"closed","ping_status":"open","template":"","meta":{"footnotes":""},"class_list":["post-10360","page","type-page","status-publish","hentry"],"_links":{"self":[{"href":"http:\/\/www.denkfried.de\/wp\/index.php?rest_route=\/wp\/v2\/pages\/10360","targetHints":{"allow":["GET"]}}],"collection":[{"href":"http:\/\/www.denkfried.de\/wp\/index.php?rest_route=\/wp\/v2\/pages"}],"about":[{"href":"http:\/\/www.denkfried.de\/wp\/index.php?rest_route=\/wp\/v2\/types\/page"}],"author":[{"embeddable":true,"href":"http:\/\/www.denkfried.de\/wp\/index.php?rest_route=\/wp\/v2\/users\/2"}],"replies":[{"embeddable":true,"href":"http:\/\/www.denkfried.de\/wp\/index.php?rest_route=%2Fwp%2Fv2%2Fcomments&post=10360"}],"version-history":[{"count":2,"href":"http:\/\/www.denkfried.de\/wp\/index.php?rest_route=\/wp\/v2\/pages\/10360\/revisions"}],"predecessor-version":[{"id":10364,"href":"http:\/\/www.denkfried.de\/wp\/index.php?rest_route=\/wp\/v2\/pages\/10360\/revisions\/10364"}],"up":[{"embeddable":true,"href":"http:\/\/www.denkfried.de\/wp\/index.php?rest_route=\/wp\/v2\/pages\/5855"}],"wp:attachment":[{"href":"http:\/\/www.denkfried.de\/wp\/index.php?rest_route=%2Fwp%2Fv2%2Fmedia&parent=10360"}],"curies":[{"name":"wp","href":"https:\/\/api.w.org\/{rel}","templated":true}]}}