{"id":10223,"date":"2011-07-20T22:27:22","date_gmt":"2011-07-20T20:27:22","guid":{"rendered":"http:\/\/www.denkfried.de\/wp\/?page_id=10223"},"modified":"2015-12-29T20:44:06","modified_gmt":"2015-12-29T19:44:06","slug":"nuthetal-bergholz-rehbrucke","status":"publish","type":"page","link":"http:\/\/www.denkfried.de\/wp\/?page_id=10223","title":{"rendered":"Bergholz-Rehbr\u00fccke"},"content":{"rendered":"<p>&nbsp;<\/p>\n<p><span style=\"text-decoration: underline;\">Nuthetal &#8211;<strong> OT Bergholz-Rehbr\u00fccke<\/strong><\/span><\/p>\n<p>Bericht und Bilder von Thomas\u00a0 <a href=\"http:\/\/g-bb.jimdo.com\/\">Gefallenendenkm\u00e4ler Berlin\/Brandenburg<\/a><\/p>\n<div id='gallery-1' class='gallery galleryid-10223 gallery-columns-3 gallery-size-thumbnail'><dl class='gallery-item'>\n\t\t\t<dt class='gallery-icon landscape'>\n\t\t\t\t<a href='http:\/\/www.denkfried.de\/wp\/?attachment_id=10235'><img loading=\"lazy\" decoding=\"async\" width=\"150\" height=\"150\" src=\"http:\/\/www.denkfried.de\/wp\/wp-content\/uploads\/2011\/07\/12-150x150.jpg\" class=\"attachment-thumbnail size-thumbnail\" alt=\"\" \/><\/a>\n\t\t\t<\/dt><\/dl><dl class='gallery-item'>\n\t\t\t<dt class='gallery-icon landscape'>\n\t\t\t\t<a href='http:\/\/www.denkfried.de\/wp\/?attachment_id=10237'><img loading=\"lazy\" decoding=\"async\" width=\"150\" height=\"150\" src=\"http:\/\/www.denkfried.de\/wp\/wp-content\/uploads\/2011\/07\/32-150x150.jpg\" class=\"attachment-thumbnail size-thumbnail\" alt=\"\" \/><\/a>\n\t\t\t<\/dt><\/dl><dl class='gallery-item'>\n\t\t\t<dt class='gallery-icon landscape'>\n\t\t\t\t<a href='http:\/\/www.denkfried.de\/wp\/?attachment_id=10238'><img loading=\"lazy\" decoding=\"async\" width=\"150\" height=\"150\" src=\"http:\/\/www.denkfried.de\/wp\/wp-content\/uploads\/2011\/07\/42-150x150.jpg\" class=\"attachment-thumbnail size-thumbnail\" alt=\"\" \/><\/a>\n\t\t\t<\/dt><\/dl><br style=\"clear: both\" \/><dl class='gallery-item'>\n\t\t\t<dt class='gallery-icon landscape'>\n\t\t\t\t<a href='http:\/\/www.denkfried.de\/wp\/?attachment_id=10239'><img loading=\"lazy\" decoding=\"async\" width=\"150\" height=\"150\" src=\"http:\/\/www.denkfried.de\/wp\/wp-content\/uploads\/2011\/07\/51-150x150.jpg\" class=\"attachment-thumbnail size-thumbnail\" alt=\"\" \/><\/a>\n\t\t\t<\/dt><\/dl><dl class='gallery-item'>\n\t\t\t<dt class='gallery-icon landscape'>\n\t\t\t\t<a href='http:\/\/www.denkfried.de\/wp\/?attachment_id=10240'><img loading=\"lazy\" decoding=\"async\" width=\"150\" height=\"150\" src=\"http:\/\/www.denkfried.de\/wp\/wp-content\/uploads\/2011\/07\/81-150x150.jpg\" class=\"attachment-thumbnail size-thumbnail\" alt=\"\" \/><\/a>\n\t\t\t<\/dt><\/dl><dl class='gallery-item'>\n\t\t\t<dt class='gallery-icon landscape'>\n\t\t\t\t<a href='http:\/\/www.denkfried.de\/wp\/?attachment_id=10241'><img loading=\"lazy\" decoding=\"async\" width=\"150\" height=\"150\" src=\"http:\/\/www.denkfried.de\/wp\/wp-content\/uploads\/2011\/07\/92-150x150.jpg\" class=\"attachment-thumbnail size-thumbnail\" alt=\"\" \/><\/a>\n\t\t\t<\/dt><\/dl><br style=\"clear: both\" \/>\n\t\t<\/div>\n\n<p>An der Wilhelm Busch Stra\u00dfe steht ein Denkmal, f\u00fcr die Gefallenen des Ersten Weltkrieges. Ein steinernder Helm befindet sich auf dem Denkmal. Am Denkmal ist folgende Inschrift:<\/p>\n<p style=\"text-align: center;\"><strong><em>Zum Ehrenden Ged\u00e4chtnis der im Weltkriege 1914 -1918<\/em><\/strong><br \/>\n<strong> <em>Gefallenen S\u00f6hne der Gemeinde Bergholz-Rehbr\u00fccke<\/em><\/strong><\/p>\n<p>Am Denkmal sind die Namen von 34 Gefallenen verzeichnet.<\/p>\n<p><span style=\"text-decoration: underline;\"><strong>Friedhof<\/strong><\/span><\/p>\n<p>Auf dem Friedhof am\u00a0Andersenweg 1, befinden sich noch zwei Soldatengr\u00e4ber. Es konnten auch noch 3 private Gedenken dokumentiert werden.<\/p>\n<p>Aus der\u00a0Chronik von Bergholz-Rehbr\u00fccke von\u00a0Detlev Lexow: Vom Bauerndorf zur Landhauskolonie, konnte noch einige Informationen gesammelt werden.<\/p>\n<p>Durch den Luftkrieg sind im Laufe der Jahre eine Reihe von H\u00e4usern\u00a0zerst\u00f6rt bzw. besch\u00e4digt worden. Die Bombenabw\u00fcrfe waren aber\u00a0\u00fcberwiegend Randerscheinungen der oben genannten Hauptangriffsziele.\u00a0Eine Ausnahme d\u00fcrfte ein Angriff auf den Verladebahnhof Rehbr\u00fccke am\u00a017. Dezember 1943 gewesen sein. 1944 erlebten die ARADO-Werke in\u00a0Ludwigsfelde gleich drei schwere Angriffe (6.3., 21.6., 6.8.44). Noch am\u00a014. April 1945, als eine Luftangriff die gesamte Potsdamer Innenstadt\u00a0zerst\u00f6rte, wurde auch der Ortskern von Rehbr\u00fccke in Mitleidenschaft\u00a0gezogen. Nicht unmittelbar betroffen aber in Potsdam-Rehbr\u00fccke doch\u00a0deutlich vernehmbar d\u00fcrfte am 20. April 1945 ein Luftangriff auf den\u00a0Verschiebebahnhof Seddin gewesen sein, wobei ein Munitionszug in die\u00a0Luft flog. Auch Flakgranaten mit Fehlz\u00fcndungen haben Sch\u00e4den<br \/>\nangerichtet.\u00a0Ein Jagdflugzeug soll vor Drewitz abgest\u00fcrzt sein. W\u00e4hrend eines\u00a0Nachtangriffs verfolgten die Scheinwerfer einen Fallschirmabsprung an der\u00a0Eosanderstra\u00dfe. Der Flieger wurde vom Ortsgendarmen festgenommen,\u00a0nachdem er von Anliegern attackiert worden war.<\/p>\n<p>Nach dem Kriege ist es leider vers\u00e4umt worden, eine genaue<br \/>\nZusammenstellung der Kriegsopfer zu machen. Von offizieller Seite war\u00a0eine W\u00fcrdigung unerw\u00fcnscht. Inoffiziell sind offenbar keine\u00a0diesbez\u00fcglichen Aktivit\u00e4ten unternommen worden. Eine genaue Recherche\u00a0wurde auch dadurch erschwert, da\u00df nach dem Kriege viele Rehbr\u00fccker\u00a0Hausbesitzer wegen der Absperrung Westberlins den Ort verlassen haben.\u00a0Die Zahl der Kriegsopfer ist nat\u00fcrlich wesentlich h\u00f6her als im Ersten\u00a0Weltkrieg.\u00a0Erfreulicherweise liegt von frau Keller aus Bergholz eine Liste von 41\u00a0Gefallenen ihres Bekanntenkreises vor, der sich \u00fcberwiegend auf den\u00a0Ortsteil Bergholz beschr\u00e4nkt.\u00a0Neben den Kriegsgefallenen waren auch Tote und Verletzte durch die\u00a0Bombenabw\u00fcrfe im Ort zu beklagen.<\/p>\n<p><strong>Die Namen wurden in die Datenbanken eingepflegt.<\/strong><\/p>\n<p>&nbsp;<\/p>\n","protected":false},"excerpt":{"rendered":"<p>&nbsp; Nuthetal &#8211; OT Bergholz-Rehbr\u00fccke Bericht und Bilder von Thomas\u00a0 Gefallenendenkm\u00e4ler Berlin\/Brandenburg An der Wilhelm Busch Stra\u00dfe steht ein Denkmal, f\u00fcr die Gefallenen des Ersten Weltkrieges. Ein steinernder Helm befindet sich auf dem Denkmal. Am Denkmal ist folgende Inschrift: Zum &hellip; <a href=\"http:\/\/www.denkfried.de\/wp\/?page_id=10223\">Weiterlesen <span class=\"meta-nav\">&rarr;<\/span><\/a><\/p>\n","protected":false},"author":2,"featured_media":0,"parent":19313,"menu_order":0,"comment_status":"closed","ping_status":"open","template":"","meta":{"footnotes":""},"class_list":["post-10223","page","type-page","status-publish","hentry"],"_links":{"self":[{"href":"http:\/\/www.denkfried.de\/wp\/index.php?rest_route=\/wp\/v2\/pages\/10223","targetHints":{"allow":["GET"]}}],"collection":[{"href":"http:\/\/www.denkfried.de\/wp\/index.php?rest_route=\/wp\/v2\/pages"}],"about":[{"href":"http:\/\/www.denkfried.de\/wp\/index.php?rest_route=\/wp\/v2\/types\/page"}],"author":[{"embeddable":true,"href":"http:\/\/www.denkfried.de\/wp\/index.php?rest_route=\/wp\/v2\/users\/2"}],"replies":[{"embeddable":true,"href":"http:\/\/www.denkfried.de\/wp\/index.php?rest_route=%2Fwp%2Fv2%2Fcomments&post=10223"}],"version-history":[{"count":26,"href":"http:\/\/www.denkfried.de\/wp\/index.php?rest_route=\/wp\/v2\/pages\/10223\/revisions"}],"predecessor-version":[{"id":40218,"href":"http:\/\/www.denkfried.de\/wp\/index.php?rest_route=\/wp\/v2\/pages\/10223\/revisions\/40218"}],"up":[{"embeddable":true,"href":"http:\/\/www.denkfried.de\/wp\/index.php?rest_route=\/wp\/v2\/pages\/19313"}],"wp:attachment":[{"href":"http:\/\/www.denkfried.de\/wp\/index.php?rest_route=%2Fwp%2Fv2%2Fmedia&parent=10223"}],"curies":[{"name":"wp","href":"https:\/\/api.w.org\/{rel}","templated":true}]}}