{"id":10128,"date":"2011-07-19T15:15:44","date_gmt":"2011-07-19T13:15:44","guid":{"rendered":"http:\/\/www.denkfried.de\/wp\/?page_id=10128"},"modified":"2011-07-19T15:15:44","modified_gmt":"2011-07-19T13:15:44","slug":"orfeuil-108","status":"publish","type":"page","link":"http:\/\/www.denkfried.de\/wp\/?page_id=10128","title":{"rendered":"Orfeuil  (108)"},"content":{"rendered":"<p>&nbsp;<\/p>\n<p><span style=\"text-decoration: underline;\"><strong>08400 Semide-Orfeuil<\/strong><\/span><\/p>\n<p>&nbsp;<\/p>\n<p><em>Aus dem Reisebericht von Hubert M. :<\/em><\/p>\n<p><em>&#8222;Hier nun meine Bilder zum deutschen Soldatenfriedhof des Ersten Weltkriegs Orfeuil Nr .108. Der Soldatenfriedhof liegt s\u00fcdlich der Ortsmitte, der Zugang ist \u00fcber den franz\u00f6sischen Soldatenfriedhof der nur durch eine kleine Hecke vom deutschen Gr\u00e4berfeld getrennt wurde. Auf dem deutschen Gr\u00e4berfeld ruhen 1.953 gefallene Soldaten in Einzelgr\u00e4ber, 1.135 Gefallene ruhen in einem gemeinsamen Grabe, 995 von ihnen blieben ohne Namen. 1918 von den franz\u00f6sischen Milit\u00e4rbeh\u00f6rden als Sammelfriedhof f\u00fcr die Gefallenen beider Seiten angelegt. 1972 bis 1973 fasste der Volksbund das Gemeinschaftsgrab mit einer Mauer aus Bruchsteinen ein und wechselte die Holzkreuze gegen Steinkreuze aus. Beim Besuch am 13.08.2006 bl\u00fchte der Lavendel auf dem Kameradengrab und ein angenehmer Duft wehte \u00fcber das Gr\u00e4berfeld.&#8220;<\/em><\/p>\n<div id='gallery-1' class='gallery galleryid-10128 gallery-columns-3 gallery-size-thumbnail'><dl class='gallery-item'>\n\t\t\t<dt class='gallery-icon landscape'>\n\t\t\t\t<a href='http:\/\/www.denkfried.de\/wp\/?attachment_id=10134'><img loading=\"lazy\" decoding=\"async\" width=\"150\" height=\"150\" src=\"http:\/\/www.denkfried.de\/wp\/wp-content\/uploads\/2011\/07\/Orfeuil-Hinweissteins\u00e4ule-001-150x150.jpg\" class=\"attachment-thumbnail size-thumbnail\" alt=\"\" \/><\/a>\n\t\t\t<\/dt><\/dl><dl class='gallery-item'>\n\t\t\t<dt class='gallery-icon landscape'>\n\t\t\t\t<a href='http:\/\/www.denkfried.de\/wp\/?attachment_id=10131'><img loading=\"lazy\" decoding=\"async\" width=\"150\" height=\"150\" src=\"http:\/\/www.denkfried.de\/wp\/wp-content\/uploads\/2011\/07\/Orfeuil-Ansicht-Gr\u00e4berfeld-002-150x150.jpg\" class=\"attachment-thumbnail size-thumbnail\" alt=\"\" \/><\/a>\n\t\t\t<\/dt><\/dl><dl class='gallery-item'>\n\t\t\t<dt class='gallery-icon landscape'>\n\t\t\t\t<a href='http:\/\/www.denkfried.de\/wp\/?attachment_id=10129'><img loading=\"lazy\" decoding=\"async\" width=\"150\" height=\"150\" src=\"http:\/\/www.denkfried.de\/wp\/wp-content\/uploads\/2011\/07\/Orfeuil-Hinweistafel-Kameradengrab-003-150x150.jpg\" class=\"attachment-thumbnail size-thumbnail\" alt=\"\" \/><\/a>\n\t\t\t<\/dt><\/dl><br style=\"clear: both\" \/><dl class='gallery-item'>\n\t\t\t<dt class='gallery-icon landscape'>\n\t\t\t\t<a href='http:\/\/www.denkfried.de\/wp\/?attachment_id=10133'><img loading=\"lazy\" decoding=\"async\" width=\"150\" height=\"150\" src=\"http:\/\/www.denkfried.de\/wp\/wp-content\/uploads\/2011\/07\/Orfeuil-Blick-\u00fcber-Kameradengrab-004-150x150.jpg\" class=\"attachment-thumbnail size-thumbnail\" alt=\"\" \/><\/a>\n\t\t\t<\/dt><\/dl><dl class='gallery-item'>\n\t\t\t<dt class='gallery-icon landscape'>\n\t\t\t\t<a href='http:\/\/www.denkfried.de\/wp\/?attachment_id=10130'><img loading=\"lazy\" decoding=\"async\" width=\"150\" height=\"150\" src=\"http:\/\/www.denkfried.de\/wp\/wp-content\/uploads\/2011\/07\/Orfeuil-Gr\u00e4berfeld-005-150x150.jpg\" class=\"attachment-thumbnail size-thumbnail\" alt=\"\" \/><\/a>\n\t\t\t<\/dt><\/dl><dl class='gallery-item'>\n\t\t\t<dt class='gallery-icon landscape'>\n\t\t\t\t<a href='http:\/\/www.denkfried.de\/wp\/?attachment_id=10132'><img loading=\"lazy\" decoding=\"async\" width=\"150\" height=\"150\" src=\"http:\/\/www.denkfried.de\/wp\/wp-content\/uploads\/2011\/07\/Orfeuil-Blick-franz.Gr\u00e4berfeld-006-150x150.jpg\" class=\"attachment-thumbnail size-thumbnail\" alt=\"\" \/><\/a>\n\t\t\t<\/dt><\/dl><br style=\"clear: both\" \/>\n\t\t<\/div>\n\n","protected":false},"excerpt":{"rendered":"<p>&nbsp; 08400 Semide-Orfeuil &nbsp; Aus dem Reisebericht von Hubert M. : &#8222;Hier nun meine Bilder zum deutschen Soldatenfriedhof des Ersten Weltkriegs Orfeuil Nr .108. Der Soldatenfriedhof liegt s\u00fcdlich der Ortsmitte, der Zugang ist \u00fcber den franz\u00f6sischen Soldatenfriedhof der nur durch &hellip; <a href=\"http:\/\/www.denkfried.de\/wp\/?page_id=10128\">Weiterlesen <span class=\"meta-nav\">&rarr;<\/span><\/a><\/p>\n","protected":false},"author":2,"featured_media":0,"parent":8212,"menu_order":0,"comment_status":"closed","ping_status":"open","template":"","meta":{"footnotes":""},"class_list":["post-10128","page","type-page","status-publish","hentry"],"_links":{"self":[{"href":"http:\/\/www.denkfried.de\/wp\/index.php?rest_route=\/wp\/v2\/pages\/10128","targetHints":{"allow":["GET"]}}],"collection":[{"href":"http:\/\/www.denkfried.de\/wp\/index.php?rest_route=\/wp\/v2\/pages"}],"about":[{"href":"http:\/\/www.denkfried.de\/wp\/index.php?rest_route=\/wp\/v2\/types\/page"}],"author":[{"embeddable":true,"href":"http:\/\/www.denkfried.de\/wp\/index.php?rest_route=\/wp\/v2\/users\/2"}],"replies":[{"embeddable":true,"href":"http:\/\/www.denkfried.de\/wp\/index.php?rest_route=%2Fwp%2Fv2%2Fcomments&post=10128"}],"version-history":[{"count":2,"href":"http:\/\/www.denkfried.de\/wp\/index.php?rest_route=\/wp\/v2\/pages\/10128\/revisions"}],"predecessor-version":[{"id":10136,"href":"http:\/\/www.denkfried.de\/wp\/index.php?rest_route=\/wp\/v2\/pages\/10128\/revisions\/10136"}],"up":[{"embeddable":true,"href":"http:\/\/www.denkfried.de\/wp\/index.php?rest_route=\/wp\/v2\/pages\/8212"}],"wp:attachment":[{"href":"http:\/\/www.denkfried.de\/wp\/index.php?rest_route=%2Fwp%2Fv2%2Fmedia&parent=10128"}],"curies":[{"name":"wp","href":"https:\/\/api.w.org\/{rel}","templated":true}]}}