{"id":10083,"date":"2011-07-17T23:17:09","date_gmt":"2011-07-17T21:17:09","guid":{"rendered":"http:\/\/www.denkfried.de\/wp\/?page_id=10083"},"modified":"2012-12-07T22:36:32","modified_gmt":"2012-12-07T21:36:32","slug":"monthois-106","status":"publish","type":"page","link":"http:\/\/www.denkfried.de\/wp\/?page_id=10083","title":{"rendered":"Monthois  (106)"},"content":{"rendered":"<p>&nbsp;<\/p>\n<p><span style=\"text-decoration: underline;\"><strong>08400 Monthois<\/strong><\/span><\/p>\n<p>Archivbild von Thomas <a href=\"http:\/\/potsdamer-ehrenmale.de.tl\/Hauptseite.htm\">Potsdamer-Ehrenmale.de<\/a><br \/>\n<em>Reisebericht von Hubert M. &#8211; 2009<br \/>\n<\/em><\/p>\n<div id='gallery-1' class='gallery galleryid-10083 gallery-columns-3 gallery-size-thumbnail'><dl class='gallery-item'>\n\t\t\t<dt class='gallery-icon landscape'>\n\t\t\t\t<a href='http:\/\/www.denkfried.de\/wp\/?attachment_id=27727'><img loading=\"lazy\" decoding=\"async\" width=\"150\" height=\"150\" src=\"http:\/\/www.denkfried.de\/wp\/wp-content\/uploads\/2011\/07\/Kriegsgr\u00e4berst\u00e4tte-Monthois-150x150.jpg\" class=\"attachment-thumbnail size-thumbnail\" alt=\"\" aria-describedby=\"gallery-1-27727\" \/><\/a>\n\t\t\t<\/dt>\n\t\t\t\t<dd class='wp-caption-text gallery-caption' id='gallery-1-27727'>\n\t\t\t\tAufnahme 1927\n\t\t\t\t<\/dd><\/dl><dl class='gallery-item'>\n\t\t\t<dt class='gallery-icon landscape'>\n\t\t\t\t<a href='http:\/\/www.denkfried.de\/wp\/?attachment_id=10089'><img loading=\"lazy\" decoding=\"async\" width=\"150\" height=\"150\" src=\"http:\/\/www.denkfried.de\/wp\/wp-content\/uploads\/2011\/07\/Monthois-Eingang-001-150x150.jpg\" class=\"attachment-thumbnail size-thumbnail\" alt=\"\" \/><\/a>\n\t\t\t<\/dt><\/dl><dl class='gallery-item'>\n\t\t\t<dt class='gallery-icon landscape'>\n\t\t\t\t<a href='http:\/\/www.denkfried.de\/wp\/?attachment_id=10090'><img loading=\"lazy\" decoding=\"async\" width=\"150\" height=\"150\" src=\"http:\/\/www.denkfried.de\/wp\/wp-content\/uploads\/2011\/07\/Monthois-Hinweisplatte-002-150x150.jpg\" class=\"attachment-thumbnail size-thumbnail\" alt=\"\" \/><\/a>\n\t\t\t<\/dt><\/dl><br style=\"clear: both\" \/><dl class='gallery-item'>\n\t\t\t<dt class='gallery-icon landscape'>\n\t\t\t\t<a href='http:\/\/www.denkfried.de\/wp\/?attachment_id=10085'><img loading=\"lazy\" decoding=\"async\" width=\"150\" height=\"150\" src=\"http:\/\/www.denkfried.de\/wp\/wp-content\/uploads\/2011\/07\/Monthois-26.Res-Korps-005-150x150.jpg\" class=\"attachment-thumbnail size-thumbnail\" alt=\"\" \/><\/a>\n\t\t\t<\/dt><\/dl><dl class='gallery-item'>\n\t\t\t<dt class='gallery-icon landscape'>\n\t\t\t\t<a href='http:\/\/www.denkfried.de\/wp\/?attachment_id=10084'><img loading=\"lazy\" decoding=\"async\" width=\"150\" height=\"150\" src=\"http:\/\/www.denkfried.de\/wp\/wp-content\/uploads\/2011\/07\/Monthois-Panorama-006-150x150.jpg\" class=\"attachment-thumbnail size-thumbnail\" alt=\"\" \/><\/a>\n\t\t\t<\/dt><\/dl><dl class='gallery-item'>\n\t\t\t<dt class='gallery-icon landscape'>\n\t\t\t\t<a href='http:\/\/www.denkfried.de\/wp\/?attachment_id=10091'><img loading=\"lazy\" decoding=\"async\" width=\"150\" height=\"150\" src=\"http:\/\/www.denkfried.de\/wp\/wp-content\/uploads\/2011\/07\/Monthois-Namenplatte-Kameradengrab-007-150x150.jpg\" class=\"attachment-thumbnail size-thumbnail\" alt=\"\" \/><\/a>\n\t\t\t<\/dt><\/dl><br style=\"clear: both\" \/><dl class='gallery-item'>\n\t\t\t<dt class='gallery-icon landscape'>\n\t\t\t\t<a href='http:\/\/www.denkfried.de\/wp\/?attachment_id=10088'><img loading=\"lazy\" decoding=\"async\" width=\"150\" height=\"150\" src=\"http:\/\/www.denkfried.de\/wp\/wp-content\/uploads\/2011\/07\/Monthois-Blick-zum-Denkmal-008-150x150.jpg\" class=\"attachment-thumbnail size-thumbnail\" alt=\"\" \/><\/a>\n\t\t\t<\/dt><\/dl><dl class='gallery-item'>\n\t\t\t<dt class='gallery-icon portrait'>\n\t\t\t\t<a href='http:\/\/www.denkfried.de\/wp\/?attachment_id=10086'><img loading=\"lazy\" decoding=\"async\" width=\"150\" height=\"150\" src=\"http:\/\/www.denkfried.de\/wp\/wp-content\/uploads\/2011\/07\/Monthois-alter-Reg.Stein-010-150x150.jpg\" class=\"attachment-thumbnail size-thumbnail\" alt=\"\" \/><\/a>\n\t\t\t<\/dt><\/dl><dl class='gallery-item'>\n\t\t\t<dt class='gallery-icon portrait'>\n\t\t\t\t<a href='http:\/\/www.denkfried.de\/wp\/?attachment_id=10087'><img loading=\"lazy\" decoding=\"async\" width=\"150\" height=\"150\" src=\"http:\/\/www.denkfried.de\/wp\/wp-content\/uploads\/2011\/07\/Monthois-alter-Reg.Stein-011-150x150.jpg\" class=\"attachment-thumbnail size-thumbnail\" alt=\"\" \/><\/a>\n\t\t\t<\/dt><\/dl><br style=\"clear: both\" \/>\n\t\t<\/div>\n\n<p>Der Friedhof in Monthois befindet sich 9 km s\u00fcdl. von Vouziers, hier ruhen viele Angeh\u00f6riger der 28. aktiven und Reserve-Infanterie-Division bestattet. Es sind die Toten aus 11 Friedh\u00f6fen hierher zusammengetragen. Das Archivbild ist von 1927.<\/p>\n<p><strong><em>Aus dem Reisebericht von Hubert M. :<\/em><\/strong><\/p>\n<p><em>&#8222;Sind am deutschen Soldatenfriedhof Monthois des Ersten Weltkriegs Nr.106 angekommen. Der Friedhof liegt an der D 982 und der D 15 am n\u00f6rdlichen Ausgang in Richtung Vouziers neben dem Gemeindefriedhof. 3339 gefallene Deutsche sind auf dem Soldatenfriedhof beigesetzt. 1915 von der Truppe angelegt, als die K\u00e4mpfe um den Argonnenwald und die H\u00fcgelkette in der &#8222;wei\u00dfen Champagne&#8220; ihren ersten H\u00f6hepunkt erreichte. Zun\u00e4chst handelte es sich um Verwundete die in den Lazaretten in Monthois gestorben waren. Das Denkmal schufen in der Truppe dienende Bildhauer und Steinmetze f\u00fcr ihre gefallenen Kameraden. Franz\u00f6sische Milit\u00e4rbeh\u00f6rden erweiterten den Friedhof nach Kriegsende durch Gefallene aus provisorischen Grablagen\u00a0 im Bereich von 14 Gemeinden, zumeist aus dem Westrand der Argonnen. Seit 1973 ist der Volksbund g\u00e4rtnerisch im Einsatz, 1980 wechselte er die Holzkreuze gegen welche aus Metall aus. Von den 991 Toten im Kameradengrab sind nur 72 Namen bekannt.&#8220;<\/em><\/p>\n<p>&nbsp;<\/p>\n","protected":false},"excerpt":{"rendered":"<p>&nbsp; 08400 Monthois Archivbild von Thomas Potsdamer-Ehrenmale.de Reisebericht von Hubert M. &#8211; 2009 Der Friedhof in Monthois befindet sich 9 km s\u00fcdl. von Vouziers, hier ruhen viele Angeh\u00f6riger der 28. aktiven und Reserve-Infanterie-Division bestattet. Es sind die Toten aus 11 &hellip; <a href=\"http:\/\/www.denkfried.de\/wp\/?page_id=10083\">Weiterlesen <span class=\"meta-nav\">&rarr;<\/span><\/a><\/p>\n","protected":false},"author":2,"featured_media":0,"parent":8212,"menu_order":0,"comment_status":"closed","ping_status":"open","template":"","meta":{"footnotes":""},"class_list":["post-10083","page","type-page","status-publish","hentry"],"_links":{"self":[{"href":"http:\/\/www.denkfried.de\/wp\/index.php?rest_route=\/wp\/v2\/pages\/10083","targetHints":{"allow":["GET"]}}],"collection":[{"href":"http:\/\/www.denkfried.de\/wp\/index.php?rest_route=\/wp\/v2\/pages"}],"about":[{"href":"http:\/\/www.denkfried.de\/wp\/index.php?rest_route=\/wp\/v2\/types\/page"}],"author":[{"embeddable":true,"href":"http:\/\/www.denkfried.de\/wp\/index.php?rest_route=\/wp\/v2\/users\/2"}],"replies":[{"embeddable":true,"href":"http:\/\/www.denkfried.de\/wp\/index.php?rest_route=%2Fwp%2Fv2%2Fcomments&post=10083"}],"version-history":[{"count":7,"href":"http:\/\/www.denkfried.de\/wp\/index.php?rest_route=\/wp\/v2\/pages\/10083\/revisions"}],"predecessor-version":[{"id":27728,"href":"http:\/\/www.denkfried.de\/wp\/index.php?rest_route=\/wp\/v2\/pages\/10083\/revisions\/27728"}],"up":[{"embeddable":true,"href":"http:\/\/www.denkfried.de\/wp\/index.php?rest_route=\/wp\/v2\/pages\/8212"}],"wp:attachment":[{"href":"http:\/\/www.denkfried.de\/wp\/index.php?rest_route=%2Fwp%2Fv2%2Fmedia&parent=10083"}],"curies":[{"name":"wp","href":"https:\/\/api.w.org\/{rel}","templated":true}]}}